{"id":3844,"date":"2024-08-05T09:41:41","date_gmt":"2024-08-05T09:41:41","guid":{"rendered":"https:\/\/akademy.k-dental.fr\/packs-etudiant\/"},"modified":"2025-09-01T22:38:31","modified_gmt":"2025-09-01T22:38:31","slug":"packs-etudiant","status":"publish","type":"page","link":"https:\/\/akademy.k-dental.fr\/fr\/packs-etudiant\/","title":{"rendered":"Packs \u00c9tudiant"},"content":{"rendered":"\t\t\t\t<div id=\"wd-47cb792a\" class=\"wd-cats-element  wd-47cb792a\">\n\t\t\t\t\t<div class=\"products  wd-grid-g wd-products-with-bg wd-cats elements-grid columns-2\" style=\"--wd-col-lg:2;--wd-col-md:2;--wd-col-sm:2;--wd-gap-lg:20px;--wd-gap-sm:10px;\">\n\t\t\t\t\t\n<div class=\"wd-col wd-cat cat-design-side without-product-count wd-with-subcat product-category product first\" data-loop=\"1\">\n\t\t\t<div class=\"wd-cat-wrap\">\n\t\n\t<div class=\"wd-cat-inner\">\n\t\t<a class=\"wd-fill\" href=\"https:\/\/akademy.k-dental.fr\/fr\/categorie-produit\/pack-etudiants\/ufp-fr\/\" aria-label=\"Faculdade de Medicina Dent\u00e1ria da Universidade Fernando Pessoa\"><\/a>\n\t\t<div class=\"wd-cat-thumb\">\n\t\t\t\t\t\t<div class=\"wd-cat-image\">\n\t\t\t\t\n\t\t\t\t<img loading=\"lazy\" decoding=\"async\" width=\"600\" height=\"600\" src=\"https:\/\/i0.wp.com\/akademy.k-dental.fr\/wp-content\/uploads\/2025\/05\/vg-category-faculty-ufp.jpg?resize=600%2C600&amp;ssl=1\" class=\"attachment-woocommerce_thumbnail size-woocommerce_thumbnail\" alt=\"\" srcset=\"https:\/\/i0.wp.com\/akademy.k-dental.fr\/wp-content\/uploads\/2025\/05\/vg-category-faculty-ufp.jpg?resize=150%2C150&amp;ssl=1 150w, https:\/\/i0.wp.com\/akademy.k-dental.fr\/wp-content\/uploads\/2025\/05\/vg-category-faculty-ufp.jpg?resize=600%2C600&amp;ssl=1 600w, https:\/\/i0.wp.com\/akademy.k-dental.fr\/wp-content\/uploads\/2025\/05\/vg-category-faculty-ufp.jpg?resize=45%2C45&amp;ssl=1 45w\" sizes=\"auto, (max-width: 600px) 100vw, 600px\" \/>\t\t\t<\/div>\n\t\t<\/div>\n\t\t<div class=\"wd-cat-content\">\n\t\t\t<div class=\"wd-cat-header\">\n\t\t\t\t<h3 class=\"wd-entities-title\">\n\t\t\t\t\t<a href=\"https:\/\/akademy.k-dental.fr\/fr\/categorie-produit\/pack-etudiants\/ufp-fr\/\">\n\t\t\t\t\t\tFaculdade de Medicina Dent\u00e1ria da Universidade Fernando Pessoa\t\t\t\t\t<\/a>\n\t\t\t\t<\/h3>\n\n\t\t\t\t\t\t\t<\/div>\n\n\t\t\t\t\t\t\t<ul class=\"wd-cat-footer wd-cat-sub-menu wd-sub-menu\">\n\t\t\t\t\t\t\t\t\t\t\t<li>\n\t\t\t\t\t\t\t<a href=\"https:\/\/akademy.k-dental.fr\/fr\/categorie-produit\/pack-etudiants\/ufp-fr\/2-ufp-fr\/\">\n\t\t\t\t\t\t\t\t2\u00ba UFP\t\t\t\t\t\t\t<\/a>\n\t\t\t\t\t\t<\/li>\n\t\t\t\t\t\t\t\t\t\t\t<li>\n\t\t\t\t\t\t\t<a href=\"https:\/\/akademy.k-dental.fr\/fr\/categorie-produit\/pack-etudiants\/ufp-fr\/3-ufp-fr\/\">\n\t\t\t\t\t\t\t\t3\u00b0 UFP\t\t\t\t\t\t\t<\/a>\n\t\t\t\t\t\t<\/li>\n\t\t\t\t\t\t\t\t\t\t\t<li>\n\t\t\t\t\t\t\t<a href=\"https:\/\/akademy.k-dental.fr\/fr\/categorie-produit\/pack-etudiants\/ufp-fr\/4-ufp-fr\/\">\n\t\t\t\t\t\t\t\t4\u00b0 UFP\t\t\t\t\t\t\t<\/a>\n\t\t\t\t\t\t<\/li>\n\t\t\t\t\t\t\t\t\t\t\t<li>\n\t\t\t\t\t\t\t<a href=\"https:\/\/akademy.k-dental.fr\/fr\/categorie-produit\/pack-etudiants\/ufp-fr\/5-ufp-fr\/\">\n\t\t\t\t\t\t\t\t5\u00b0 UFP\t\t\t\t\t\t\t<\/a>\n\t\t\t\t\t\t<\/li>\n\t\t\t\t\t\t\t\t\t<\/ul>\n\t\t\t\t\t<\/div>\n\t<\/div>\n\n\t\t\t<\/div>\n\t<\/div>\n\n<div class=\"wd-col wd-cat cat-design-side without-product-count wd-with-subcat product-category product\" data-loop=\"2\">\n\t\t\t<div class=\"wd-cat-wrap\">\n\t\n\t<div class=\"wd-cat-inner\">\n\t\t<a class=\"wd-fill\" href=\"https:\/\/akademy.k-dental.fr\/fr\/categorie-produit\/pack-etudiants\/fmdul-fr\/\" aria-label=\"Faculdade de Medicina Dent\u00e1ria da Universidade de Lisboa\"><\/a>\n\t\t<div class=\"wd-cat-thumb\">\n\t\t\t\t\t\t<div class=\"wd-cat-image\">\n\t\t\t\t\n\t\t\t\t<img loading=\"lazy\" decoding=\"async\" width=\"600\" height=\"600\" src=\"https:\/\/i0.wp.com\/akademy.k-dental.fr\/wp-content\/uploads\/2025\/02\/vg-subcategory-faculty-fmdul.jpg?resize=600%2C600&amp;ssl=1\" class=\"attachment-woocommerce_thumbnail size-woocommerce_thumbnail\" alt=\"\" srcset=\"https:\/\/i0.wp.com\/akademy.k-dental.fr\/wp-content\/uploads\/2025\/02\/vg-subcategory-faculty-fmdul.jpg?resize=600%2C600&amp;ssl=1 600w, https:\/\/i0.wp.com\/akademy.k-dental.fr\/wp-content\/uploads\/2025\/02\/vg-subcategory-faculty-fmdul.jpg?resize=150%2C150&amp;ssl=1 150w\" sizes=\"auto, (max-width: 600px) 100vw, 600px\" \/>\t\t\t<\/div>\n\t\t<\/div>\n\t\t<div class=\"wd-cat-content\">\n\t\t\t<div class=\"wd-cat-header\">\n\t\t\t\t<h3 class=\"wd-entities-title\">\n\t\t\t\t\t<a href=\"https:\/\/akademy.k-dental.fr\/fr\/categorie-produit\/pack-etudiants\/fmdul-fr\/\">\n\t\t\t\t\t\tFaculdade de Medicina Dent\u00e1ria da Universidade de Lisboa\t\t\t\t\t<\/a>\n\t\t\t\t<\/h3>\n\n\t\t\t\t\t\t\t<\/div>\n\n\t\t\t\t\t<\/div>\n\t<\/div>\n\n\t\t\t<\/div>\n\t<\/div>\n\n<div class=\"wd-col wd-cat cat-design-side without-product-count wd-with-subcat product-category product\" data-loop=\"3\">\n\t\t\t<div class=\"wd-cat-wrap\">\n\t\n\t<div class=\"wd-cat-inner\">\n\t\t<a class=\"wd-fill\" href=\"https:\/\/akademy.k-dental.fr\/fr\/categorie-produit\/pack-etudiants\/fmdup-fr\/\" aria-label=\"Faculdade de Medicina Dent\u00e1ria da Universidade do Porto\"><\/a>\n\t\t<div class=\"wd-cat-thumb\">\n\t\t\t\t\t\t<div class=\"wd-cat-image\">\n\t\t\t\t\n\t\t\t\t<img loading=\"lazy\" decoding=\"async\" width=\"600\" height=\"600\" src=\"https:\/\/i0.wp.com\/akademy.k-dental.fr\/wp-content\/uploads\/2025\/02\/vg-subcategory-faculty-fmdup.jpg?resize=600%2C600&amp;ssl=1\" class=\"attachment-woocommerce_thumbnail size-woocommerce_thumbnail\" alt=\"\" srcset=\"https:\/\/i0.wp.com\/akademy.k-dental.fr\/wp-content\/uploads\/2025\/02\/vg-subcategory-faculty-fmdup.jpg?resize=600%2C600&amp;ssl=1 600w, https:\/\/i0.wp.com\/akademy.k-dental.fr\/wp-content\/uploads\/2025\/02\/vg-subcategory-faculty-fmdup.jpg?resize=150%2C150&amp;ssl=1 150w, https:\/\/i0.wp.com\/akademy.k-dental.fr\/wp-content\/uploads\/2025\/02\/vg-subcategory-faculty-fmdup.jpg?resize=45%2C45&amp;ssl=1 45w\" sizes=\"auto, (max-width: 600px) 100vw, 600px\" \/>\t\t\t<\/div>\n\t\t<\/div>\n\t\t<div class=\"wd-cat-content\">\n\t\t\t<div class=\"wd-cat-header\">\n\t\t\t\t<h3 class=\"wd-entities-title\">\n\t\t\t\t\t<a href=\"https:\/\/akademy.k-dental.fr\/fr\/categorie-produit\/pack-etudiants\/fmdup-fr\/\">\n\t\t\t\t\t\tFaculdade de Medicina Dent\u00e1ria da Universidade do Porto\t\t\t\t\t<\/a>\n\t\t\t\t<\/h3>\n\n\t\t\t\t\t\t\t<\/div>\n\n\t\t\t\t\t\t\t<ul class=\"wd-cat-footer wd-cat-sub-menu wd-sub-menu\">\n\t\t\t\t\t\t\t\t\t\t\t<li>\n\t\t\t\t\t\t\t<a href=\"https:\/\/akademy.k-dental.fr\/fr\/categorie-produit\/pack-etudiants\/fmdup-fr\/3-fmdup-fr\/\">\n\t\t\t\t\t\t\t\t3\u00b0 FMDUP\t\t\t\t\t\t\t<\/a>\n\t\t\t\t\t\t<\/li>\n\t\t\t\t\t\t\t\t\t<\/ul>\n\t\t\t\t\t<\/div>\n\t<\/div>\n\n\t\t\t<\/div>\n\t<\/div>\n\n<div class=\"wd-col wd-cat cat-design-side without-product-count wd-with-subcat product-category product last\" data-loop=\"4\">\n\t\t\t<div class=\"wd-cat-wrap\">\n\t\n\t<div class=\"wd-cat-inner\">\n\t\t<a class=\"wd-fill\" href=\"https:\/\/akademy.k-dental.fr\/fr\/categorie-produit\/pack-etudiants\/fmuc-fr\/\" aria-label=\"Faculdade de Medicina Universidade de Coimbra\"><\/a>\n\t\t<div class=\"wd-cat-thumb\">\n\t\t\t\t\t\t<div class=\"wd-cat-image\">\n\t\t\t\t\n\t\t\t\t<img loading=\"lazy\" decoding=\"async\" width=\"600\" height=\"600\" src=\"https:\/\/i0.wp.com\/akademy.k-dental.fr\/wp-content\/uploads\/2025\/05\/vg-subcategory-faculty-fmuc.jpg?resize=600%2C600&amp;ssl=1\" class=\"attachment-woocommerce_thumbnail size-woocommerce_thumbnail\" alt=\"\" srcset=\"https:\/\/i0.wp.com\/akademy.k-dental.fr\/wp-content\/uploads\/2025\/05\/vg-subcategory-faculty-fmuc.jpg?resize=150%2C150&amp;ssl=1 150w, https:\/\/i0.wp.com\/akademy.k-dental.fr\/wp-content\/uploads\/2025\/05\/vg-subcategory-faculty-fmuc.jpg?resize=600%2C600&amp;ssl=1 600w, https:\/\/i0.wp.com\/akademy.k-dental.fr\/wp-content\/uploads\/2025\/05\/vg-subcategory-faculty-fmuc.jpg?resize=45%2C45&amp;ssl=1 45w\" sizes=\"auto, (max-width: 600px) 100vw, 600px\" \/>\t\t\t<\/div>\n\t\t<\/div>\n\t\t<div class=\"wd-cat-content\">\n\t\t\t<div class=\"wd-cat-header\">\n\t\t\t\t<h3 class=\"wd-entities-title\">\n\t\t\t\t\t<a href=\"https:\/\/akademy.k-dental.fr\/fr\/categorie-produit\/pack-etudiants\/fmuc-fr\/\">\n\t\t\t\t\t\tFaculdade de Medicina Universidade de Coimbra\t\t\t\t\t<\/a>\n\t\t\t\t<\/h3>\n\n\t\t\t\t\t\t\t<\/div>\n\n\t\t\t\t\t<\/div>\n\t<\/div>\n\n\t\t\t<\/div>\n\t<\/div>\n\n<div class=\"wd-col wd-cat cat-design-side without-product-count wd-with-subcat product-category product first\" data-loop=\"5\">\n\t\t\t<div class=\"wd-cat-wrap\">\n\t\n\t<div class=\"wd-cat-inner\">\n\t\t<a class=\"wd-fill\" href=\"https:\/\/akademy.k-dental.fr\/fr\/categorie-produit\/pack-etudiants\/cespu-fr\/\" aria-label=\"Instituto Universit\u00e1rio de Ci\u00eancias da Sa\u00fade da CESPU\"><\/a>\n\t\t<div class=\"wd-cat-thumb\">\n\t\t\t\t\t\t<div class=\"wd-cat-image\">\n\t\t\t\t\n\t\t\t\t<img loading=\"lazy\" decoding=\"async\" width=\"600\" height=\"600\" src=\"https:\/\/i0.wp.com\/akademy.k-dental.fr\/wp-content\/uploads\/2025\/02\/vg-subcategory-faculty-cespu.jpg?resize=600%2C600&amp;ssl=1\" class=\"attachment-woocommerce_thumbnail size-woocommerce_thumbnail\" alt=\"\" srcset=\"https:\/\/i0.wp.com\/akademy.k-dental.fr\/wp-content\/uploads\/2025\/02\/vg-subcategory-faculty-cespu.jpg?resize=600%2C600&amp;ssl=1 600w, https:\/\/i0.wp.com\/akademy.k-dental.fr\/wp-content\/uploads\/2025\/02\/vg-subcategory-faculty-cespu.jpg?resize=150%2C150&amp;ssl=1 150w, https:\/\/i0.wp.com\/akademy.k-dental.fr\/wp-content\/uploads\/2025\/02\/vg-subcategory-faculty-cespu.jpg?resize=45%2C45&amp;ssl=1 45w\" sizes=\"auto, (max-width: 600px) 100vw, 600px\" \/>\t\t\t<\/div>\n\t\t<\/div>\n\t\t<div class=\"wd-cat-content\">\n\t\t\t<div class=\"wd-cat-header\">\n\t\t\t\t<h3 class=\"wd-entities-title\">\n\t\t\t\t\t<a href=\"https:\/\/akademy.k-dental.fr\/fr\/categorie-produit\/pack-etudiants\/cespu-fr\/\">\n\t\t\t\t\t\tInstituto Universit\u00e1rio de Ci\u00eancias da Sa\u00fade da CESPU\t\t\t\t\t<\/a>\n\t\t\t\t<\/h3>\n\n\t\t\t\t\t\t\t<\/div>\n\n\t\t\t\t\t<\/div>\n\t<\/div>\n\n\t\t\t<\/div>\n\t<\/div>\n\t\t\t\t\t<\/div>\n\t\t\t\t<\/div>\n\t\t\t\t","protected":false},"excerpt":{"rendered":"","protected":false},"author":1,"featured_media":0,"parent":0,"menu_order":0,"comment_status":"closed","ping_status":"closed","template":"","meta":{"footnotes":""},"class_list":["post-3844","page","type-page","status-publish","hentry"],"jetpack_sharing_enabled":true,"_links":{"self":[{"href":"https:\/\/akademy.k-dental.fr\/fr\/wp-json\/wp\/v2\/pages\/3844","targetHints":{"allow":["GET"]}}],"collection":[{"href":"https:\/\/akademy.k-dental.fr\/fr\/wp-json\/wp\/v2\/pages"}],"about":[{"href":"https:\/\/akademy.k-dental.fr\/fr\/wp-json\/wp\/v2\/types\/page"}],"author":[{"embeddable":true,"href":"https:\/\/akademy.k-dental.fr\/fr\/wp-json\/wp\/v2\/users\/1"}],"replies":[{"embeddable":true,"href":"https:\/\/akademy.k-dental.fr\/fr\/wp-json\/wp\/v2\/comments?post=3844"}],"version-history":[{"count":1,"href":"https:\/\/akademy.k-dental.fr\/fr\/wp-json\/wp\/v2\/pages\/3844\/revisions"}],"predecessor-version":[{"id":3845,"href":"https:\/\/akademy.k-dental.fr\/fr\/wp-json\/wp\/v2\/pages\/3844\/revisions\/3845"}],"wp:attachment":[{"href":"https:\/\/akademy.k-dental.fr\/fr\/wp-json\/wp\/v2\/media?parent=3844"}],"curies":[{"name":"wp","href":"https:\/\/api.w.org\/{rel}","templated":true}]}}