{"id":4025,"date":"2024-08-05T09:41:27","date_gmt":"2024-08-05T09:41:27","guid":{"rendered":"https:\/\/akademy.k-dental.fr\/livraison\/"},"modified":"2025-09-02T12:33:07","modified_gmt":"2025-09-02T12:33:07","slug":"livraison","status":"publish","type":"page","link":"https:\/\/akademy.k-dental.fr\/fr\/livraison\/","title":{"rendered":"Livraison"},"content":{"rendered":"\n<div id=\"wd-d5c637e2\" class=\"wp-block-wd-container wd-dir-col\">\n<h2 id=\"wd-a2cbe3c2\" class=\"wp-block-wd-title title\">Aper\u00e7u des options de livraison<\/h2>\n\n\n\n<p id=\"wd-959c836c\" class=\"wp-block-wd-paragraph\">Kdental Akademy propose des modes de livraison adapt\u00e9s \u00e0 chaque besoin. Qu\u2019il s\u2019agisse d\u2019une option \u00e9conomique, particuli\u00e8rement fiable et s\u00e9curis\u00e9e gr\u00e2ce \u00e0 un transporteur sp\u00e9cialement form\u00e9. Vous avez \u00e9galement la possibilit\u00e9 de retirer votre commande directement dans notre boutique partenaire si vous le souhaitez. Sur cette page, vous trouverez un aper\u00e7u de tous les modes de livraison disponibles.   <\/p>\n\n\n\n<div id=\"wd-420f4b4e\" class=\"wp-block-wd-row\">\n<div id=\"wd-043972d0\" class=\"wp-block-wd-column wd-align-is-lg-center\">\n<p id=\"wd-d52ab6bc\" class=\"wp-block-wd-paragraph wd-align\">1. Commandez le produit et choisissez le mode de livraison<\/p>\n\n\n\n<div id=\"wd-8f7f2215\" class=\"wp-block-wd-image wd-block-image\"><img loading=\"lazy\" decoding=\"async\" width=\"128\" height=\"128\" class=\" wd-lazy-fade wp-image-2068\" src=\"https:\/\/akademy.k-dental.fr\/wp-content\/themes\/woodmart\/images\/lazy.svg\" data-src=\"https:\/\/akademy.k-dental.fr\/wp-content\/uploads\/2025\/07\/vg-delivery-img-icon-1.svg\" alt=\"\"\/><\/div>\n<\/div>\n\n\n\n<div id=\"wd-c55be48f\" class=\"wp-block-wd-column wd-align-is-lg-center\">\n<p id=\"wd-8e3a7865\" class=\"wp-block-wd-paragraph wd-align\">2. Vous recevrez une confirmation de commande<\/p>\n\n\n\n<div id=\"wd-067eb23b\" class=\"wp-block-wd-image wd-block-image\"><img loading=\"lazy\" decoding=\"async\" width=\"128\" height=\"128\" class=\" wd-lazy-fade wp-image-2064\" src=\"https:\/\/akademy.k-dental.fr\/wp-content\/themes\/woodmart\/images\/lazy.svg\" data-src=\"https:\/\/akademy.k-dental.fr\/wp-content\/uploads\/2025\/07\/vg-delivery-img-icon-2.svg\" alt=\"\"\/><\/div>\n<\/div>\n\n\n\n<div id=\"wd-ee32c89a\" class=\"wp-block-wd-column wd-align-is-lg-center\">\n<p id=\"wd-1c15abd7\" class=\"wp-block-wd-paragraph wd-align\">3. Attendez la livraison de votre commande<\/p>\n\n\n\n<div id=\"wd-4d1af844\" class=\"wp-block-wd-image wd-block-image\"><img loading=\"lazy\" decoding=\"async\" width=\"128\" height=\"128\" class=\" wd-lazy-fade wp-image-2060\" src=\"https:\/\/akademy.k-dental.fr\/wp-content\/themes\/woodmart\/images\/lazy.svg\" data-src=\"https:\/\/akademy.k-dental.fr\/wp-content\/uploads\/2025\/07\/vg-delivery-img-icon-3.svg\" alt=\"\"\/><\/div>\n<\/div>\n\n\n\n<div id=\"wd-75a5decb\" class=\"wp-block-wd-column wd-align-is-lg-center\">\n<p id=\"wd-a71b852b\" class=\"wp-block-wd-paragraph wd-align\">4. Pick up Your Order at The Checkout Area<\/p>\n\n\n\n<div id=\"wd-f318fb37\" class=\"wp-block-wd-image wd-block-image\"><img loading=\"lazy\" decoding=\"async\" width=\"128\" height=\"128\" class=\" wd-lazy-fade wp-image-2056\" src=\"https:\/\/akademy.k-dental.fr\/wp-content\/themes\/woodmart\/images\/lazy.svg\" data-src=\"https:\/\/akademy.k-dental.fr\/wp-content\/uploads\/2025\/07\/vg-delivery-img-icon-4.svg\" alt=\"\"\/><\/div>\n<\/div>\n<\/div>\n<\/div>\n\n<div id=\"wd-0d2d2dc8\" class=\"wp-block-wd-container wd-dir-col\">\n<h2 id=\"wd-020c872e\" class=\"wp-block-wd-title title\">\u00c9change ou retour de marchandises<\/h2>\n\n\n\n<p id=\"wd-c478be86\" class=\"wp-block-wd-paragraph\">Vous avez le droit de retourner tout produit dans un d\u00e9lai de <strong>14 jours<\/strong> apr\u00e8s r\u00e9ception de votre commande, \u00e0 condition qu\u2019il soit dans <strong>son \u00e9tat et son emballage d\u2019origine.<\/strong><\/p>\n\n\n\n<ul class=\"wp-block-list has-small-font-size\">\n<li style=\"font-size:14px\">Les produits achet\u00e9s <strong>en promotion ou avec un code de r\u00e9duction<\/strong> ne sont <strong>pas \u00e9ligibles au retour ou \u00e0 l\u2019\u00e9change.<\/strong><\/li>\n\n\n\n<li style=\"font-size:14px\">Les articles doivent \u00eatre complets (y compris tous les accessoires, manuels et emballages).<\/li>\n\n\n\n<li style=\"font-size:14px\">Une preuve d\u2019achat est requise pour tout retour.<\/li>\n<\/ul>\n\n\n\n<p>Une fois l\u2019article retourn\u00e9 re\u00e7u et inspect\u00e9, nous proc\u00e9derons au remboursement dans les d\u00e9lais l\u00e9gaux.<br\/>Veuillez noter que les frais de retour sont \u00e0 la charge du client, sauf si le produit \u00e9tait d\u00e9fectueux ou incorrect.<\/p>\n<\/div>\n\n<div id=\"wd-da4fb822\" class=\"wp-block-wd-container wd-dir-col wd-hide-lg wd-hide-md-sm wd-hide-sm\">\n<h2 id=\"wd-bf9224c0\" class=\"wp-block-wd-title title\">FAQs<\/h2>\n\n\n\n<div id=\"wd-3766aaa8\" class=\"wp-block-wd-accordion wd-accordion wd-style-default wd-titles-start wd-opener-style-arrow wd-opener-pos-end\" data-state=\"first\">\n<div id=\"wd-aef9a1ce\" class=\"wp-block-wd-accordion-pane wd-accordion-item\"><div class=\"wd-accordion-title wd-active\"><div class=\"wd-accordion-title-text\"><span>My order hasn&rsquo;t arrived yet. Where is it? <\/span><\/div><span class=\"wd-accordion-opener\"><\/span><\/div><div class=\"wd-accordion-content wd-active\"><div class=\"wd-accordion-content-inner\">\n<p id=\"wd-44e7259f\" class=\"wp-block-wd-paragraph\">A client that&rsquo;s unhappy for a reason is a problem, a client that&rsquo;s unhappy though he or her can&rsquo;t quite put a finger on it is worse. Il est probable qu\u2019il n\u2019y ait pas eu de collaboration, de communication ni d\u2019\u00e9tapes de validation \u2014 aucun processus d\u00e9fini avec la pr\u00e9cision n\u00e9cessaire.<\/p>\n\n\n\n<p id=\"wd-87537fe9\" class=\"wp-block-wd-paragraph\">La strat\u00e9gie de contenu a mal tourn\u00e9 d\u00e8s le d\u00e9part. Renoncer au Lorem Ipsum n\u2019aurait rien chang\u00e9, et n\u2019aidera pas davantage maintenant. Ce n\u2019est pas une question de gras ou d\u2019italique \u2014 c\u2019est une question de clart\u00e9. Il faut plus qu\u2019un bon design pour remettre les choses sur les rails.<\/p>\n<\/div><\/div><\/div>\n\n\n\n<div id=\"wd-0782b3db\" class=\"wp-block-wd-accordion-pane wd-accordion-item\"><div class=\"wd-accordion-title\"><div class=\"wd-accordion-title-text\"><span>Do you deliver on public holidays?<\/span><\/div><span class=\"wd-accordion-opener\"><\/span><\/div><div class=\"wd-accordion-content\"><div class=\"wd-accordion-content-inner\">\n<p id=\"wd-479d3c06\" class=\"wp-block-wd-paragraph\">If that&rsquo;s what you think how bout the other way around? How can you evaluate content without design? No typography, no colors, no layout, no styles, all those things that convey the important signals that go beyond the mere textual, hierarchies of information, weight, emphasis, oblique stresses, priorities, all those subtle cues that also have visual and emotional appeal to the reader. Rigid proponents of content strategy may shun the use of dummy copy but then designers might want to ask them to provide style sheets with the copy decks they supply that are in tune with the design direction they require.   <\/p>\n<\/div><\/div><\/div>\n\n\n\n<div id=\"wd-878524e9\" class=\"wp-block-wd-accordion-pane wd-accordion-item\"><div class=\"wd-accordion-title\"><div class=\"wd-accordion-title-text\"><span>Do you deliver to my postcode?<\/span><\/div><span class=\"wd-accordion-opener\"><\/span><\/div><div class=\"wd-accordion-content\"><div class=\"wd-accordion-content-inner\">\n<p id=\"wd-e3ed12ce\" class=\"wp-block-wd-paragraph\">A client that&rsquo;s unhappy for a reason is a problem, a client that&rsquo;s unhappy though he or her can&rsquo;t quite put a finger on it is worse. Il est probable qu\u2019il n\u2019y ait pas eu de collaboration, de communication ni d\u2019\u00e9tapes de validation \u2014 aucun processus d\u00e9fini avec la pr\u00e9cision n\u00e9cessaire.<\/p>\n\n\n\n<p id=\"wd-c78ddbff\" class=\"wp-block-wd-paragraph\">La strat\u00e9gie de contenu a mal tourn\u00e9 d\u00e8s le d\u00e9part. Renoncer au Lorem Ipsum n\u2019aurait rien chang\u00e9, et n\u2019aidera pas davantage maintenant. Ce n\u2019est pas une question de gras ou d\u2019italique \u2014 c\u2019est une question de clart\u00e9. Il faut plus qu\u2019un bon design pour remettre les choses sur les rails.<\/p>\n<\/div><\/div><\/div>\n\n\n\n<div id=\"wd-9ad75609\" class=\"wp-block-wd-accordion-pane wd-accordion-item\"><div class=\"wd-accordion-title\"><div class=\"wd-accordion-title-text\"><span>Is next-day delivery available on all orders?<\/span><\/div><span class=\"wd-accordion-opener\"><\/span><\/div><div class=\"wd-accordion-content\"><div class=\"wd-accordion-content-inner\">\n<p id=\"wd-51a59bbc\" class=\"wp-block-wd-paragraph\">If that&rsquo;s what you think how bout the other way around? How can you evaluate content without design? No typography, no colors, no layout, no styles, all those things that convey the important signals that go beyond the mere textual, hierarchies of information, weight, emphasis, oblique stresses, priorities, all those subtle cues that also have visual and emotional appeal to the reader. Rigid proponents of content strategy may shun the use of dummy copy but then designers might want to ask them to provide style sheets with the copy decks they supply that are in tune with the design direction they require.   <\/p>\n<\/div><\/div><\/div>\n\n\n\n<div id=\"wd-6aa04449\" class=\"wp-block-wd-accordion-pane wd-accordion-item\"><div class=\"wd-accordion-title\"><div class=\"wd-accordion-title-text\"><span>Do I need to be there to sign for delivery?<\/span><\/div><span class=\"wd-accordion-opener\"><\/span><\/div><div class=\"wd-accordion-content\"><div class=\"wd-accordion-content-inner\">\n<p id=\"wd-f6d9fc6f\" class=\"wp-block-wd-paragraph\">A client that&rsquo;s unhappy for a reason is a problem, a client that&rsquo;s unhappy though he or her can&rsquo;t quite put a finger on it is worse. Il est probable qu\u2019il n\u2019y ait pas eu de collaboration, de communication ni d\u2019\u00e9tapes de validation \u2014 aucun processus d\u00e9fini avec la pr\u00e9cision n\u00e9cessaire.<\/p>\n\n\n\n<p id=\"wd-d7b2d66a\" class=\"wp-block-wd-paragraph\">La strat\u00e9gie de contenu a mal tourn\u00e9 d\u00e8s le d\u00e9part. Renoncer au Lorem Ipsum n\u2019aurait rien chang\u00e9, et n\u2019aidera pas davantage maintenant. Ce n\u2019est pas une question de gras ou d\u2019italique \u2014 c\u2019est une question de clart\u00e9. Il faut plus qu\u2019un bon design pour remettre les choses sur les rails.<\/p>\n<\/div><\/div><\/div>\n<\/div>\n<\/div>\n","protected":false},"excerpt":{"rendered":"","protected":false},"author":1,"featured_media":0,"parent":0,"menu_order":0,"comment_status":"closed","ping_status":"closed","template":"","meta":{"footnotes":""},"class_list":["post-4025","page","type-page","status-publish","hentry"],"jetpack_sharing_enabled":true,"_links":{"self":[{"href":"https:\/\/akademy.k-dental.fr\/fr\/wp-json\/wp\/v2\/pages\/4025","targetHints":{"allow":["GET"]}}],"collection":[{"href":"https:\/\/akademy.k-dental.fr\/fr\/wp-json\/wp\/v2\/pages"}],"about":[{"href":"https:\/\/akademy.k-dental.fr\/fr\/wp-json\/wp\/v2\/types\/page"}],"author":[{"embeddable":true,"href":"https:\/\/akademy.k-dental.fr\/fr\/wp-json\/wp\/v2\/users\/1"}],"replies":[{"embeddable":true,"href":"https:\/\/akademy.k-dental.fr\/fr\/wp-json\/wp\/v2\/comments?post=4025"}],"version-history":[{"count":1,"href":"https:\/\/akademy.k-dental.fr\/fr\/wp-json\/wp\/v2\/pages\/4025\/revisions"}],"predecessor-version":[{"id":4026,"href":"https:\/\/akademy.k-dental.fr\/fr\/wp-json\/wp\/v2\/pages\/4025\/revisions\/4026"}],"wp:attachment":[{"href":"https:\/\/akademy.k-dental.fr\/fr\/wp-json\/wp\/v2\/media?parent=4025"}],"curies":[{"name":"wp","href":"https:\/\/api.w.org\/{rel}","templated":true}]}}