{"id":5979,"date":"2025-09-03T18:27:34","date_gmt":"2025-09-03T18:27:34","guid":{"rendered":"https:\/\/akademy.k-dental.fr\/product\/modele-anatomique-ak6\/"},"modified":"2025-09-21T11:05:01","modified_gmt":"2025-09-21T11:05:01","slug":"modele-anatomique-ak6","status":"publish","type":"product","link":"https:\/\/akademy.k-dental.fr\/fr\/produit\/modele-anatomique-ak6\/","title":{"rendered":"AK6 Mod\u00e8le anatomique"},"content":{"rendered":"<p data-start=\"515\" data-end=\"848\"><strong data-start=\"515\" data-end=\"550\">Le mod\u00e8le dentaire p\u00e9diatrique AK-6<\/strong> est un typodonte anatomique de haute qualit\u00e9 con\u00e7u pour la formation dentaire ax\u00e9e sur les cas p\u00e9diatriques. Il reproduit une dentition d\u2019enfant compl\u00e8te avec <strong data-start=\"692\" data-end=\"726\">24 dents anatomiquement pr\u00e9cises<\/strong>, offrant une plate-forme r\u00e9aliste pour la pratique de la prophylaxie, de la dentisterie restauratrice et de la prosthodontie chez les jeunes patients. <\/p>\n<p data-start=\"850\" data-end=\"1214\">Fabriqu\u00e9 en plastique dur thermodurcissable durable, le mod\u00e8le assure une r\u00e9sistance \u00e0 une utilisation intensive. Son <strong data-start=\"945\" data-end=\"1001\">intercuspidation stable entre le maxillaire et la mandibule<\/strong> offre une occlusion r\u00e9aliste pendant les exercices, am\u00e9liorant ainsi la pr\u00e9cision de l\u2019entra\u00eenement. Le <strong data-start=\"1089\" data-end=\"1123\">syst\u00e8me de fixation par vis magn\u00e9tique<\/strong> garantit une fixation s\u00fbre tout en permettant une manipulation et un remplacement faciles des composants.  <\/p>\n<p data-start=\"1216\" data-end=\"1499\">Le mod\u00e8le AK-6 est fourni <strong data-start=\"1243\" data-end=\"1300\">avec des dents incluses et un tournevis<\/strong> pour une utilisation et un entretien appropri\u00e9s.<\/p>\n<p data-start=\"1501\" data-end=\"1541\">Attention : l\u2019articulateur et le connecteur de plate-forme de la t\u00eate d\u2019entra\u00eenement ne sont pas inclus.<\/p>\n","protected":false},"excerpt":{"rendered":"<p>Mod\u00e8le de dentition p\u00e9diatrique anatomiquement pr\u00e9cis avec 24 dents en plastique dur durable. Dispose d\u2019une fixation \u00e0 vis magn\u00e9tique, d\u2019une intercuspidation stable et est id\u00e9al pour la pratique de la prophylaxie p\u00e9diatrique, des techniques de restauration. <\/p>\n<p data-start=\"515\" data-end=\"848\"><strong data-start=\"515\" data-end=\"550\">Le mod\u00e8le dentaire p\u00e9diatrique AK-6<\/strong> est un typodonte anatomique de haute qualit\u00e9 con\u00e7u pour la formation dentaire ax\u00e9e sur les cas p\u00e9diatriques. Il reproduit une dentition d\u2019enfant compl\u00e8te avec <strong data-start=\"692\" data-end=\"726\">24 dents anatomiquement pr\u00e9cises<\/strong>, offrant une plate-forme r\u00e9aliste pour la pratique de la prophylaxie, de la dentisterie restauratrice et de la prosthodontie chez les jeunes patients. <\/p>\n<p data-start=\"850\" data-end=\"1214\">Fabriqu\u00e9 en plastique dur thermodurcissable durable, le mod\u00e8le assure une r\u00e9sistance \u00e0 une utilisation intensive. Son <strong data-start=\"945\" data-end=\"1001\">intercuspidation stable entre le maxillaire et la mandibule<\/strong> offre une occlusion r\u00e9aliste pendant les exercices, am\u00e9liorant ainsi la pr\u00e9cision de l\u2019entra\u00eenement. Le <strong data-start=\"1089\" data-end=\"1123\">syst\u00e8me de fixation par vis magn\u00e9tique<\/strong> garantit une fixation s\u00fbre tout en permettant une manipulation et un remplacement faciles des composants.  <\/p>\n<p data-start=\"1216\" data-end=\"1499\">Le mod\u00e8le AK-6 est fourni <strong data-start=\"1243\" data-end=\"1300\">avec des dents incluses, un tournevis et un manuel d\u2019utilisation<\/strong> pour faciliter l\u2019utilisation et l\u2019entretien. Il est enti\u00e8rement compatible avec les chefs de cabinet standard, ce qui en fait un outil essentiel pour les \u00e9coles dentaires et les centres de formation sp\u00e9cialis\u00e9s en dentisterie p\u00e9diatrique. <\/p>\n<p data-start=\"1501\" data-end=\"1541\">Attention : l\u2019articulateur n\u2019est pas inclus.<\/p>\n<p>Articulateur non inclus.<\/p>\n","protected":false},"featured_media":2533,"comment_status":"open","ping_status":"closed","template":"","meta":[],"product_brand":[],"product_cat":[332],"product_tag":[],"class_list":{"0":"post-5979","1":"product","2":"type-product","3":"status-publish","4":"has-post-thumbnail","6":"product_cat-modeles-anatomiques","7":"pa_faculty-lufp","9":"first","10":"outofstock","11":"shipping-taxable","12":"purchasable","13":"product-type-simple"},"bundled_by":["6601"],"bundle_stock_status":"outofstock","bundle_stock_quantity":0,"bundle_virtual":false,"bundle_layout":"","bundle_add_to_cart_form_location":"","bundle_editable_in_cart":false,"bundle_sold_individually_context":"","bundle_item_grouping":"","bundle_min_size":"","bundle_max_size":"","bundle_price":[],"bundled_items":[],"bundle_sell_ids":[],"supplier_id":null,"supplier_sku":"","barcode":null,"atum_controlled":true,"out_stock_date":"2025-11-18 11:21:57","out_stock_threshold":null,"inheritable":false,"inbound_stock":0,"stock_on_hold":0,"sold_today":0,"sales_last_days":0,"reserved_stock":0,"customer_returns":0,"warehouse_damage":0,"lost_in_post":0,"other_logs":0,"out_stock_days":173,"lost_sales":0,"has_location":false,"update_date":"2026-05-11T01:00:11","atum_locations":[],"atum_stock_status":"outofstock","restock_status":false,"low_stock_amount":"","sales_update_date":"2026-05-11T01:00:11","calc_backorders":null,"jetpack_sharing_enabled":true,"_links":{"self":[{"href":"https:\/\/akademy.k-dental.fr\/fr\/wp-json\/wp\/v2\/product\/5979","targetHints":{"allow":["GET"]}}],"collection":[{"href":"https:\/\/akademy.k-dental.fr\/fr\/wp-json\/wp\/v2\/product"}],"about":[{"href":"https:\/\/akademy.k-dental.fr\/fr\/wp-json\/wp\/v2\/types\/product"}],"replies":[{"embeddable":true,"href":"https:\/\/akademy.k-dental.fr\/fr\/wp-json\/wp\/v2\/comments?post=5979"}],"wp:featuredmedia":[{"embeddable":true,"href":"https:\/\/akademy.k-dental.fr\/fr\/wp-json\/wp\/v2\/media\/2533"}],"wp:attachment":[{"href":"https:\/\/akademy.k-dental.fr\/fr\/wp-json\/wp\/v2\/media?parent=5979"}],"wp:term":[{"taxonomy":"product_brand","embeddable":true,"href":"https:\/\/akademy.k-dental.fr\/fr\/wp-json\/wp\/v2\/product_brand?post=5979"},{"taxonomy":"product_cat","embeddable":true,"href":"https:\/\/akademy.k-dental.fr\/fr\/wp-json\/wp\/v2\/product_cat?post=5979"},{"taxonomy":"product_tag","embeddable":true,"href":"https:\/\/akademy.k-dental.fr\/fr\/wp-json\/wp\/v2\/product_tag?post=5979"}],"curies":[{"name":"wp","href":"https:\/\/api.w.org\/{rel}","templated":true}]}}