{"id":5983,"date":"2025-09-03T18:27:34","date_gmt":"2025-09-03T18:27:34","guid":{"rendered":"https:\/\/akademy.k-dental.fr\/product\/modele-anatomique-ag3\/"},"modified":"2026-03-08T14:35:51","modified_gmt":"2026-03-08T14:35:51","slug":"modele-anatomique-ag3","status":"publish","type":"product","link":"https:\/\/akademy.k-dental.fr\/fr\/produit\/modele-anatomique-ag3\/","title":{"rendered":"AG3 Mod\u00e8le anatomique"},"content":{"rendered":"<p data-start=\"123\" data-end=\"379\">Le mod\u00e8le dentaire AG3 est un mod\u00e8le anatomique durable con\u00e7u pour la formation et l\u2019enseignement dentaires. Il comporte 32 dents anatomiquement pr\u00e9cises en plastique dur thermodurcissable r\u00e9sistant, id\u00e9ales pour la pratique de la prophylaxie, des proc\u00e9dures de restauration et de la prosthodontie. <\/p>\n<p data-start=\"381\" data-end=\"588\">Le mod\u00e8le offre une intercuspidation stable entre le maxillaire et la mandibule pour une occlusion r\u00e9aliste. Son <strong data-start=\"480\" data-end=\"514\">syst\u00e8me de fixation par vis magn\u00e9tique<\/strong> assure une fixation s\u00fbre tout en permettant une manipulation et un remplacement faciles. <\/p>\n<p data-start=\"590\" data-end=\"737\">Compatible avec les t\u00eates de cabinet standard, ce mod\u00e8le est largement utilis\u00e9 dans les \u00e9coles dentaires et les centres de formation. Attention : l\u2019articulateur n\u2019est pas inclus. <\/p>\n","protected":false},"excerpt":{"rendered":"<p>Mod\u00e8le de dentition adulte anatomiquement pr\u00e9cis avec 32 dents en plastique dur durable. Dispose d\u2019une fixation \u00e0 vis magn\u00e9tique, d\u2019une intercuspidation stable et est id\u00e9al pour la pratique de la prophylaxie, des techniques de restauration et de la prosthodontie. Articulateur non inclus.  <\/p>\n","protected":false},"featured_media":2529,"comment_status":"open","ping_status":"closed","template":"","meta":[],"product_brand":[],"product_cat":[332],"product_tag":[],"class_list":{"0":"post-5983","1":"product","2":"type-product","3":"status-publish","4":"has-post-thumbnail","6":"product_cat-modeles-anatomiques","7":"pa_faculty-lufp","9":"first","10":"instock","11":"shipping-taxable","12":"purchasable","13":"product-type-simple"},"bundled_by":["8236"],"bundle_stock_status":"instock","bundle_stock_quantity":44,"bundle_virtual":false,"bundle_layout":"","bundle_add_to_cart_form_location":"","bundle_editable_in_cart":false,"bundle_sold_individually_context":"","bundle_item_grouping":"","bundle_min_size":"","bundle_max_size":"","bundle_price":[],"bundled_items":[],"bundle_sell_ids":[],"supplier_id":null,"supplier_sku":"","barcode":null,"atum_controlled":true,"out_stock_date":null,"out_stock_threshold":null,"inheritable":false,"inbound_stock":0,"stock_on_hold":0,"sold_today":0,"sales_last_days":0,"reserved_stock":0,"customer_returns":0,"warehouse_damage":0,"lost_in_post":0,"other_logs":0,"out_stock_days":0,"lost_sales":0,"has_location":false,"update_date":"2026-05-11T01:00:23","atum_locations":[],"atum_stock_status":"instock","restock_status":false,"low_stock_amount":"","sales_update_date":"2026-05-11T01:00:23","calc_backorders":null,"jetpack_sharing_enabled":true,"_links":{"self":[{"href":"https:\/\/akademy.k-dental.fr\/fr\/wp-json\/wp\/v2\/product\/5983","targetHints":{"allow":["GET"]}}],"collection":[{"href":"https:\/\/akademy.k-dental.fr\/fr\/wp-json\/wp\/v2\/product"}],"about":[{"href":"https:\/\/akademy.k-dental.fr\/fr\/wp-json\/wp\/v2\/types\/product"}],"replies":[{"embeddable":true,"href":"https:\/\/akademy.k-dental.fr\/fr\/wp-json\/wp\/v2\/comments?post=5983"}],"wp:featuredmedia":[{"embeddable":true,"href":"https:\/\/akademy.k-dental.fr\/fr\/wp-json\/wp\/v2\/media\/2529"}],"wp:attachment":[{"href":"https:\/\/akademy.k-dental.fr\/fr\/wp-json\/wp\/v2\/media?parent=5983"}],"wp:term":[{"taxonomy":"product_brand","embeddable":true,"href":"https:\/\/akademy.k-dental.fr\/fr\/wp-json\/wp\/v2\/product_brand?post=5983"},{"taxonomy":"product_cat","embeddable":true,"href":"https:\/\/akademy.k-dental.fr\/fr\/wp-json\/wp\/v2\/product_cat?post=5983"},{"taxonomy":"product_tag","embeddable":true,"href":"https:\/\/akademy.k-dental.fr\/fr\/wp-json\/wp\/v2\/product_tag?post=5983"}],"curies":[{"name":"wp","href":"https:\/\/api.w.org\/{rel}","templated":true}]}}