{"id":6201,"date":"2025-09-03T18:28:39","date_gmt":"2025-09-03T18:28:39","guid":{"rendered":"https:\/\/akademy.k-dental.fr\/product\/dent-endodontique\/"},"modified":"2026-02-18T14:22:21","modified_gmt":"2026-02-18T14:22:21","slug":"dent-endodontique","status":"publish","type":"product","link":"https:\/\/akademy.k-dental.fr\/fr\/produit\/dent-endodontique\/","title":{"rendered":"Dent endodontique"},"content":{"rendered":"<p>DRSK RCT est un mod\u00e8le d\u2019endo-dent \u00e9quip\u00e9 d\u2019une cavit\u00e9 pulpaire et d\u2019un ou plusieurs canaux radiculaires. Il se pr\u00e9sente sous diff\u00e9rentes formes et variantes, correspondant \u00e0 diverses dents d\u2019une dentition naturelle. DRSK RCT est un excellent outil \u00e9ducatif pour les \u00e9tudiants pr\u00e9cliniques afin d\u2019apprendre \u00e0 effectuer correctement des traitements de canal, avant de pratiquer sur des patients r\u00e9els. Certains types d\u2019ECR DRSK pr\u00e9sentent des complexit\u00e9s qui n\u00e9cessitent normalement des comp\u00e9tences de traitement avanc\u00e9es et peuvent donc \u00eatre utilis\u00e9s dans une vari\u00e9t\u00e9 de cours postuniversitaires et pratiques.   <span class=\"Apple-converted-space\">  <\/span><\/p>\n","protected":false},"excerpt":{"rendered":"<p>DRSK RCT est un mod\u00e8le d\u2019endo-dent \u00e9quip\u00e9 d\u2019une cavit\u00e9 pulpaire et d\u2019un ou plusieurs canaux radiculaires.<\/p>\n","protected":false},"featured_media":3789,"comment_status":"open","ping_status":"closed","template":"","meta":[],"product_brand":[293],"product_cat":[105],"product_tag":[],"class_list":{"0":"post-6201","1":"product","2":"type-product","3":"status-publish","4":"has-post-thumbnail","6":"product_brand-drsk","7":"product_cat-endodontics","9":"first","10":"instock","11":"shipping-taxable","12":"purchasable","13":"product-type-variable"},"bundled_by":["8019","8019","8019","8019","8395","8395","8395"],"bundle_stock_status":"instock","bundle_stock_quantity":null,"bundle_virtual":false,"bundle_layout":"","bundle_add_to_cart_form_location":"","bundle_editable_in_cart":false,"bundle_sold_individually_context":"","bundle_item_grouping":"","bundle_min_size":"","bundle_max_size":"","bundle_price":[],"bundled_items":[],"bundle_sell_ids":[],"supplier_id":null,"supplier_sku":"","barcode":null,"atum_controlled":true,"out_stock_date":null,"out_stock_threshold":null,"inheritable":true,"inbound_stock":0,"stock_on_hold":0,"sold_today":0,"sales_last_days":0,"reserved_stock":0,"customer_returns":0,"warehouse_damage":0,"lost_in_post":0,"other_logs":0,"out_stock_days":0,"lost_sales":0,"has_location":false,"update_date":"2026-05-14T01:01:14","atum_locations":[],"atum_stock_status":"instock","restock_status":false,"low_stock_amount":"","sales_update_date":"2026-05-14T01:01:14","calc_backorders":null,"jetpack_sharing_enabled":true,"_links":{"self":[{"href":"https:\/\/akademy.k-dental.fr\/fr\/wp-json\/wp\/v2\/product\/6201","targetHints":{"allow":["GET"]}}],"collection":[{"href":"https:\/\/akademy.k-dental.fr\/fr\/wp-json\/wp\/v2\/product"}],"about":[{"href":"https:\/\/akademy.k-dental.fr\/fr\/wp-json\/wp\/v2\/types\/product"}],"replies":[{"embeddable":true,"href":"https:\/\/akademy.k-dental.fr\/fr\/wp-json\/wp\/v2\/comments?post=6201"}],"wp:featuredmedia":[{"embeddable":true,"href":"https:\/\/akademy.k-dental.fr\/fr\/wp-json\/wp\/v2\/media\/3789"}],"wp:attachment":[{"href":"https:\/\/akademy.k-dental.fr\/fr\/wp-json\/wp\/v2\/media?parent=6201"}],"wp:term":[{"taxonomy":"product_brand","embeddable":true,"href":"https:\/\/akademy.k-dental.fr\/fr\/wp-json\/wp\/v2\/product_brand?post=6201"},{"taxonomy":"product_cat","embeddable":true,"href":"https:\/\/akademy.k-dental.fr\/fr\/wp-json\/wp\/v2\/product_cat?post=6201"},{"taxonomy":"product_tag","embeddable":true,"href":"https:\/\/akademy.k-dental.fr\/fr\/wp-json\/wp\/v2\/product_tag?post=6201"}],"curies":[{"name":"wp","href":"https:\/\/api.w.org\/{rel}","templated":true}]}}