{"id":6279,"date":"2025-09-03T18:27:35","date_gmt":"2025-09-03T18:27:35","guid":{"rendered":"https:\/\/akademy.k-dental.fr\/product\/remplacement-des-dents-ag3\/"},"modified":"2026-02-17T11:33:46","modified_gmt":"2026-02-17T11:33:46","slug":"remplacement-des-dents-ag3","status":"publish","type":"product","link":"https:\/\/akademy.k-dental.fr\/fr\/produit\/remplacement-des-dents-ag3\/","title":{"rendered":"AG3 Dents de Remplacement"},"content":{"rendered":"<p>Dent de remplacement en plastique dur durable compatible avec les syst\u00e8mes de typodontes AG3. Dispose d\u2019une fixation \u00e0 vis magn\u00e9tique pour une assise s\u00fbre et des changements rapides. Le num\u00e9ro de dent imprim\u00e9 en noir am\u00e9liore la visibilit\u00e9 et le contr\u00f4le des stocks. Convient pour les exercices de prophylaxie, de restauration et d\u2019entra\u00eenement proth\u00e9tique. Non compatible avec les syst\u00e8mes de type A3 et Kavo \u00e0 clipser.    <\/p>\n","protected":false},"excerpt":{"rendered":"<p>Dent de remplacement pour typodonte AG3 avec fixation par vis magn\u00e9tique et num\u00e9ro imprim\u00e9 en noir pour une identification claire.<\/p>\n","protected":false},"featured_media":2547,"comment_status":"open","ping_status":"closed","template":"","meta":[],"product_brand":[],"product_cat":[332],"product_tag":[],"class_list":{"0":"post-6279","1":"product","2":"type-product","3":"status-publish","4":"has-post-thumbnail","6":"product_cat-modeles-anatomiques","7":"pa_faculty-lufp","8":"pa_faculty-le-cespu","9":"pa_faculty-le-fmdup","11":"first","12":"instock","13":"shipping-taxable","14":"purchasable","15":"product-type-variable"},"bundled_by":[],"bundle_stock_status":"instock","bundle_stock_quantity":null,"bundle_virtual":false,"bundle_layout":"","bundle_add_to_cart_form_location":"","bundle_editable_in_cart":false,"bundle_sold_individually_context":"","bundle_item_grouping":"","bundle_min_size":"","bundle_max_size":"","bundle_price":[],"bundled_items":[],"bundle_sell_ids":[],"supplier_id":null,"supplier_sku":"","barcode":null,"atum_controlled":true,"out_stock_date":null,"out_stock_threshold":null,"inheritable":true,"inbound_stock":0,"stock_on_hold":0,"sold_today":0,"sales_last_days":0,"reserved_stock":0,"customer_returns":0,"warehouse_damage":0,"lost_in_post":0,"other_logs":0,"out_stock_days":0,"lost_sales":0,"has_location":false,"update_date":"2026-05-11T00:59:43","atum_locations":[],"atum_stock_status":"instock","restock_status":false,"low_stock_amount":"","sales_update_date":"2026-05-11T00:59:43","calc_backorders":null,"jetpack_sharing_enabled":true,"_links":{"self":[{"href":"https:\/\/akademy.k-dental.fr\/fr\/wp-json\/wp\/v2\/product\/6279","targetHints":{"allow":["GET"]}}],"collection":[{"href":"https:\/\/akademy.k-dental.fr\/fr\/wp-json\/wp\/v2\/product"}],"about":[{"href":"https:\/\/akademy.k-dental.fr\/fr\/wp-json\/wp\/v2\/types\/product"}],"replies":[{"embeddable":true,"href":"https:\/\/akademy.k-dental.fr\/fr\/wp-json\/wp\/v2\/comments?post=6279"}],"wp:featuredmedia":[{"embeddable":true,"href":"https:\/\/akademy.k-dental.fr\/fr\/wp-json\/wp\/v2\/media\/2547"}],"wp:attachment":[{"href":"https:\/\/akademy.k-dental.fr\/fr\/wp-json\/wp\/v2\/media?parent=6279"}],"wp:term":[{"taxonomy":"product_brand","embeddable":true,"href":"https:\/\/akademy.k-dental.fr\/fr\/wp-json\/wp\/v2\/product_brand?post=6279"},{"taxonomy":"product_cat","embeddable":true,"href":"https:\/\/akademy.k-dental.fr\/fr\/wp-json\/wp\/v2\/product_cat?post=6279"},{"taxonomy":"product_tag","embeddable":true,"href":"https:\/\/akademy.k-dental.fr\/fr\/wp-json\/wp\/v2\/product_tag?post=6279"}],"curies":[{"name":"wp","href":"https:\/\/api.w.org\/{rel}","templated":true}]}}