{"id":6351,"date":"2025-09-03T18:27:33","date_gmt":"2025-09-03T18:27:33","guid":{"rendered":"https:\/\/akademy.k-dental.fr\/product\/remplacement-des-dents-de-type-kavo\/"},"modified":"2025-11-01T01:46:08","modified_gmt":"2025-11-01T01:46:08","slug":"remplacement-des-dents-de-type-kavo","status":"publish","type":"product","link":"https:\/\/akademy.k-dental.fr\/fr\/produit\/remplacement-des-dents-de-type-kavo\/","title":{"rendered":"Kavo Dents de Remplacement Compatible"},"content":{"rendered":"<p>Dent de remplacement con\u00e7ue pour les modeles anatomique de type Kavo. Utilise un syst\u00e8me de r\u00e9tention de clip pour un placement et un retrait rapides par enclenchement, sans vis. Moul\u00e9 \u00e0 partir de plastique dur durable de qualit\u00e9 entra\u00eenement avec une anatomie et une morphologie occlusale r\u00e9alistes. Id\u00e9al pour la prophylaxie et les exercices r\u00e9parateurs. Non compatible avec les syst\u00e8mes de vis AG3\/A3.    <\/p>\n","protected":false},"excerpt":{"rendered":"<p>Dent de remplacement pour les typodontes de type Kavo \u00e0 l\u2019aide d\u2019un syst\u00e8me de r\u00e9tention par clip (sans vis).<\/p>\n<p><img loading=\"lazy\" decoding=\"async\" class=\" wd-lazy-fade alignnone wp-image-6824\" src=\"https:\/\/akademy.k-dental.fr\/wp-content\/themes\/woodmart\/images\/lazy.svg\" data-src=\"https:\/\/akademy.k-dental.fr\/wp-content\/uploads\/2025\/09\/vg-banner-fs20-2.webp\" alt=\"\" width=\"155\" height=\"62\" srcset=\"\" data-srcset=\"https:\/\/i0.wp.com\/akademy.k-dental.fr\/wp-content\/uploads\/2025\/09\/vg-banner-fs20-2.webp?w=300&amp;ssl=1 300w, https:\/\/i0.wp.com\/akademy.k-dental.fr\/wp-content\/uploads\/2025\/09\/vg-banner-fs20-2.webp?resize=150%2C60&amp;ssl=1 150w\" sizes=\"auto, (max-width: 155px) 100vw, 155px\" \/><\/p>\n","protected":false},"featured_media":2555,"comment_status":"open","ping_status":"closed","template":"","meta":[],"product_brand":[],"product_cat":[208],"product_tag":[],"class_list":{"0":"post-6351","1":"product","2":"type-product","3":"status-publish","4":"has-post-thumbnail","6":"product_cat-anatomical-models","7":"product_shipping_class-tooth","8":"pa_faculty-fmdul","9":"pa_faculty-fmuc","11":"first","12":"instock","13":"shipping-taxable","14":"purchasable","15":"product-type-variable"},"bundled_by":[],"bundle_stock_status":"instock","bundle_stock_quantity":1,"bundle_virtual":false,"bundle_layout":"","bundle_add_to_cart_form_location":"","bundle_editable_in_cart":false,"bundle_sold_individually_context":"","bundle_item_grouping":"","bundle_min_size":"","bundle_max_size":"","bundle_price":[],"bundled_items":[],"bundle_sell_ids":[],"supplier_id":null,"supplier_sku":"","barcode":null,"atum_controlled":true,"out_stock_date":null,"out_stock_threshold":null,"inheritable":true,"inbound_stock":0,"stock_on_hold":0,"sold_today":0,"sales_last_days":0,"reserved_stock":0,"customer_returns":0,"warehouse_damage":0,"lost_in_post":0,"other_logs":0,"out_stock_days":0,"lost_sales":0,"has_location":false,"update_date":"2026-05-14T01:01:08","atum_locations":[],"atum_stock_status":"instock","restock_status":false,"low_stock_amount":"","sales_update_date":"2026-05-14T01:01:08","calc_backorders":null,"jetpack_sharing_enabled":true,"_links":{"self":[{"href":"https:\/\/akademy.k-dental.fr\/fr\/wp-json\/wp\/v2\/product\/6351","targetHints":{"allow":["GET"]}}],"collection":[{"href":"https:\/\/akademy.k-dental.fr\/fr\/wp-json\/wp\/v2\/product"}],"about":[{"href":"https:\/\/akademy.k-dental.fr\/fr\/wp-json\/wp\/v2\/types\/product"}],"replies":[{"embeddable":true,"href":"https:\/\/akademy.k-dental.fr\/fr\/wp-json\/wp\/v2\/comments?post=6351"}],"wp:featuredmedia":[{"embeddable":true,"href":"https:\/\/akademy.k-dental.fr\/fr\/wp-json\/wp\/v2\/media\/2555"}],"wp:attachment":[{"href":"https:\/\/akademy.k-dental.fr\/fr\/wp-json\/wp\/v2\/media?parent=6351"}],"wp:term":[{"taxonomy":"product_brand","embeddable":true,"href":"https:\/\/akademy.k-dental.fr\/fr\/wp-json\/wp\/v2\/product_brand?post=6351"},{"taxonomy":"product_cat","embeddable":true,"href":"https:\/\/akademy.k-dental.fr\/fr\/wp-json\/wp\/v2\/product_cat?post=6351"},{"taxonomy":"product_tag","embeddable":true,"href":"https:\/\/akademy.k-dental.fr\/fr\/wp-json\/wp\/v2\/product_tag?post=6351"}],"curies":[{"name":"wp","href":"https:\/\/api.w.org\/{rel}","templated":true}]}}