{"id":6452,"date":"2025-09-03T18:27:35","date_gmt":"2025-09-03T18:27:35","guid":{"rendered":"https:\/\/akademy.k-dental.fr\/product\/remplacement-de-la-dent-a3\/"},"modified":"2025-11-01T01:42:41","modified_gmt":"2025-11-01T01:42:41","slug":"remplacement-de-la-dent-a3","status":"publish","type":"product","link":"https:\/\/akademy.k-dental.fr\/fr\/produit\/remplacement-de-la-dent-a3\/","title":{"rendered":"A3 Dent de Remplacement"},"content":{"rendered":"<p>Dent de remplacement en plastique dur de qualit\u00e9 formation pour les typodontes A3. La fixation magn\u00e9tique par vis assure la stabilit\u00e9 et rend les remplacements rapides et fiables. Le num\u00e9ro de dent imprim\u00e9 en bleu am\u00e9liore l\u2019identification pendant l\u2019enseignement et les \u00e9valuations. Id\u00e9al pour la pratique prophylactique, op\u00e9ratoire et proth\u00e9tique. Non compatible avec les syst\u00e8mes de clips de type AG3 et Kavo.    <\/p>\n","protected":false},"excerpt":{"rendered":"<p>Dent de remplacement pour typodonte A3 avec fixation par vis magn\u00e9tique et num\u00e9ro imprim\u00e9 en bleu pour une grande visibilit\u00e9.<\/p>\n<p><img loading=\"lazy\" decoding=\"async\" class=\" wd-lazy-fade alignnone wp-image-6824\" src=\"https:\/\/akademy.k-dental.fr\/wp-content\/themes\/woodmart\/images\/lazy.svg\" data-src=\"https:\/\/akademy.k-dental.fr\/wp-content\/uploads\/2025\/09\/vg-banner-fs20-2.webp\" alt=\"\" width=\"153\" height=\"61\" srcset=\"\" data-srcset=\"https:\/\/i0.wp.com\/akademy.k-dental.fr\/wp-content\/uploads\/2025\/09\/vg-banner-fs20-2.webp?w=300&amp;ssl=1 300w, https:\/\/i0.wp.com\/akademy.k-dental.fr\/wp-content\/uploads\/2025\/09\/vg-banner-fs20-2.webp?resize=150%2C60&amp;ssl=1 150w\" sizes=\"auto, (max-width: 153px) 100vw, 153px\" \/><\/p>\n","protected":false},"featured_media":2539,"comment_status":"open","ping_status":"closed","template":"","meta":[],"product_brand":[],"product_cat":[332],"product_tag":[],"class_list":{"0":"post-6452","1":"product","2":"type-product","3":"status-publish","4":"has-post-thumbnail","6":"product_cat-modeles-anatomiques","7":"product_shipping_class-dent-kavo","8":"pa_faculty-lufp","9":"pa_faculty-le-cespu","10":"pa_faculty-le-fmdup","12":"first","13":"instock","14":"shipping-taxable","15":"purchasable","16":"product-type-variable"},"bundled_by":[],"bundle_stock_status":"instock","bundle_stock_quantity":1,"bundle_virtual":false,"bundle_layout":"","bundle_add_to_cart_form_location":"","bundle_editable_in_cart":false,"bundle_sold_individually_context":"","bundle_item_grouping":"","bundle_min_size":"","bundle_max_size":"","bundle_price":[],"bundled_items":[],"bundle_sell_ids":[],"supplier_id":null,"supplier_sku":"","barcode":null,"atum_controlled":true,"out_stock_date":null,"out_stock_threshold":null,"inheritable":true,"inbound_stock":0,"stock_on_hold":0,"sold_today":0,"sales_last_days":0,"reserved_stock":0,"customer_returns":0,"warehouse_damage":0,"lost_in_post":0,"other_logs":0,"out_stock_days":0,"lost_sales":0,"has_location":false,"update_date":"2026-05-11T00:59:43","atum_locations":[],"atum_stock_status":"instock","restock_status":false,"low_stock_amount":"","sales_update_date":"2026-05-11T00:59:43","calc_backorders":null,"jetpack_sharing_enabled":true,"_links":{"self":[{"href":"https:\/\/akademy.k-dental.fr\/fr\/wp-json\/wp\/v2\/product\/6452","targetHints":{"allow":["GET"]}}],"collection":[{"href":"https:\/\/akademy.k-dental.fr\/fr\/wp-json\/wp\/v2\/product"}],"about":[{"href":"https:\/\/akademy.k-dental.fr\/fr\/wp-json\/wp\/v2\/types\/product"}],"replies":[{"embeddable":true,"href":"https:\/\/akademy.k-dental.fr\/fr\/wp-json\/wp\/v2\/comments?post=6452"}],"wp:featuredmedia":[{"embeddable":true,"href":"https:\/\/akademy.k-dental.fr\/fr\/wp-json\/wp\/v2\/media\/2539"}],"wp:attachment":[{"href":"https:\/\/akademy.k-dental.fr\/fr\/wp-json\/wp\/v2\/media?parent=6452"}],"wp:term":[{"taxonomy":"product_brand","embeddable":true,"href":"https:\/\/akademy.k-dental.fr\/fr\/wp-json\/wp\/v2\/product_brand?post=6452"},{"taxonomy":"product_cat","embeddable":true,"href":"https:\/\/akademy.k-dental.fr\/fr\/wp-json\/wp\/v2\/product_cat?post=6452"},{"taxonomy":"product_tag","embeddable":true,"href":"https:\/\/akademy.k-dental.fr\/fr\/wp-json\/wp\/v2\/product_tag?post=6452"}],"curies":[{"name":"wp","href":"https:\/\/api.w.org\/{rel}","templated":true}]}}