{"id":6584,"date":"2025-09-05T16:13:54","date_gmt":"2025-09-05T16:13:54","guid":{"rendered":"https:\/\/akademy.k-dental.fr\/product\/dentistica-1-bloc-de-fraise-ufp\/"},"modified":"2025-09-10T11:22:31","modified_gmt":"2025-09-10T11:22:31","slug":"dentistica-1-bloc-de-fraise-ufp","status":"publish","type":"product","link":"https:\/\/akademy.k-dental.fr\/fr\/produit\/dentistica-1-bloc-de-fraise-ufp\/","title":{"rendered":"Dentistica 1 Porte Fraises &#8211; UFP"},"content":{"rendered":"","protected":false},"excerpt":{"rendered":"<p><strong>&gt; Porte Fraises pour Dentistica 1 avec 12 fraises incluses.<\/strong><\/p>\n","protected":false},"featured_media":5090,"comment_status":"open","ping_status":"closed","template":"","meta":[],"product_brand":[],"product_cat":[320,317,316],"product_tag":[],"class_list":{"0":"post-6584","1":"product","2":"type-product","3":"status-publish","4":"has-post-thumbnail","6":"product_cat-3-ufp-fr","7":"product_cat-ufp-fr","8":"product_cat-pack-etudiants","10":"first","11":"instock","12":"virtual","13":"purchasable","14":"product-type-bundle"},"bundled_by":[],"bundle_stock_status":"instock","bundle_stock_quantity":13,"bundle_virtual":false,"bundle_layout":"default","bundle_add_to_cart_form_location":"default","bundle_editable_in_cart":false,"bundle_sold_individually_context":"product","bundle_item_grouping":"parent","bundle_min_size":"","bundle_max_size":"","bundle_price":{"price":{"min":{"incl_tax":"29.25","excl_tax":"29.25"},"max":{"incl_tax":"29.25","excl_tax":"29.25"}},"regular_price":{"min":{"incl_tax":"29.25","excl_tax":"29.25"},"max":{"incl_tax":"29.25","excl_tax":"29.25"}}},"bundled_items":[{"bundled_item_id":1112,"product_id":6162,"menu_order":0,"quantity_min":1,"quantity_max":1,"quantity_default":1,"priced_individually":true,"shipped_individually":false,"override_title":false,"title":"Silic\u2019Hold &#8211; Porte-fraise","override_description":false,"description":"Silic\u2019Hold &#8211; Porte-fraise","optional":false,"hide_thumbnail":false,"discount":"","override_variations":true,"allowed_variations":[6171],"override_default_variation_attributes":true,"default_variation_attributes":[{"id":12,"name":"Slots","option":"dentistica-ufp-fr"}],"single_product_visibility":"visible","cart_visibility":"visible","order_visibility":"visible","single_product_price_visibility":"hidden","cart_price_visibility":"hidden","order_price_visibility":"hidden","stock_status":"in_stock"},{"bundled_item_id":1113,"product_id":6230,"menu_order":1,"quantity_min":1,"quantity_max":1,"quantity_default":1,"priced_individually":true,"shipped_individually":false,"override_title":false,"title":"Cylindre de fraise diamant\u00e9e 835","override_description":false,"description":"Cylindre de fraise diamant\u00e9e 835","optional":false,"hide_thumbnail":false,"discount":"","override_variations":false,"allowed_variations":[""],"override_default_variation_attributes":true,"default_variation_attributes":[{"id":11,"name":"Grit","option":"m-fr"},{"id":13,"name":"Diameter","option":"08-fr"}],"single_product_visibility":"hidden","cart_visibility":"hidden","order_visibility":"hidden","single_product_price_visibility":"visible","cart_price_visibility":"visible","order_price_visibility":"visible","stock_status":"in_stock"},{"bundled_item_id":1114,"product_id":6230,"menu_order":1,"quantity_min":1,"quantity_max":1,"quantity_default":1,"priced_individually":true,"shipped_individually":false,"override_title":false,"title":"Cylindre de fraise diamant\u00e9e 835","override_description":false,"description":"Cylindre de fraise diamant\u00e9e 835","optional":false,"hide_thumbnail":false,"discount":"","override_variations":false,"allowed_variations":[""],"override_default_variation_attributes":true,"default_variation_attributes":[{"id":11,"name":"Grit","option":"m-fr"},{"id":13,"name":"Diameter","option":"10-fr"}],"single_product_visibility":"hidden","cart_visibility":"hidden","order_visibility":"hidden","single_product_price_visibility":"visible","cart_price_visibility":"visible","order_price_visibility":"visible","stock_status":"in_stock"},{"bundled_item_id":1115,"product_id":6230,"menu_order":1,"quantity_min":1,"quantity_max":1,"quantity_default":1,"priced_individually":true,"shipped_individually":false,"override_title":false,"title":"Cylindre de fraise diamant\u00e9e 835","override_description":false,"description":"Cylindre de fraise diamant\u00e9e 835","optional":false,"hide_thumbnail":false,"discount":"","override_variations":false,"allowed_variations":[""],"override_default_variation_attributes":true,"default_variation_attributes":[{"id":11,"name":"Grit","option":"m-fr"},{"id":13,"name":"Diameter","option":"12-fr"}],"single_product_visibility":"hidden","cart_visibility":"hidden","order_visibility":"hidden","single_product_price_visibility":"visible","cart_price_visibility":"visible","order_price_visibility":"visible","stock_status":"in_stock"},{"bundled_item_id":1118,"product_id":6186,"menu_order":4,"quantity_min":1,"quantity_max":1,"quantity_default":1,"priced_individually":true,"shipped_individually":false,"override_title":false,"title":"Fraise diamant\u00e9e ronde 801","override_description":false,"description":"Fraise diamant\u00e9e ronde 801","optional":false,"hide_thumbnail":false,"discount":"","override_variations":false,"allowed_variations":[""],"override_default_variation_attributes":true,"default_variation_attributes":[{"id":11,"name":"Grit","option":"m-fr"},{"id":13,"name":"Diameter","option":"12-fr"}],"single_product_visibility":"hidden","cart_visibility":"hidden","order_visibility":"hidden","single_product_price_visibility":"visible","cart_price_visibility":"visible","order_price_visibility":"visible","stock_status":"in_stock"},{"bundled_item_id":1117,"product_id":6186,"menu_order":4,"quantity_min":1,"quantity_max":1,"quantity_default":1,"priced_individually":true,"shipped_individually":false,"override_title":false,"title":"Fraise diamant\u00e9e ronde 801","override_description":false,"description":"Fraise diamant\u00e9e ronde 801","optional":false,"hide_thumbnail":false,"discount":"","override_variations":false,"allowed_variations":[""],"override_default_variation_attributes":true,"default_variation_attributes":[{"id":11,"name":"Grit","option":"m-fr"},{"id":13,"name":"Diameter","option":"10-fr"}],"single_product_visibility":"hidden","cart_visibility":"hidden","order_visibility":"hidden","single_product_price_visibility":"visible","cart_price_visibility":"visible","order_price_visibility":"visible","stock_status":"in_stock"},{"bundled_item_id":1116,"product_id":6186,"menu_order":4,"quantity_min":1,"quantity_max":1,"quantity_default":1,"priced_individually":true,"shipped_individually":false,"override_title":false,"title":"Fraise diamant\u00e9e ronde 801","override_description":false,"description":"Fraise diamant\u00e9e ronde 801","optional":false,"hide_thumbnail":false,"discount":"","override_variations":false,"allowed_variations":[""],"override_default_variation_attributes":true,"default_variation_attributes":[{"id":11,"name":"Grit","option":"m-fr"},{"id":13,"name":"Diameter","option":"08-fr"}],"single_product_visibility":"hidden","cart_visibility":"hidden","order_visibility":"hidden","single_product_price_visibility":"visible","cart_price_visibility":"visible","order_price_visibility":"visible","stock_status":"in_stock"},{"bundled_item_id":1119,"product_id":6237,"menu_order":7,"quantity_min":1,"quantity_max":1,"quantity_default":1,"priced_individually":true,"shipped_individually":false,"override_title":false,"title":"Aiguille \u00e0 fraise diamant\u00e9e\/flamme 859","override_description":false,"description":"Aiguille \u00e0 fraise diamant\u00e9e\/flamme 859","optional":false,"hide_thumbnail":false,"discount":"","override_variations":false,"allowed_variations":[""],"override_default_variation_attributes":true,"default_variation_attributes":[{"id":11,"name":"Grit","option":"f-fr"},{"id":13,"name":"Diameter","option":"10-fr"}],"single_product_visibility":"hidden","cart_visibility":"hidden","order_visibility":"hidden","single_product_price_visibility":"visible","cart_price_visibility":"visible","order_price_visibility":"visible","stock_status":"in_stock"},{"bundled_item_id":1120,"product_id":6217,"menu_order":8,"quantity_min":1,"quantity_max":1,"quantity_default":1,"priced_individually":true,"shipped_individually":false,"override_title":false,"title":"Fraise Diamant Football 368","override_description":false,"description":"Fraise Diamant Football 368","optional":false,"hide_thumbnail":false,"discount":"","override_variations":false,"allowed_variations":[""],"override_default_variation_attributes":true,"default_variation_attributes":[{"id":11,"name":"Grit","option":"f-fr"},{"id":13,"name":"Diameter","option":"23-fr"}],"single_product_visibility":"hidden","cart_visibility":"hidden","order_visibility":"hidden","single_product_price_visibility":"visible","cart_price_visibility":"visible","order_price_visibility":"visible","stock_status":"in_stock"},{"bundled_item_id":1121,"product_id":6250,"menu_order":9,"quantity_min":1,"quantity_max":1,"quantity_default":1,"priced_individually":true,"shipped_individually":false,"override_title":false,"title":"Polissoirs","override_description":false,"description":"Polissoirs","optional":false,"hide_thumbnail":false,"discount":"","override_variations":false,"allowed_variations":[""],"override_default_variation_attributes":true,"default_variation_attributes":[{"id":13,"name":"Diameter","option":"0032ra-fr"}],"single_product_visibility":"hidden","cart_visibility":"hidden","order_visibility":"hidden","single_product_price_visibility":"visible","cart_price_visibility":"visible","order_price_visibility":"visible","stock_status":"in_stock"},{"bundled_item_id":1122,"product_id":6250,"menu_order":9,"quantity_min":1,"quantity_max":1,"quantity_default":1,"priced_individually":true,"shipped_individually":false,"override_title":false,"title":"Polissoirs","override_description":false,"description":"Polissoirs","optional":false,"hide_thumbnail":false,"discount":"","override_variations":false,"allowed_variations":[""],"override_default_variation_attributes":true,"default_variation_attributes":[{"id":13,"name":"Diameter","option":"0732ra-fr"}],"single_product_visibility":"hidden","cart_visibility":"hidden","order_visibility":"hidden","single_product_price_visibility":"visible","cart_price_visibility":"visible","order_price_visibility":"visible","stock_status":"in_stock"},{"bundled_item_id":1124,"product_id":6262,"menu_order":12,"quantity_min":1,"quantity_max":1,"quantity_default":1,"priced_individually":true,"shipped_individually":false,"override_title":false,"title":"Fraise diamant\u00e9e c\u00f4ne invers\u00e9 805","override_description":false,"description":"Fraise diamant\u00e9e c\u00f4ne invers\u00e9 805","optional":false,"hide_thumbnail":false,"discount":"","override_variations":false,"allowed_variations":[""],"override_default_variation_attributes":true,"default_variation_attributes":[{"id":11,"name":"Grit","option":"m-fr"},{"id":13,"name":"Diameter","option":"12-fr"}],"single_product_visibility":"hidden","cart_visibility":"hidden","order_visibility":"hidden","single_product_price_visibility":"visible","cart_price_visibility":"visible","order_price_visibility":"visible","stock_status":"in_stock"},{"bundled_item_id":1411,"product_id":6618,"menu_order":12,"quantity_min":1,"quantity_max":1,"quantity_default":1,"priced_individually":true,"shipped_individually":false,"override_title":false,"title":"Fraise de Tungst\u00e8ne C1S","override_description":false,"description":"Fraise de Tungst\u00e8ne C1S","optional":false,"hide_thumbnail":false,"discount":"","override_variations":true,"allowed_variations":[6627],"override_default_variation_attributes":true,"default_variation_attributes":[{"id":13,"name":"Diameter","option":"14-fr"}],"single_product_visibility":"hidden","cart_visibility":"hidden","order_visibility":"hidden","single_product_price_visibility":"visible","cart_price_visibility":"visible","order_price_visibility":"visible","stock_status":"in_stock"}],"bundle_sell_ids":[],"supplier_id":null,"supplier_sku":"","barcode":null,"atum_controlled":true,"out_stock_date":null,"out_stock_threshold":null,"inheritable":true,"inbound_stock":0,"stock_on_hold":0,"sold_today":0,"sales_last_days":0,"reserved_stock":0,"customer_returns":0,"warehouse_damage":0,"lost_in_post":0,"other_logs":0,"out_stock_days":0,"lost_sales":0,"has_location":false,"update_date":"2026-05-11T01:00:22","atum_locations":[],"atum_stock_status":"instock","restock_status":false,"low_stock_amount":"","sales_update_date":"2026-05-11T01:00:22","calc_backorders":null,"jetpack_sharing_enabled":true,"_links":{"self":[{"href":"https:\/\/akademy.k-dental.fr\/fr\/wp-json\/wp\/v2\/product\/6584","targetHints":{"allow":["GET"]}}],"collection":[{"href":"https:\/\/akademy.k-dental.fr\/fr\/wp-json\/wp\/v2\/product"}],"about":[{"href":"https:\/\/akademy.k-dental.fr\/fr\/wp-json\/wp\/v2\/types\/product"}],"replies":[{"embeddable":true,"href":"https:\/\/akademy.k-dental.fr\/fr\/wp-json\/wp\/v2\/comments?post=6584"}],"wp:featuredmedia":[{"embeddable":true,"href":"https:\/\/akademy.k-dental.fr\/fr\/wp-json\/wp\/v2\/media\/5090"}],"wp:attachment":[{"href":"https:\/\/akademy.k-dental.fr\/fr\/wp-json\/wp\/v2\/media?parent=6584"}],"wp:term":[{"taxonomy":"product_brand","embeddable":true,"href":"https:\/\/akademy.k-dental.fr\/fr\/wp-json\/wp\/v2\/product_brand?post=6584"},{"taxonomy":"product_cat","embeddable":true,"href":"https:\/\/akademy.k-dental.fr\/fr\/wp-json\/wp\/v2\/product_cat?post=6584"},{"taxonomy":"product_tag","embeddable":true,"href":"https:\/\/akademy.k-dental.fr\/fr\/wp-json\/wp\/v2\/product_tag?post=6584"}],"curies":[{"name":"wp","href":"https:\/\/api.w.org\/{rel}","templated":true}]}}