{"id":6593,"date":"2025-09-03T18:28:58","date_gmt":"2025-09-03T18:28:58","guid":{"rendered":"https:\/\/akademy.k-dental.fr\/product\/kit-danatomie-et-dhistologie-ufp\/"},"modified":"2025-09-03T18:28:58","modified_gmt":"2025-09-03T18:28:58","slug":"kit-danatomie-et-dhistologie-ufp","status":"publish","type":"product","link":"https:\/\/akademy.k-dental.fr\/fr\/produit\/kit-danatomie-et-dhistologie-ufp\/","title":{"rendered":"Kit d\u2019Anatomie et d\u2019Histologie &#8211; UFP"},"content":{"rendered":"","protected":false},"excerpt":{"rendered":"<p data-start=\"77\" data-end=\"145\"><strong data-start=\"77\" data-end=\"143\">Am\u00e9liorez votre formation dentaire avec notre kit de sculpture complet !<\/strong><\/p>\n<p data-start=\"147\" data-end=\"382\">Ce pack tout compris est sp\u00e9cialement con\u00e7u pour les \u00e9tudiants en m\u00e9decine dentaire, vous fournissant des outils essentiels pour exceller dans vos cours d\u2019anatomie et d\u2019histologie. Am\u00e9liorez votre exp\u00e9rience d\u2019apprentissage et ma\u00eetrisez votre art avec ce kit complet. <\/p>\n<p data-start=\"384\" data-end=\"536\"><img loading=\"lazy\" decoding=\"async\" class=\" wd-lazy-fade alignnone wp-image-4929\" src=\"https:\/\/akademy.k-dental.fr\/wp-content\/themes\/woodmart\/images\/lazy.svg\" data-src=\"https:\/\/akademy.k-dental.fr\/wp-content\/uploads\/2025\/09\/vg-extra-bonus.png\" alt=\"\" width=\"86\" height=\"43\" srcset=\"\" data-srcset=\"https:\/\/i0.wp.com\/akademy.k-dental.fr\/wp-content\/uploads\/2025\/09\/vg-extra-bonus.png?w=240&amp;ssl=1 240w, https:\/\/i0.wp.com\/akademy.k-dental.fr\/wp-content\/uploads\/2025\/09\/vg-extra-bonus.png?resize=150%2C75&amp;ssl=1 150w\" sizes=\"auto, (max-width: 86px) 100vw, 86px\" \/><\/p>\n<p data-start=\"384\" data-end=\"536\">Vous recevrez \u00e9galement gratuitement une <strong data-start=\"418\" data-end=\"466\">brosse \u00e0 dents, une r\u00e8gle en plastique et des bavoirs dentaires,<\/strong> ce qui rendra ce kit encore plus pratique pour vos besoins d\u2019entra\u00eenement quotidiens.<\/p>\n","protected":false},"featured_media":4922,"comment_status":"open","ping_status":"closed","template":"","meta":[],"product_brand":[],"product_cat":[319,317,316],"product_tag":[],"class_list":{"0":"post-6593","1":"product","2":"type-product","3":"status-publish","4":"has-post-thumbnail","6":"product_cat-2-ufp-fr","7":"product_cat-ufp-fr","8":"product_cat-pack-etudiants","9":"pa_faculty-lufp","11":"first","12":"instock","13":"virtual","14":"purchasable","15":"product-type-bundle"},"bundled_by":[],"bundle_stock_status":"instock","bundle_stock_quantity":6,"bundle_virtual":false,"bundle_layout":"default","bundle_add_to_cart_form_location":"default","bundle_editable_in_cart":false,"bundle_sold_individually_context":"product","bundle_item_grouping":"parent","bundle_min_size":"","bundle_max_size":"","bundle_price":{"price":{"min":{"incl_tax":"42","excl_tax":"42"},"max":{"incl_tax":"51","excl_tax":"51"}},"regular_price":{"min":{"incl_tax":"42","excl_tax":"42"},"max":{"incl_tax":"51","excl_tax":"51"}}},"bundled_items":[{"bundled_item_id":1170,"product_id":6081,"menu_order":0,"quantity_min":1,"quantity_max":1,"quantity_default":1,"priced_individually":true,"shipped_individually":false,"override_title":false,"title":"P.K Thomas 1","override_description":false,"description":"P.K Thomas 1","optional":false,"hide_thumbnail":false,"discount":"","override_variations":false,"allowed_variations":[""],"override_default_variation_attributes":false,"default_variation_attributes":[],"single_product_visibility":"hidden","cart_visibility":"hidden","order_visibility":"hidden","single_product_price_visibility":"visible","cart_price_visibility":"visible","order_price_visibility":"visible","stock_status":"in_stock"},{"bundled_item_id":1171,"product_id":6078,"menu_order":1,"quantity_min":1,"quantity_max":1,"quantity_default":1,"priced_individually":true,"shipped_individually":false,"override_title":false,"title":"P.K Thomas 2","override_description":false,"description":"P.K Thomas 2","optional":false,"hide_thumbnail":false,"discount":"","override_variations":false,"allowed_variations":[""],"override_default_variation_attributes":false,"default_variation_attributes":[],"single_product_visibility":"hidden","cart_visibility":"hidden","order_visibility":"hidden","single_product_price_visibility":"visible","cart_price_visibility":"visible","order_price_visibility":"visible","stock_status":"in_stock"},{"bundled_item_id":1172,"product_id":6092,"menu_order":2,"quantity_min":1,"quantity_max":1,"quantity_default":1,"priced_individually":true,"shipped_individually":false,"override_title":false,"title":"P.K Thomas 3","override_description":false,"description":"P.K Thomas 3","optional":false,"hide_thumbnail":false,"discount":"","override_variations":false,"allowed_variations":[""],"override_default_variation_attributes":false,"default_variation_attributes":[],"single_product_visibility":"hidden","cart_visibility":"hidden","order_visibility":"hidden","single_product_price_visibility":"visible","cart_price_visibility":"visible","order_price_visibility":"visible","stock_status":"in_stock"},{"bundled_item_id":1173,"product_id":6090,"menu_order":3,"quantity_min":1,"quantity_max":1,"quantity_default":1,"priced_individually":true,"shipped_individually":false,"override_title":false,"title":"P.K Thomas 4","override_description":false,"description":"P.K Thomas 4","optional":false,"hide_thumbnail":false,"discount":"","override_variations":false,"allowed_variations":[""],"override_default_variation_attributes":false,"default_variation_attributes":[],"single_product_visibility":"hidden","cart_visibility":"hidden","order_visibility":"hidden","single_product_price_visibility":"visible","cart_price_visibility":"visible","order_price_visibility":"visible","stock_status":"in_stock"},{"bundled_item_id":1174,"product_id":6086,"menu_order":4,"quantity_min":1,"quantity_max":1,"quantity_default":1,"priced_individually":true,"shipped_individually":false,"override_title":false,"title":"P.K Thomas 5","override_description":false,"description":"P.K Thomas 5","optional":false,"hide_thumbnail":false,"discount":"","override_variations":false,"allowed_variations":[""],"override_default_variation_attributes":false,"default_variation_attributes":[],"single_product_visibility":"hidden","cart_visibility":"hidden","order_visibility":"hidden","single_product_price_visibility":"visible","cart_price_visibility":"visible","order_price_visibility":"visible","stock_status":"in_stock"},{"bundled_item_id":1175,"product_id":6064,"menu_order":5,"quantity_min":1,"quantity_max":1,"quantity_default":1,"priced_individually":true,"shipped_individually":false,"override_title":false,"title":"Couteau \u00e0 pl\u00e2tre &#8211; gritman","override_description":false,"description":"Couteau \u00e0 pl\u00e2tre &#8211; gritman","optional":false,"hide_thumbnail":false,"discount":"","override_variations":false,"allowed_variations":[""],"override_default_variation_attributes":false,"default_variation_attributes":[],"single_product_visibility":"hidden","cart_visibility":"hidden","order_visibility":"hidden","single_product_price_visibility":"visible","cart_price_visibility":"visible","order_price_visibility":"visible","stock_status":"in_stock"},{"bundled_item_id":1176,"product_id":6015,"menu_order":6,"quantity_min":1,"quantity_max":1,"quantity_default":1,"priced_individually":true,"shipped_individually":false,"override_title":false,"title":"Couteau \u00e0 cire &#8211; Fahnenstock","override_description":false,"description":"Couteau \u00e0 cire &#8211; Fahnenstock","optional":false,"hide_thumbnail":false,"discount":"","override_variations":false,"allowed_variations":[""],"override_default_variation_attributes":false,"default_variation_attributes":[],"single_product_visibility":"hidden","cart_visibility":"hidden","order_visibility":"hidden","single_product_price_visibility":"visible","cart_price_visibility":"visible","order_price_visibility":"visible","stock_status":"in_stock"},{"bundled_item_id":1177,"product_id":6099,"menu_order":7,"quantity_min":1,"quantity_max":1,"quantity_default":1,"priced_individually":true,"shipped_individually":false,"override_title":false,"title":"Brosse \u00e0 dents","override_description":false,"description":"Brosse \u00e0 dents","optional":false,"hide_thumbnail":false,"discount":"","override_variations":false,"allowed_variations":[""],"override_default_variation_attributes":false,"default_variation_attributes":[],"single_product_visibility":"hidden","cart_visibility":"hidden","order_visibility":"hidden","single_product_price_visibility":"visible","cart_price_visibility":"visible","order_price_visibility":"visible","stock_status":"in_stock"},{"bundled_item_id":1178,"product_id":6087,"menu_order":8,"quantity_min":1,"quantity_max":1,"quantity_default":1,"priced_individually":true,"shipped_individually":false,"override_title":false,"title":"L\u00e9cron","override_description":false,"description":"L\u00e9cron","optional":false,"hide_thumbnail":false,"discount":"","override_variations":false,"allowed_variations":[""],"override_default_variation_attributes":false,"default_variation_attributes":[],"single_product_visibility":"hidden","cart_visibility":"hidden","order_visibility":"hidden","single_product_price_visibility":"visible","cart_price_visibility":"visible","order_price_visibility":"visible","stock_status":"in_stock"},{"bundled_item_id":1179,"product_id":6096,"menu_order":9,"quantity_min":1,"quantity_max":1,"quantity_default":1,"priced_individually":true,"shipped_individually":false,"override_title":false,"title":"R\u00e8gle en plastique","override_description":false,"description":"R\u00e8gle en plastique","optional":false,"hide_thumbnail":false,"discount":"","override_variations":false,"allowed_variations":[""],"override_default_variation_attributes":false,"default_variation_attributes":[],"single_product_visibility":"hidden","cart_visibility":"hidden","order_visibility":"hidden","single_product_price_visibility":"visible","cart_price_visibility":"visible","order_price_visibility":"visible","stock_status":"in_stock"},{"bundled_item_id":1180,"product_id":6093,"menu_order":10,"quantity_min":0,"quantity_max":3,"quantity_default":1,"priced_individually":true,"shipped_individually":false,"override_title":false,"title":"Savon Clarim","override_description":false,"description":"Savon Clarim","optional":false,"hide_thumbnail":false,"discount":"","override_variations":false,"allowed_variations":[""],"override_default_variation_attributes":false,"default_variation_attributes":[],"single_product_visibility":"visible","cart_visibility":"visible","order_visibility":"visible","single_product_price_visibility":"visible","cart_price_visibility":"visible","order_price_visibility":"visible","stock_status":"in_stock"},{"bundled_item_id":1181,"product_id":6210,"menu_order":11,"quantity_min":1,"quantity_max":1,"quantity_default":1,"priced_individually":true,"shipped_individually":false,"override_title":false,"title":"Trousse","override_description":false,"description":"Trousse","optional":false,"hide_thumbnail":false,"discount":"","override_variations":false,"allowed_variations":[""],"override_default_variation_attributes":true,"default_variation_attributes":[{"id":1,"name":"Color","option":"green-fr"}],"single_product_visibility":"visible","cart_visibility":"visible","order_visibility":"visible","single_product_price_visibility":"hidden","cart_price_visibility":"hidden","order_price_visibility":"hidden","stock_status":"in_stock"}],"bundle_sell_ids":[],"supplier_id":null,"supplier_sku":"","barcode":null,"atum_controlled":true,"out_stock_date":"2025-09-28 12:00:17","out_stock_threshold":null,"inheritable":true,"inbound_stock":0,"stock_on_hold":0,"sold_today":0,"sales_last_days":0,"reserved_stock":0,"customer_returns":0,"warehouse_damage":0,"lost_in_post":0,"other_logs":0,"out_stock_days":224,"lost_sales":0,"has_location":false,"update_date":"2026-05-11T01:00:21","atum_locations":[],"atum_stock_status":"instock","restock_status":false,"low_stock_amount":"","sales_update_date":"2026-05-11T01:00:21","calc_backorders":null,"jetpack_sharing_enabled":true,"_links":{"self":[{"href":"https:\/\/akademy.k-dental.fr\/fr\/wp-json\/wp\/v2\/product\/6593","targetHints":{"allow":["GET"]}}],"collection":[{"href":"https:\/\/akademy.k-dental.fr\/fr\/wp-json\/wp\/v2\/product"}],"about":[{"href":"https:\/\/akademy.k-dental.fr\/fr\/wp-json\/wp\/v2\/types\/product"}],"replies":[{"embeddable":true,"href":"https:\/\/akademy.k-dental.fr\/fr\/wp-json\/wp\/v2\/comments?post=6593"}],"wp:featuredmedia":[{"embeddable":true,"href":"https:\/\/akademy.k-dental.fr\/fr\/wp-json\/wp\/v2\/media\/4922"}],"wp:attachment":[{"href":"https:\/\/akademy.k-dental.fr\/fr\/wp-json\/wp\/v2\/media?parent=6593"}],"wp:term":[{"taxonomy":"product_brand","embeddable":true,"href":"https:\/\/akademy.k-dental.fr\/fr\/wp-json\/wp\/v2\/product_brand?post=6593"},{"taxonomy":"product_cat","embeddable":true,"href":"https:\/\/akademy.k-dental.fr\/fr\/wp-json\/wp\/v2\/product_cat?post=6593"},{"taxonomy":"product_tag","embeddable":true,"href":"https:\/\/akademy.k-dental.fr\/fr\/wp-json\/wp\/v2\/product_tag?post=6593"}],"curies":[{"name":"wp","href":"https:\/\/api.w.org\/{rel}","templated":true}]}}