{"id":8019,"date":"2025-09-03T18:28:37","date_gmt":"2025-09-03T18:28:37","guid":{"rendered":"https:\/\/akademy.k-dental.fr\/product\/endodontie-1-kit-ufp\/"},"modified":"2026-02-01T13:46:27","modified_gmt":"2026-02-01T13:46:27","slug":"endodontie-1-kit-ufp","status":"publish","type":"product","link":"https:\/\/akademy.k-dental.fr\/fr\/produit\/endodontie-1-kit-ufp\/","title":{"rendered":"Endodontie 1 Kit &#8211; UFP"},"content":{"rendered":"","protected":false},"excerpt":{"rendered":"<p>Kit complet pour endodontie 1, bas\u00e9 sur la liste UFP 2025\/2026.<br \/>\nComprend la mallette de transport.<br \/>\nN&rsquo;inclus pas la Lamparina, la spatule \u00e0 ciment et la turbine qui ont d\u00e9j\u00e0 \u00e9t\u00e9 achet\u00e9es pour les cours pr\u00e9c\u00e9dents.<\/p>\n","protected":false},"featured_media":3769,"comment_status":"open","ping_status":"closed","template":"","meta":[],"product_brand":[],"product_cat":[320,317],"product_tag":[],"class_list":{"0":"post-8019","1":"product","2":"type-product","3":"status-publish","4":"has-post-thumbnail","6":"product_cat-3-ufp-fr","7":"product_cat-ufp-fr","9":"first","10":"instock","11":"sale","12":"virtual","13":"purchasable","14":"product-type-bundle"},"bundled_by":[],"bundle_stock_status":"instock","bundle_stock_quantity":14,"bundle_virtual":false,"bundle_layout":"default","bundle_add_to_cart_form_location":"default","bundle_editable_in_cart":false,"bundle_sold_individually_context":"product","bundle_item_grouping":"parent","bundle_min_size":"","bundle_max_size":"","bundle_price":{"price":{"min":{"incl_tax":"179","excl_tax":"179"},"max":{"incl_tax":"199","excl_tax":"199"}},"regular_price":{"min":{"incl_tax":"245","excl_tax":"245"},"max":{"incl_tax":"265","excl_tax":"265"}}},"bundled_items":[{"bundled_item_id":2337,"product_id":6162,"menu_order":0,"quantity_min":1,"quantity_max":1,"quantity_default":1,"priced_individually":false,"shipped_individually":false,"override_title":false,"title":"Silic\u2019Hold &#8211; Porte-fraise","override_description":false,"description":"Silic\u2019Hold &#8211; Porte-fraise","optional":false,"hide_thumbnail":false,"discount":"","override_variations":true,"allowed_variations":[6173],"override_default_variation_attributes":true,"default_variation_attributes":[{"id":12,"name":"Slots","option":"endodontia-ufp-fr"}],"single_product_visibility":"hidden","cart_visibility":"hidden","order_visibility":"hidden","single_product_price_visibility":"visible","cart_price_visibility":"visible","order_price_visibility":"visible","stock_status":"in_stock"},{"bundled_item_id":2341,"product_id":6577,"menu_order":1,"quantity_min":1,"quantity_max":1,"quantity_default":1,"priced_individually":false,"shipped_individually":false,"override_title":false,"title":"Sonde endodontique","override_description":false,"description":"Sonde endodontique","optional":false,"hide_thumbnail":false,"discount":"","override_variations":false,"allowed_variations":[3726],"override_default_variation_attributes":true,"default_variation_attributes":[{"id":1,"name":"Color","option":"regular-fr"}],"single_product_visibility":"hidden","cart_visibility":"hidden","order_visibility":"hidden","single_product_price_visibility":"visible","cart_price_visibility":"visible","order_price_visibility":"visible","stock_status":"in_stock"},{"bundled_item_id":2342,"product_id":6136,"menu_order":2,"quantity_min":1,"quantity_max":1,"quantity_default":1,"priced_individually":false,"shipped_individually":false,"override_title":false,"title":"Porte-lime endodontique","override_description":false,"description":"Porte-lime endodontique","optional":false,"hide_thumbnail":false,"discount":"","override_variations":false,"allowed_variations":[""],"override_default_variation_attributes":true,"default_variation_attributes":[{"id":1,"name":"Color","option":"blue-fr"}],"single_product_visibility":"visible","cart_visibility":"visible","order_visibility":"visible","single_product_price_visibility":"visible","cart_price_visibility":"visible","order_price_visibility":"visible","stock_status":"in_stock"},{"bundled_item_id":2343,"product_id":6124,"menu_order":3,"quantity_min":1,"quantity_max":1,"quantity_default":1,"priced_individually":false,"shipped_individually":false,"override_title":false,"title":"Condenseur Gutta","override_description":false,"description":"Condenseur Gutta","optional":false,"hide_thumbnail":false,"discount":"","override_variations":false,"allowed_variations":[3744],"override_default_variation_attributes":true,"default_variation_attributes":[{"id":1,"name":"Color","option":"blue-fr"}],"single_product_visibility":"hidden","cart_visibility":"hidden","order_visibility":"hidden","single_product_price_visibility":"visible","cart_price_visibility":"visible","order_price_visibility":"visible","stock_status":"in_stock"},{"bundled_item_id":2344,"product_id":6543,"menu_order":4,"quantity_min":1,"quantity_max":1,"quantity_default":1,"priced_individually":false,"shipped_individually":false,"override_title":false,"title":"Boule de Burnisher 1.2 et 1.9","override_description":false,"description":"Boule de Burnisher 1.2 et 1.9","optional":false,"hide_thumbnail":false,"discount":"","override_variations":true,"allowed_variations":[6546],"override_default_variation_attributes":true,"default_variation_attributes":[],"single_product_visibility":"hidden","cart_visibility":"hidden","order_visibility":"hidden","single_product_price_visibility":"visible","cart_price_visibility":"visible","order_price_visibility":"visible","stock_status":"in_stock"},{"bundled_item_id":2355,"product_id":6186,"menu_order":5,"quantity_min":1,"quantity_max":1,"quantity_default":1,"priced_individually":false,"shipped_individually":false,"override_title":false,"title":"Fraise diamant\u00e9e ronde 801","override_description":false,"description":"Fraise diamant\u00e9e ronde 801","optional":false,"hide_thumbnail":false,"discount":"","override_variations":false,"allowed_variations":[4426],"override_default_variation_attributes":true,"default_variation_attributes":[{"id":11,"name":"Grit","option":"m-fr"},{"id":13,"name":"Diameter","option":"ln-016-fr"}],"single_product_visibility":"hidden","cart_visibility":"hidden","order_visibility":"hidden","single_product_price_visibility":"visible","cart_price_visibility":"visible","order_price_visibility":"visible","stock_status":"in_stock"},{"bundled_item_id":2354,"product_id":6186,"menu_order":6,"quantity_min":1,"quantity_max":1,"quantity_default":1,"priced_individually":false,"shipped_individually":false,"override_title":false,"title":"Fraise diamant\u00e9e ronde 801","override_description":false,"description":"Fraise diamant\u00e9e ronde 801","optional":false,"hide_thumbnail":false,"discount":"","override_variations":false,"allowed_variations":[4425],"override_default_variation_attributes":true,"default_variation_attributes":[{"id":11,"name":"Grit","option":"m-fr"},{"id":13,"name":"Diameter","option":"ln-014-fr"}],"single_product_visibility":"hidden","cart_visibility":"hidden","order_visibility":"hidden","single_product_price_visibility":"visible","cart_price_visibility":"visible","order_price_visibility":"visible","stock_status":"in_stock"},{"bundled_item_id":2353,"product_id":6186,"menu_order":7,"quantity_min":1,"quantity_max":1,"quantity_default":1,"priced_individually":false,"shipped_individually":false,"override_title":false,"title":"Fraise diamant\u00e9e ronde 801","override_description":false,"description":"Fraise diamant\u00e9e ronde 801","optional":false,"hide_thumbnail":false,"discount":"","override_variations":false,"allowed_variations":[4424],"override_default_variation_attributes":true,"default_variation_attributes":[{"id":11,"name":"Grit","option":"m-fr"},{"id":13,"name":"Diameter","option":"ln-012-fr"}],"single_product_visibility":"hidden","cart_visibility":"hidden","order_visibility":"hidden","single_product_price_visibility":"visible","cart_price_visibility":"visible","order_price_visibility":"visible","stock_status":"in_stock"},{"bundled_item_id":2356,"product_id":6027,"menu_order":8,"quantity_min":1,"quantity_max":1,"quantity_default":1,"priced_individually":false,"shipped_individually":false,"override_title":false,"title":"Pince \u00e0 \u00e9piler \u00e0 film radiographique","override_description":false,"description":"Pince \u00e0 \u00e9piler \u00e0 film radiographique","optional":false,"hide_thumbnail":false,"discount":"","override_variations":false,"allowed_variations":[""],"override_default_variation_attributes":false,"default_variation_attributes":[],"single_product_visibility":"hidden","cart_visibility":"hidden","order_visibility":"hidden","single_product_price_visibility":"visible","cart_price_visibility":"visible","order_price_visibility":"visible","stock_status":"in_stock"},{"bundled_item_id":2357,"product_id":6067,"menu_order":9,"quantity_min":4,"quantity_max":4,"quantity_default":4,"priced_individually":false,"shipped_individually":false,"override_title":false,"title":"Support de film radiographique (6 pochettes)","override_description":false,"description":"Support de film radiographique (6 pochettes)","optional":false,"hide_thumbnail":false,"discount":"","override_variations":false,"allowed_variations":[""],"override_default_variation_attributes":false,"default_variation_attributes":[],"single_product_visibility":"hidden","cart_visibility":"hidden","order_visibility":"hidden","single_product_price_visibility":"visible","cart_price_visibility":"visible","order_price_visibility":"visible","stock_status":"in_stock"},{"bundled_item_id":2361,"product_id":6201,"menu_order":10,"quantity_min":1,"quantity_max":1,"quantity_default":1,"priced_individually":false,"shipped_individually":false,"override_title":false,"title":"Dent endodontique","override_description":false,"description":"Dent endodontique","optional":false,"hide_thumbnail":false,"discount":"","override_variations":true,"allowed_variations":[6206],"override_default_variation_attributes":true,"default_variation_attributes":[{"id":6,"name":"Tooth Number","option":"34-fr"}],"single_product_visibility":"visible","cart_visibility":"visible","order_visibility":"visible","single_product_price_visibility":"visible","cart_price_visibility":"visible","order_price_visibility":"visible","stock_status":"in_stock"},{"bundled_item_id":2360,"product_id":6201,"menu_order":11,"quantity_min":1,"quantity_max":1,"quantity_default":1,"priced_individually":false,"shipped_individually":false,"override_title":false,"title":"Dent endodontique","override_description":false,"description":"Dent endodontique","optional":false,"hide_thumbnail":false,"discount":"","override_variations":true,"allowed_variations":[6205],"override_default_variation_attributes":true,"default_variation_attributes":[{"id":6,"name":"Tooth Number","option":"33-fr"}],"single_product_visibility":"visible","cart_visibility":"visible","order_visibility":"visible","single_product_price_visibility":"visible","cart_price_visibility":"visible","order_price_visibility":"visible","stock_status":"in_stock"},{"bundled_item_id":2359,"product_id":6201,"menu_order":12,"quantity_min":1,"quantity_max":1,"quantity_default":1,"priced_individually":false,"shipped_individually":false,"override_title":false,"title":"Dent endodontique","override_description":false,"description":"Dent endodontique","optional":false,"hide_thumbnail":false,"discount":"","override_variations":true,"allowed_variations":[6204],"override_default_variation_attributes":true,"default_variation_attributes":[{"id":6,"name":"Tooth Number","option":"24-fr"}],"single_product_visibility":"visible","cart_visibility":"visible","order_visibility":"visible","single_product_price_visibility":"visible","cart_price_visibility":"visible","order_price_visibility":"visible","stock_status":"in_stock"},{"bundled_item_id":2358,"product_id":6201,"menu_order":13,"quantity_min":1,"quantity_max":1,"quantity_default":1,"priced_individually":false,"shipped_individually":false,"override_title":false,"title":"Dent endodontique","override_description":false,"description":"Dent endodontique","optional":false,"hide_thumbnail":false,"discount":"","override_variations":true,"allowed_variations":[6203],"override_default_variation_attributes":true,"default_variation_attributes":[{"id":6,"name":"Tooth Number","option":"21-fr"}],"single_product_visibility":"visible","cart_visibility":"visible","order_visibility":"visible","single_product_price_visibility":"visible","cart_price_visibility":"visible","order_price_visibility":"visible","stock_status":"in_stock"},{"bundled_item_id":2362,"product_id":6070,"menu_order":14,"quantity_min":1,"quantity_max":5,"quantity_default":1,"priced_individually":true,"shipped_individually":false,"override_title":false,"title":"Filme Intraoral Ultra Speed x10","override_description":false,"description":"Filme Intraoral Ultra Speed x10","optional":false,"hide_thumbnail":false,"discount":"","override_variations":false,"allowed_variations":[""],"override_default_variation_attributes":false,"default_variation_attributes":[],"single_product_visibility":"visible","cart_visibility":"visible","order_visibility":"visible","single_product_price_visibility":"visible","cart_price_visibility":"visible","order_price_visibility":"visible","stock_status":"in_stock"},{"bundled_item_id":2363,"product_id":6061,"menu_order":15,"quantity_min":1,"quantity_max":1,"quantity_default":1,"priced_individually":false,"shipped_individually":false,"override_title":false,"title":"Bo\u00eetier moyen en plastique","override_description":false,"description":"Bo\u00eetier moyen en plastique","optional":false,"hide_thumbnail":false,"discount":"","override_variations":false,"allowed_variations":[""],"override_default_variation_attributes":false,"default_variation_attributes":[],"single_product_visibility":"hidden","cart_visibility":"hidden","order_visibility":"hidden","single_product_price_visibility":"visible","cart_price_visibility":"visible","order_price_visibility":"visible","stock_status":"in_stock"},{"bundled_item_id":2364,"product_id":6025,"menu_order":16,"quantity_min":1,"quantity_max":1,"quantity_default":1,"priced_individually":false,"shipped_individually":false,"override_title":false,"title":"\u00c9pandeur ABCD","override_description":false,"description":"\u00c9pandeur ABCD","optional":false,"hide_thumbnail":false,"discount":"","override_variations":false,"allowed_variations":[""],"override_default_variation_attributes":false,"default_variation_attributes":[],"single_product_visibility":"hidden","cart_visibility":"hidden","order_visibility":"hidden","single_product_price_visibility":"visible","cart_price_visibility":"visible","order_price_visibility":"visible","stock_status":"in_stock"},{"bundled_item_id":2365,"product_id":6071,"menu_order":17,"quantity_min":1,"quantity_max":1,"quantity_default":1,"priced_individually":false,"shipped_individually":false,"override_title":false,"title":"Endo Z","override_description":false,"description":"Endo Z","optional":false,"hide_thumbnail":false,"discount":"","override_variations":false,"allowed_variations":[""],"override_default_variation_attributes":false,"default_variation_attributes":[],"single_product_visibility":"hidden","cart_visibility":"hidden","order_visibility":"hidden","single_product_price_visibility":"visible","cart_price_visibility":"visible","order_price_visibility":"visible","stock_status":"in_stock"},{"bundled_item_id":2366,"product_id":6036,"menu_order":18,"quantity_min":1,"quantity_max":1,"quantity_default":1,"priced_individually":false,"shipped_individually":false,"override_title":false,"title":"Pince \u00e0 \u00e9piler Gutta","override_description":false,"description":"Pince \u00e0 \u00e9piler Gutta","optional":false,"hide_thumbnail":false,"discount":"","override_variations":false,"allowed_variations":[""],"override_default_variation_attributes":false,"default_variation_attributes":[],"single_product_visibility":"hidden","cart_visibility":"hidden","order_visibility":"hidden","single_product_price_visibility":"visible","cart_price_visibility":"visible","order_price_visibility":"visible","stock_status":"in_stock"},{"bundled_item_id":2367,"product_id":6076,"menu_order":19,"quantity_min":1,"quantity_max":1,"quantity_default":1,"priced_individually":false,"shipped_individually":false,"override_title":false,"title":"But\u00e9e en silicone","override_description":false,"description":"But\u00e9e en silicone","optional":false,"hide_thumbnail":false,"discount":"","override_variations":false,"allowed_variations":[""],"override_default_variation_attributes":false,"default_variation_attributes":[],"single_product_visibility":"hidden","cart_visibility":"hidden","order_visibility":"hidden","single_product_price_visibility":"visible","cart_price_visibility":"visible","order_price_visibility":"visible","stock_status":"in_stock"},{"bundled_item_id":2368,"product_id":6074,"menu_order":20,"quantity_min":1,"quantity_max":1,"quantity_default":1,"priced_individually":false,"shipped_individually":false,"override_title":false,"title":"Seringue 10ml Luer Lock","override_description":false,"description":"Seringue 10ml Luer Lock","optional":false,"hide_thumbnail":false,"discount":"","override_variations":false,"allowed_variations":[""],"override_default_variation_attributes":false,"default_variation_attributes":[],"single_product_visibility":"hidden","cart_visibility":"hidden","order_visibility":"hidden","single_product_price_visibility":"visible","cart_price_visibility":"visible","order_price_visibility":"visible","stock_status":"in_stock"},{"bundled_item_id":2369,"product_id":6032,"menu_order":21,"quantity_min":1,"quantity_max":1,"quantity_default":1,"priced_individually":false,"shipped_individually":false,"override_title":false,"title":"Aiguille 27g Jaune","override_description":false,"description":"Aiguille 27g Jaune","optional":false,"hide_thumbnail":false,"discount":"","override_variations":false,"allowed_variations":[""],"override_default_variation_attributes":false,"default_variation_attributes":[],"single_product_visibility":"hidden","cart_visibility":"hidden","order_visibility":"hidden","single_product_price_visibility":"visible","cart_price_visibility":"visible","order_price_visibility":"visible","stock_status":"in_stock"},{"bundled_item_id":2404,"product_id":6066,"menu_order":22,"quantity_min":1,"quantity_max":1,"quantity_default":1,"priced_individually":false,"shipped_individually":false,"override_title":false,"title":"R\u00e9glette endodontique","override_description":false,"description":"R\u00e9glette endodontique","optional":false,"hide_thumbnail":false,"discount":"","override_variations":false,"allowed_variations":[""],"override_default_variation_attributes":false,"default_variation_attributes":[],"single_product_visibility":"hidden","cart_visibility":"hidden","order_visibility":"hidden","single_product_price_visibility":"visible","cart_price_visibility":"visible","order_price_visibility":"visible","stock_status":"in_stock"}],"bundle_sell_ids":[],"supplier_id":null,"supplier_sku":"","barcode":null,"atum_controlled":true,"out_stock_date":null,"out_stock_threshold":null,"inheritable":true,"inbound_stock":0,"stock_on_hold":0,"sold_today":0,"sales_last_days":0,"reserved_stock":0,"customer_returns":0,"warehouse_damage":0,"lost_in_post":0,"other_logs":0,"out_stock_days":0,"lost_sales":0,"has_location":false,"update_date":"2026-05-11T01:00:16","atum_locations":[],"atum_stock_status":"instock","restock_status":false,"low_stock_amount":"","sales_update_date":"2026-05-11T01:00:16","calc_backorders":null,"jetpack_sharing_enabled":true,"_links":{"self":[{"href":"https:\/\/akademy.k-dental.fr\/fr\/wp-json\/wp\/v2\/product\/8019","targetHints":{"allow":["GET"]}}],"collection":[{"href":"https:\/\/akademy.k-dental.fr\/fr\/wp-json\/wp\/v2\/product"}],"about":[{"href":"https:\/\/akademy.k-dental.fr\/fr\/wp-json\/wp\/v2\/types\/product"}],"replies":[{"embeddable":true,"href":"https:\/\/akademy.k-dental.fr\/fr\/wp-json\/wp\/v2\/comments?post=8019"}],"wp:featuredmedia":[{"embeddable":true,"href":"https:\/\/akademy.k-dental.fr\/fr\/wp-json\/wp\/v2\/media\/3769"}],"wp:attachment":[{"href":"https:\/\/akademy.k-dental.fr\/fr\/wp-json\/wp\/v2\/media?parent=8019"}],"wp:term":[{"taxonomy":"product_brand","embeddable":true,"href":"https:\/\/akademy.k-dental.fr\/fr\/wp-json\/wp\/v2\/product_brand?post=8019"},{"taxonomy":"product_cat","embeddable":true,"href":"https:\/\/akademy.k-dental.fr\/fr\/wp-json\/wp\/v2\/product_cat?post=8019"},{"taxonomy":"product_tag","embeddable":true,"href":"https:\/\/akademy.k-dental.fr\/fr\/wp-json\/wp\/v2\/product_tag?post=8019"}],"curies":[{"name":"wp","href":"https:\/\/api.w.org\/{rel}","templated":true}]}}