{"id":8359,"date":"2026-02-05T15:14:43","date_gmt":"2026-02-05T15:14:43","guid":{"rendered":"https:\/\/akademy.k-dental.fr\/product\/prothese-en-faisceau-1\/"},"modified":"2026-02-12T22:40:51","modified_gmt":"2026-02-12T22:40:51","slug":"prothese-en-faisceau-1","status":"publish","type":"product","link":"https:\/\/akademy.k-dental.fr\/fr\/produit\/prothese-en-faisceau-1\/","title":{"rendered":"Bundle Prostodontie 1"},"content":{"rendered":"<ul>\n<li>Broqueiro Polimento Acrilico :\n<ul>\n<li>Broca polimento Verde<\/li>\n<li>Broca polimento Cinzenta<\/li>\n<li>Broca polimento amarelho<\/li>\n<li>Broca 5451.060HP<\/li>\n<li>Broca 5310.060HP<\/li>\n<li>Broca 5630.045HP<\/li>\n<\/ul>\n<\/li>\n<li>Silic&rsquo;Hold &#8211; Broqueiro amerelho\n<ul>\n<li>Broca esferica 801<\/li>\n<li>Broca esferica 801<\/li>\n<li>Broca pera 239<\/li>\n<li>Broca pera 239<\/li>\n<\/ul>\n<\/li>\n<li>Decimal calipers : boley<\/li>\n<li>Moldeiras S\/M\/L plastico 135\u00b0c (6pcs)<\/li>\n<li>Oferto :\n<ul>\n<li>Pencil bundle colored + gray<\/li>\n<\/ul>\n<\/li>\n<li>Opcional\n<ul>\n<li>Socaladores x3 (S, M, L)<\/li>\n<\/ul>\n<\/li>\n<\/ul>\n","protected":false},"excerpt":{"rendered":"<p>Commencez Prothodontie 1 avec confiance.<br \/>\nCe pack Prosthodontics 1 rassemble les instruments et mat\u00e9riaux essentiels dont vous avez besoin pour vos s\u00e9ances pratiques, y compris tout ce qu\u2019il faut pour fabriquer des plateaux d\u2019impression personnalis\u00e9s (plateaux individuels). Des fraises et polisseurs aux mat\u00e9riaux de base pour mod\u00e8les en pl\u00e2tre, c\u2019est un ensemble complet pr\u00eat \u00e0 l\u2019emploi, con\u00e7u pour vous faire gagner du temps et garantir que vous soyez enti\u00e8rement \u00e9quip\u00e9 d\u00e8s le premier jour.<br \/>\n<strong>Bonus gratuit<\/strong> : un ensemble de 6 crayons de couleur + un crayon m\u00e9canique, sans frais suppl\u00e9mentaires.<\/p>\n","protected":false},"featured_media":8360,"comment_status":"open","ping_status":"closed","template":"","meta":[],"product_brand":[],"product_cat":[320,317,316],"product_tag":[],"class_list":{"0":"post-8359","1":"product","2":"type-product","3":"status-publish","4":"has-post-thumbnail","6":"product_cat-3-ufp-fr","7":"product_cat-ufp-fr","8":"product_cat-pack-etudiants","10":"first","11":"instock","12":"sale","13":"virtual","14":"purchasable","15":"product-type-bundle"},"bundled_by":[],"bundle_stock_status":"instock","bundle_stock_quantity":15,"bundle_virtual":false,"bundle_layout":"default","bundle_add_to_cart_form_location":"default","bundle_editable_in_cart":false,"bundle_sold_individually_context":"product","bundle_item_grouping":"parent","bundle_min_size":"","bundle_max_size":"","bundle_price":{"price":{"min":{"incl_tax":"55","excl_tax":"55"},"max":{"incl_tax":"60.5","excl_tax":"60.5"}},"regular_price":{"min":{"incl_tax":"59","excl_tax":"59"},"max":{"incl_tax":"64.5","excl_tax":"64.5"}}},"bundled_items":[{"bundled_item_id":2648,"product_id":8350,"menu_order":0,"quantity_min":1,"quantity_max":1,"quantity_default":1,"priced_individually":true,"shipped_individually":false,"override_title":false,"title":"Porte-fraise en plastique HP","override_description":false,"description":"Porte-fraise en plastique HP","optional":false,"hide_thumbnail":false,"discount":"","override_variations":false,"allowed_variations":[""],"override_default_variation_attributes":false,"default_variation_attributes":[],"single_product_visibility":"hidden","cart_visibility":"hidden","order_visibility":"hidden","single_product_price_visibility":"visible","cart_price_visibility":"visible","order_price_visibility":"visible","stock_status":"in_stock"},{"bundled_item_id":2649,"product_id":8340,"menu_order":1,"quantity_min":2,"quantity_max":2,"quantity_default":2,"priced_individually":true,"shipped_individually":false,"override_title":false,"title":"Polisseur acrylique #0676HP","override_description":false,"description":"Polisseur acrylique #0676HP","optional":false,"hide_thumbnail":false,"discount":"20","override_variations":false,"allowed_variations":[""],"override_default_variation_attributes":false,"default_variation_attributes":[],"single_product_visibility":"hidden","cart_visibility":"hidden","order_visibility":"hidden","single_product_price_visibility":"visible","cart_price_visibility":"visible","order_price_visibility":"visible","stock_status":"in_stock"},{"bundled_item_id":2650,"product_id":8346,"menu_order":2,"quantity_min":1,"quantity_max":1,"quantity_default":1,"priced_individually":true,"shipped_individually":false,"override_title":false,"title":"Polisseur acrylique #0656HP","override_description":false,"description":"Polisseur acrylique #0656HP","optional":false,"hide_thumbnail":false,"discount":"20","override_variations":false,"allowed_variations":[""],"override_default_variation_attributes":false,"default_variation_attributes":[],"single_product_visibility":"hidden","cart_visibility":"hidden","order_visibility":"hidden","single_product_price_visibility":"visible","cart_price_visibility":"visible","order_price_visibility":"visible","stock_status":"in_stock"},{"bundled_item_id":2651,"product_id":8352,"menu_order":3,"quantity_min":2,"quantity_max":2,"quantity_default":2,"priced_individually":true,"shipped_individually":false,"override_title":false,"title":"Polisseur acrylique #0666HP","override_description":false,"description":"Polisseur acrylique #0666HP","optional":false,"hide_thumbnail":false,"discount":"20","override_variations":false,"allowed_variations":[""],"override_default_variation_attributes":false,"default_variation_attributes":[],"single_product_visibility":"hidden","cart_visibility":"hidden","order_visibility":"hidden","single_product_price_visibility":"visible","cart_price_visibility":"visible","order_price_visibility":"visible","stock_status":"in_stock"},{"bundled_item_id":2652,"product_id":6684,"menu_order":4,"quantity_min":1,"quantity_max":1,"quantity_default":1,"priced_individually":true,"shipped_individually":false,"override_title":false,"title":"5451.060HP Tungsten Bur","override_description":false,"description":"5451.060HP Tungsten Bur","optional":false,"hide_thumbnail":false,"discount":"9.09","override_variations":false,"allowed_variations":[""],"override_default_variation_attributes":false,"default_variation_attributes":[],"single_product_visibility":"hidden","cart_visibility":"hidden","order_visibility":"hidden","single_product_price_visibility":"visible","cart_price_visibility":"visible","order_price_visibility":"visible","stock_status":"in_stock"},{"bundled_item_id":2653,"product_id":6682,"menu_order":5,"quantity_min":1,"quantity_max":1,"quantity_default":1,"priced_individually":true,"shipped_individually":false,"override_title":false,"title":"5310.060HP Tungsten Bur","override_description":false,"description":"5310.060HP Tungsten Bur","optional":false,"hide_thumbnail":false,"discount":"9.09","override_variations":false,"allowed_variations":[""],"override_default_variation_attributes":false,"default_variation_attributes":[],"single_product_visibility":"hidden","cart_visibility":"hidden","order_visibility":"hidden","single_product_price_visibility":"visible","cart_price_visibility":"visible","order_price_visibility":"visible","stock_status":"in_stock"},{"bundled_item_id":2654,"product_id":6680,"menu_order":6,"quantity_min":1,"quantity_max":1,"quantity_default":1,"priced_individually":true,"shipped_individually":false,"override_title":false,"title":"5630.045HP Tungsten Bur","override_description":false,"description":"5630.045HP Tungsten Bur","optional":false,"hide_thumbnail":false,"discount":"9.09","override_variations":false,"allowed_variations":[""],"override_default_variation_attributes":false,"default_variation_attributes":[],"single_product_visibility":"hidden","cart_visibility":"hidden","order_visibility":"hidden","single_product_price_visibility":"visible","cart_price_visibility":"visible","order_price_visibility":"visible","stock_status":"in_stock"},{"bundled_item_id":2655,"product_id":6162,"menu_order":7,"quantity_min":1,"quantity_max":1,"quantity_default":1,"priced_individually":true,"shipped_individually":false,"override_title":false,"title":"Silic\u2019Hold &#8211; Porte-fraise","override_description":false,"description":"Silic\u2019Hold &#8211; Porte-fraise","optional":false,"hide_thumbnail":false,"discount":"","override_variations":true,"allowed_variations":[6175],"override_default_variation_attributes":true,"default_variation_attributes":[{"id":12,"name":"Slots","option":"prostodontia-ufp-fr"}],"single_product_visibility":"hidden","cart_visibility":"hidden","order_visibility":"hidden","single_product_price_visibility":"visible","cart_price_visibility":"visible","order_price_visibility":"visible","stock_status":"in_stock"},{"bundled_item_id":2657,"product_id":6186,"menu_order":8,"quantity_min":1,"quantity_max":1,"quantity_default":1,"priced_individually":true,"shipped_individually":false,"override_title":false,"title":"Fraise diamant\u00e9e ronde 801","override_description":false,"description":"Fraise diamant\u00e9e ronde 801","optional":false,"hide_thumbnail":false,"discount":"","override_variations":true,"allowed_variations":[6710],"override_default_variation_attributes":true,"default_variation_attributes":[{"id":11,"name":"Grit","option":"m-fr"},{"id":13,"name":"Diameter","option":"16-fr"}],"single_product_visibility":"hidden","cart_visibility":"hidden","order_visibility":"hidden","single_product_price_visibility":"visible","cart_price_visibility":"visible","order_price_visibility":"visible","stock_status":"in_stock"},{"bundled_item_id":2656,"product_id":6186,"menu_order":9,"quantity_min":1,"quantity_max":1,"quantity_default":1,"priced_individually":true,"shipped_individually":false,"override_title":false,"title":"Fraise diamant\u00e9e ronde 801","override_description":false,"description":"Fraise diamant\u00e9e ronde 801","optional":false,"hide_thumbnail":false,"discount":"","override_variations":true,"allowed_variations":[6708],"override_default_variation_attributes":true,"default_variation_attributes":[{"id":11,"name":"Grit","option":"m-fr"},{"id":13,"name":"Diameter","option":"14-fr"}],"single_product_visibility":"hidden","cart_visibility":"hidden","order_visibility":"hidden","single_product_price_visibility":"visible","cart_price_visibility":"visible","order_price_visibility":"visible","stock_status":"in_stock"},{"bundled_item_id":2658,"product_id":8337,"menu_order":10,"quantity_min":1,"quantity_max":1,"quantity_default":1,"priced_individually":true,"shipped_individually":false,"override_title":false,"title":"Diamond Bur Pear 234","override_description":false,"description":"Diamond Bur Pear 234","optional":false,"hide_thumbnail":false,"discount":"","override_variations":true,"allowed_variations":[8338],"override_default_variation_attributes":true,"default_variation_attributes":[{"id":11,"name":"Grit","option":"m-fr"},{"id":13,"name":"Diameter","option":"12-fr"}],"single_product_visibility":"hidden","cart_visibility":"hidden","order_visibility":"hidden","single_product_price_visibility":"visible","cart_price_visibility":"visible","order_price_visibility":"visible","stock_status":"in_stock"},{"bundled_item_id":2659,"product_id":8337,"menu_order":11,"quantity_min":1,"quantity_max":1,"quantity_default":1,"priced_individually":true,"shipped_individually":false,"override_title":false,"title":"Diamond Bur Pear 234","override_description":false,"description":"Diamond Bur Pear 234","optional":false,"hide_thumbnail":false,"discount":"","override_variations":true,"allowed_variations":[8339],"override_default_variation_attributes":true,"default_variation_attributes":[{"id":11,"name":"Grit","option":"m-fr"},{"id":13,"name":"Diameter","option":"14-fr"}],"single_product_visibility":"hidden","cart_visibility":"hidden","order_visibility":"hidden","single_product_price_visibility":"visible","cart_price_visibility":"visible","order_price_visibility":"visible","stock_status":"in_stock"},{"bundled_item_id":2660,"product_id":8355,"menu_order":12,"quantity_min":1,"quantity_max":1,"quantity_default":1,"priced_individually":true,"shipped_individually":false,"override_title":false,"title":"\u00c9trier d\u00e9cimal : boley","override_description":false,"description":"\u00c9trier d\u00e9cimal : boley","optional":false,"hide_thumbnail":false,"discount":"","override_variations":false,"allowed_variations":[""],"override_default_variation_attributes":false,"default_variation_attributes":[],"single_product_visibility":"hidden","cart_visibility":"hidden","order_visibility":"hidden","single_product_price_visibility":"visible","cart_price_visibility":"visible","order_price_visibility":"visible","stock_status":"in_stock"},{"bundled_item_id":2661,"product_id":8358,"menu_order":13,"quantity_min":1,"quantity_max":1,"quantity_default":1,"priced_individually":true,"shipped_individually":false,"override_title":false,"title":"Faisceau de crayons color\u00e9 + gris","override_description":false,"description":"Faisceau de crayons color\u00e9 + gris","optional":false,"hide_thumbnail":false,"discount":"","override_variations":false,"allowed_variations":[""],"override_default_variation_attributes":false,"default_variation_attributes":[],"single_product_visibility":"hidden","cart_visibility":"hidden","order_visibility":"hidden","single_product_price_visibility":"visible","cart_price_visibility":"visible","order_price_visibility":"visible","stock_status":"in_stock"},{"bundled_item_id":2662,"product_id":8268,"menu_order":14,"quantity_min":1,"quantity_max":1,"quantity_default":1,"priced_individually":true,"shipped_individually":false,"override_title":false,"title":"Plateau d\u2019impression en plastique autoclavable x6","override_description":false,"description":"Plateau d\u2019impression en plastique autoclavable x6","optional":false,"hide_thumbnail":false,"discount":"","override_variations":false,"allowed_variations":[""],"override_default_variation_attributes":false,"default_variation_attributes":[],"single_product_visibility":"hidden","cart_visibility":"hidden","order_visibility":"hidden","single_product_price_visibility":"visible","cart_price_visibility":"visible","order_price_visibility":"visible","stock_status":"in_stock"},{"bundled_item_id":2663,"product_id":8344,"menu_order":15,"quantity_min":0,"quantity_max":1,"quantity_default":1,"priced_individually":true,"shipped_individually":false,"override_title":false,"title":"Socaladores x3 (S, M, L)","override_description":false,"description":"Socaladores x3 (S, M, L)","optional":false,"hide_thumbnail":false,"discount":"","override_variations":false,"allowed_variations":[""],"override_default_variation_attributes":false,"default_variation_attributes":[],"single_product_visibility":"visible","cart_visibility":"visible","order_visibility":"visible","single_product_price_visibility":"visible","cart_price_visibility":"visible","order_price_visibility":"visible","stock_status":"in_stock"}],"bundle_sell_ids":[],"supplier_id":null,"supplier_sku":"","barcode":null,"atum_controlled":true,"out_stock_date":null,"out_stock_threshold":null,"inheritable":true,"inbound_stock":0,"stock_on_hold":0,"sold_today":0,"sales_last_days":0,"reserved_stock":0,"customer_returns":0,"warehouse_damage":0,"lost_in_post":0,"other_logs":0,"out_stock_days":0,"lost_sales":0,"has_location":false,"update_date":"2026-05-14T01:01:13","atum_locations":[],"atum_stock_status":"instock","restock_status":false,"low_stock_amount":"","sales_update_date":"2026-05-14T01:01:13","calc_backorders":null,"jetpack_sharing_enabled":true,"_links":{"self":[{"href":"https:\/\/akademy.k-dental.fr\/fr\/wp-json\/wp\/v2\/product\/8359","targetHints":{"allow":["GET"]}}],"collection":[{"href":"https:\/\/akademy.k-dental.fr\/fr\/wp-json\/wp\/v2\/product"}],"about":[{"href":"https:\/\/akademy.k-dental.fr\/fr\/wp-json\/wp\/v2\/types\/product"}],"replies":[{"embeddable":true,"href":"https:\/\/akademy.k-dental.fr\/fr\/wp-json\/wp\/v2\/comments?post=8359"}],"wp:featuredmedia":[{"embeddable":true,"href":"https:\/\/akademy.k-dental.fr\/fr\/wp-json\/wp\/v2\/media\/8360"}],"wp:attachment":[{"href":"https:\/\/akademy.k-dental.fr\/fr\/wp-json\/wp\/v2\/media?parent=8359"}],"wp:term":[{"taxonomy":"product_brand","embeddable":true,"href":"https:\/\/akademy.k-dental.fr\/fr\/wp-json\/wp\/v2\/product_brand?post=8359"},{"taxonomy":"product_cat","embeddable":true,"href":"https:\/\/akademy.k-dental.fr\/fr\/wp-json\/wp\/v2\/product_cat?post=8359"},{"taxonomy":"product_tag","embeddable":true,"href":"https:\/\/akademy.k-dental.fr\/fr\/wp-json\/wp\/v2\/product_tag?post=8359"}],"curies":[{"name":"wp","href":"https:\/\/api.w.org\/{rel}","templated":true}]}}