{"id":8391,"date":"2026-02-05T16:56:38","date_gmt":"2026-02-05T16:56:38","guid":{"rendered":"https:\/\/akademy.k-dental.fr\/product\/ensemble-dentistica-2\/"},"modified":"2026-02-05T20:40:00","modified_gmt":"2026-02-05T20:40:00","slug":"ensemble-dentistica-2","status":"publish","type":"product","link":"https:\/\/akademy.k-dental.fr\/fr\/produit\/ensemble-dentistica-2\/","title":{"rendered":"Dentistica 2 Pack"},"content":{"rendered":"","protected":false},"excerpt":{"rendered":"<p>Dans ce pack con\u00e7u pour Dentistica 2, vous trouverez les instruments qui compl\u00e8tent et compl\u00e8tent le mat\u00e9riel d\u00e9j\u00e0 re\u00e7u lors des cours pr\u00e9c\u00e9dents.<br \/>\nIl comprend les \u00e9l\u00e9ments essentiels pour pratiquer la pose et le polissage de l\u2019amalgame sur les dents de vos mod\u00e8les anatomiques tout au long du semestre. Le pack et les instruments sont disponibles en rose ou r\u00e9gulier (couleur standard).<br \/>\nLes fraises sont optionnelles, car elles sont d\u00e9j\u00e0 incluses dans le kit Dentistica 1.<\/p>\n<p><em>Note : la plaque de verre pr\u00e9sent\u00e9e est uniquement destin\u00e9e \u00e0 la photo ou \u00e0 l\u2019exposition et n\u2019est pas incluse dans le paquet.<\/em><\/p>\n","protected":false},"featured_media":8393,"comment_status":"open","ping_status":"closed","template":"","meta":[],"product_brand":[],"product_cat":[320,317,316],"product_tag":[],"class_list":{"0":"post-8391","1":"product","2":"type-product","3":"status-publish","4":"has-post-thumbnail","6":"product_cat-3-ufp-fr","7":"product_cat-ufp-fr","8":"product_cat-pack-etudiants","10":"first","11":"instock","12":"shipping-taxable","13":"purchasable","14":"product-type-bundle"},"bundled_by":[],"bundle_stock_status":"instock","bundle_stock_quantity":14,"bundle_virtual":false,"bundle_layout":"default","bundle_add_to_cart_form_location":"default","bundle_editable_in_cart":false,"bundle_sold_individually_context":"product","bundle_item_grouping":"parent","bundle_min_size":"","bundle_max_size":"","bundle_price":{"price":{"min":{"incl_tax":"43.5","excl_tax":"43.5"},"max":{"incl_tax":"56","excl_tax":"56"}},"regular_price":{"min":{"incl_tax":"43.5","excl_tax":"43.5"},"max":{"incl_tax":"56","excl_tax":"56"}}},"bundled_items":[{"bundled_item_id":2678,"product_id":8381,"menu_order":0,"quantity_min":1,"quantity_max":1,"quantity_default":1,"priced_individually":true,"shipped_individually":false,"override_title":false,"title":"Sac zipp\u00e9","override_description":false,"description":"Sac zipp\u00e9","optional":false,"hide_thumbnail":false,"discount":"","override_variations":false,"allowed_variations":[""],"override_default_variation_attributes":true,"default_variation_attributes":[{"id":1,"name":"Color","option":"regular-fr"}],"single_product_visibility":"visible","cart_visibility":"visible","order_visibility":"visible","single_product_price_visibility":"hidden","cart_price_visibility":"hidden","order_price_visibility":"hidden","stock_status":"in_stock"},{"bundled_item_id":2679,"product_id":8365,"menu_order":1,"quantity_min":1,"quantity_max":1,"quantity_default":1,"priced_individually":true,"shipped_individually":false,"override_title":false,"title":"Rouleau de bandes matricielles","override_description":false,"description":"Rouleau de bandes matricielles","optional":false,"hide_thumbnail":false,"discount":"","override_variations":false,"allowed_variations":[""],"override_default_variation_attributes":false,"default_variation_attributes":[],"single_product_visibility":"hidden","cart_visibility":"hidden","order_visibility":"hidden","single_product_price_visibility":"visible","cart_price_visibility":"visible","order_price_visibility":"visible","stock_status":"in_stock"},{"bundled_item_id":2680,"product_id":8363,"menu_order":2,"quantity_min":1,"quantity_max":1,"quantity_default":1,"priced_individually":true,"shipped_individually":false,"override_title":false,"title":"Serviteurs de la matrice : Tofflemire","override_description":false,"description":"Serviteurs de la matrice : Tofflemire","optional":false,"hide_thumbnail":false,"discount":"","override_variations":false,"allowed_variations":[""],"override_default_variation_attributes":false,"default_variation_attributes":[],"single_product_visibility":"hidden","cart_visibility":"hidden","order_visibility":"hidden","single_product_price_visibility":"visible","cart_price_visibility":"visible","order_price_visibility":"visible","stock_status":"in_stock"},{"bundled_item_id":2681,"product_id":8369,"menu_order":3,"quantity_min":1,"quantity_max":1,"quantity_default":1,"priced_individually":true,"shipped_individually":false,"override_title":false,"title":"Transporteurs d\u2019amalgame","override_description":false,"description":"Transporteurs d\u2019amalgame","optional":false,"hide_thumbnail":false,"discount":"","override_variations":false,"allowed_variations":[""],"override_default_variation_attributes":false,"default_variation_attributes":[],"single_product_visibility":"hidden","cart_visibility":"hidden","order_visibility":"hidden","single_product_price_visibility":"visible","cart_price_visibility":"visible","order_price_visibility":"visible","stock_status":"in_stock"},{"bundled_item_id":2682,"product_id":8366,"menu_order":4,"quantity_min":1,"quantity_max":1,"quantity_default":1,"priced_individually":true,"shipped_individually":false,"override_title":false,"title":"Vaso de dappen","override_description":false,"description":"Vaso de dappen","optional":false,"hide_thumbnail":false,"discount":"","override_variations":false,"allowed_variations":[""],"override_default_variation_attributes":false,"default_variation_attributes":[],"single_product_visibility":"hidden","cart_visibility":"hidden","order_visibility":"hidden","single_product_price_visibility":"visible","cart_price_visibility":"visible","order_price_visibility":"visible","stock_status":"in_stock"},{"bundled_item_id":2683,"product_id":8370,"menu_order":5,"quantity_min":1,"quantity_max":1,"quantity_default":1,"priced_individually":true,"shipped_individually":false,"override_title":false,"title":"Condenseur vertical d\u2019instrument amalgame","override_description":false,"description":"Condenseur vertical d\u2019instrument amalgame","optional":false,"hide_thumbnail":false,"discount":"","override_variations":false,"allowed_variations":[""],"override_default_variation_attributes":false,"default_variation_attributes":[],"single_product_visibility":"hidden","cart_visibility":"hidden","order_visibility":"hidden","single_product_price_visibility":"visible","cart_price_visibility":"visible","order_price_visibility":"visible","stock_status":"in_stock"},{"bundled_item_id":2684,"product_id":8374,"menu_order":6,"quantity_min":1,"quantity_max":1,"quantity_default":1,"priced_individually":true,"shipped_individually":false,"override_title":false,"title":"Norme Burnisher Frahm pour instruments de remplissage","override_description":false,"description":"Norme Burnisher Frahm pour instruments de remplissage","optional":false,"hide_thumbnail":false,"discount":"","override_variations":false,"allowed_variations":[""],"override_default_variation_attributes":false,"default_variation_attributes":[],"single_product_visibility":"hidden","cart_visibility":"hidden","order_visibility":"hidden","single_product_price_visibility":"visible","cart_price_visibility":"visible","order_price_visibility":"visible","stock_status":"in_stock"},{"bundled_item_id":2685,"product_id":8383,"menu_order":7,"quantity_min":1,"quantity_max":1,"quantity_default":1,"priced_individually":true,"shipped_individually":false,"override_title":false,"title":"Instrument de remplissage Burnisher Wescott","override_description":false,"description":"Instrument de remplissage Burnisher Wescott","optional":false,"hide_thumbnail":false,"discount":"","override_variations":false,"allowed_variations":[""],"override_default_variation_attributes":false,"default_variation_attributes":[],"single_product_visibility":"hidden","cart_visibility":"hidden","order_visibility":"hidden","single_product_price_visibility":"visible","cart_price_visibility":"visible","order_price_visibility":"visible","stock_status":"in_stock"},{"bundled_item_id":2686,"product_id":8373,"menu_order":8,"quantity_min":1,"quantity_max":1,"quantity_default":1,"priced_individually":true,"shipped_individually":false,"override_title":false,"title":"Amalgam\/sculpteurs de cire &#8211; Hollenback","override_description":false,"description":"Amalgam\/sculpteurs de cire &#8211; Hollenback","optional":false,"hide_thumbnail":false,"discount":"","override_variations":false,"allowed_variations":[""],"override_default_variation_attributes":false,"default_variation_attributes":[],"single_product_visibility":"hidden","cart_visibility":"hidden","order_visibility":"hidden","single_product_price_visibility":"visible","cart_price_visibility":"visible","order_price_visibility":"visible","stock_status":"in_stock"},{"bundled_item_id":2687,"product_id":6543,"menu_order":9,"quantity_min":1,"quantity_max":1,"quantity_default":1,"priced_individually":true,"shipped_individually":false,"override_title":false,"title":"Boule de Burnisher 1.2 et 1.9","override_description":false,"description":"Boule de Burnisher 1.2 et 1.9","optional":false,"hide_thumbnail":false,"discount":"","override_variations":false,"allowed_variations":[""],"override_default_variation_attributes":false,"default_variation_attributes":[],"single_product_visibility":"hidden","cart_visibility":"hidden","order_visibility":"hidden","single_product_price_visibility":"visible","cart_price_visibility":"visible","order_price_visibility":"visible","stock_status":"in_stock"},{"bundled_item_id":2688,"product_id":6217,"menu_order":10,"quantity_min":1,"quantity_max":1,"quantity_default":1,"priced_individually":true,"shipped_individually":false,"override_title":false,"title":"Fraise Diamant\u00e9e Football 368","override_description":false,"description":"Fraise Diamant\u00e9e Football 368","optional":true,"hide_thumbnail":false,"discount":"","override_variations":true,"allowed_variations":[6218],"override_default_variation_attributes":true,"default_variation_attributes":[{"id":11,"name":"Grit","option":"f-fr"},{"id":13,"name":"Diameter","option":"23-fr"}],"single_product_visibility":"visible","cart_visibility":"visible","order_visibility":"visible","single_product_price_visibility":"visible","cart_price_visibility":"visible","order_price_visibility":"visible","stock_status":"in_stock"},{"bundled_item_id":2689,"product_id":6237,"menu_order":11,"quantity_min":1,"quantity_max":1,"quantity_default":1,"priced_individually":true,"shipped_individually":false,"override_title":false,"title":"Fraise diamant\u00e9e Aiguille\/Flamme 859","override_description":false,"description":"Fraise diamant\u00e9e Aiguille\/Flamme 859","optional":true,"hide_thumbnail":false,"discount":"","override_variations":true,"allowed_variations":[6239],"override_default_variation_attributes":true,"default_variation_attributes":[{"id":11,"name":"Grit","option":"f-fr"},{"id":13,"name":"Diameter","option":"10-fr"}],"single_product_visibility":"visible","cart_visibility":"visible","order_visibility":"visible","single_product_price_visibility":"visible","cart_price_visibility":"visible","order_price_visibility":"visible","stock_status":"in_stock"},{"bundled_item_id":2690,"product_id":6250,"menu_order":12,"quantity_min":1,"quantity_max":1,"quantity_default":1,"priced_individually":true,"shipped_individually":false,"override_title":false,"title":"Polissoirs","override_description":false,"description":"Polissoirs","optional":true,"hide_thumbnail":false,"discount":"","override_variations":true,"allowed_variations":[6254],"override_default_variation_attributes":true,"default_variation_attributes":[{"id":13,"name":"Diameter","option":"0732ra-fr"}],"single_product_visibility":"visible","cart_visibility":"visible","order_visibility":"visible","single_product_price_visibility":"visible","cart_price_visibility":"visible","order_price_visibility":"visible","stock_status":"in_stock"},{"bundled_item_id":2691,"product_id":6250,"menu_order":12,"quantity_min":1,"quantity_max":1,"quantity_default":1,"priced_individually":true,"shipped_individually":false,"override_title":false,"title":"Polissoirs","override_description":false,"description":"Polissoirs","optional":true,"hide_thumbnail":false,"discount":"","override_variations":true,"allowed_variations":[6252],"override_default_variation_attributes":true,"default_variation_attributes":[{"id":13,"name":"Diameter","option":"0032ra-fr"}],"single_product_visibility":"visible","cart_visibility":"visible","order_visibility":"visible","single_product_price_visibility":"visible","cart_price_visibility":"visible","order_price_visibility":"visible","stock_status":"in_stock"}],"bundle_sell_ids":[],"supplier_id":null,"supplier_sku":"","barcode":null,"atum_controlled":true,"out_stock_date":null,"out_stock_threshold":null,"inheritable":true,"inbound_stock":0,"stock_on_hold":0,"sold_today":0,"sales_last_days":0,"reserved_stock":0,"customer_returns":0,"warehouse_damage":0,"lost_in_post":0,"other_logs":0,"out_stock_days":0,"lost_sales":0,"has_location":false,"update_date":"2026-05-11T01:00:16","atum_locations":[],"atum_stock_status":"instock","restock_status":false,"low_stock_amount":"","sales_update_date":"2026-05-11T01:00:16","calc_backorders":null,"jetpack_sharing_enabled":true,"_links":{"self":[{"href":"https:\/\/akademy.k-dental.fr\/fr\/wp-json\/wp\/v2\/product\/8391","targetHints":{"allow":["GET"]}}],"collection":[{"href":"https:\/\/akademy.k-dental.fr\/fr\/wp-json\/wp\/v2\/product"}],"about":[{"href":"https:\/\/akademy.k-dental.fr\/fr\/wp-json\/wp\/v2\/types\/product"}],"replies":[{"embeddable":true,"href":"https:\/\/akademy.k-dental.fr\/fr\/wp-json\/wp\/v2\/comments?post=8391"}],"wp:featuredmedia":[{"embeddable":true,"href":"https:\/\/akademy.k-dental.fr\/fr\/wp-json\/wp\/v2\/media\/8393"}],"wp:attachment":[{"href":"https:\/\/akademy.k-dental.fr\/fr\/wp-json\/wp\/v2\/media?parent=8391"}],"wp:term":[{"taxonomy":"product_brand","embeddable":true,"href":"https:\/\/akademy.k-dental.fr\/fr\/wp-json\/wp\/v2\/product_brand?post=8391"},{"taxonomy":"product_cat","embeddable":true,"href":"https:\/\/akademy.k-dental.fr\/fr\/wp-json\/wp\/v2\/product_cat?post=8391"},{"taxonomy":"product_tag","embeddable":true,"href":"https:\/\/akademy.k-dental.fr\/fr\/wp-json\/wp\/v2\/product_tag?post=8391"}],"curies":[{"name":"wp","href":"https:\/\/api.w.org\/{rel}","templated":true}]}}