{"id":4027,"date":"2024-08-05T09:41:27","date_gmt":"2024-08-05T09:41:27","guid":{"rendered":"https:\/\/akademy.k-dental.fr\/entrega\/"},"modified":"2025-09-02T12:33:07","modified_gmt":"2025-09-02T12:33:07","slug":"entrega","status":"publish","type":"page","link":"https:\/\/akademy.k-dental.fr\/pt-pt\/entrega\/","title":{"rendered":"Entrega"},"content":{"rendered":"\n<div id=\"wd-d5c637e2\" class=\"wp-block-wd-container wd-dir-col\">\n<h2 id=\"wd-a2cbe3c2\" class=\"wp-block-wd-title title\">Vis\u00e3o geral das op\u00e7\u00f5es de entrega<\/h2>\n\n\n\n<p id=\"wd-959c836c\" class=\"wp-block-wd-paragraph\">A Kdental Akademy oferece m\u00e9todos de envio ideais para qualquer necessidade. Seja uma op\u00e7\u00e3o econ\u00f3mica, especialmente fi\u00e1vel e segura atrav\u00e9s de um transportador especificamente formado. Al\u00e9m disso, tamb\u00e9m pode levantar a sua encomenda pessoalmente na nossa Loja Parceira, se preferir. Nesta p\u00e1gina encontrar\u00e1 uma vis\u00e3o geral de todos os m\u00e9todos de envio dispon\u00edveis.<\/p>\n\n\n\n<div id=\"wd-420f4b4e\" class=\"wp-block-wd-row\">\n<div id=\"wd-043972d0\" class=\"wp-block-wd-column wd-align-is-lg-center\">\n<p id=\"wd-d52ab6bc\" class=\"wp-block-wd-paragraph wd-align\">1. Encomende o produto e escolha o m\u00e9todo de entrega<\/p>\n\n\n\n<div id=\"wd-8f7f2215\" class=\"wp-block-wd-image wd-block-image\"><img loading=\"lazy\" decoding=\"async\" width=\"128\" height=\"128\" class=\" wd-lazy-fade wp-image-2068\" src=\"https:\/\/akademy.k-dental.fr\/wp-content\/themes\/woodmart\/images\/lazy.svg\" data-src=\"https:\/\/akademy.k-dental.fr\/wp-content\/uploads\/2025\/07\/vg-delivery-img-icon-1.svg\" alt=\"\"\/><\/div>\n<\/div>\n\n\n\n<div id=\"wd-c55be48f\" class=\"wp-block-wd-column wd-align-is-lg-center\">\n<p id=\"wd-8e3a7865\" class=\"wp-block-wd-paragraph wd-align\">2. Receber\u00e1 uma confirma\u00e7\u00e3o da encomenda<\/p>\n\n\n\n<div id=\"wd-067eb23b\" class=\"wp-block-wd-image wd-block-image\"><img loading=\"lazy\" decoding=\"async\" width=\"128\" height=\"128\" class=\" wd-lazy-fade wp-image-2064\" src=\"https:\/\/akademy.k-dental.fr\/wp-content\/themes\/woodmart\/images\/lazy.svg\" data-src=\"https:\/\/akademy.k-dental.fr\/wp-content\/uploads\/2025\/07\/vg-delivery-img-icon-2.svg\" alt=\"\"\/><\/div>\n<\/div>\n\n\n\n<div id=\"wd-ee32c89a\" class=\"wp-block-wd-column wd-align-is-lg-center\">\n<p id=\"wd-1c15abd7\" class=\"wp-block-wd-paragraph wd-align\">3. Aguarde a entrega da sua encomenda<\/p>\n\n\n\n<div id=\"wd-4d1af844\" class=\"wp-block-wd-image wd-block-image\"><img loading=\"lazy\" decoding=\"async\" width=\"128\" height=\"128\" class=\" wd-lazy-fade wp-image-2060\" src=\"https:\/\/akademy.k-dental.fr\/wp-content\/themes\/woodmart\/images\/lazy.svg\" data-src=\"https:\/\/akademy.k-dental.fr\/wp-content\/uploads\/2025\/07\/vg-delivery-img-icon-3.svg\" alt=\"\"\/><\/div>\n<\/div>\n\n\n\n<div id=\"wd-75a5decb\" class=\"wp-block-wd-column wd-align-is-lg-center\">\n<p id=\"wd-a71b852b\" class=\"wp-block-wd-paragraph wd-align\">4. Levante a sua encomenda na zona de checkout<\/p>\n\n\n\n<div id=\"wd-f318fb37\" class=\"wp-block-wd-image wd-block-image\"><img loading=\"lazy\" decoding=\"async\" width=\"128\" height=\"128\" class=\" wd-lazy-fade wp-image-2056\" src=\"https:\/\/akademy.k-dental.fr\/wp-content\/themes\/woodmart\/images\/lazy.svg\" data-src=\"https:\/\/akademy.k-dental.fr\/wp-content\/uploads\/2025\/07\/vg-delivery-img-icon-4.svg\" alt=\"\"\/><\/div>\n<\/div>\n<\/div>\n<\/div>\n\n<div id=\"wd-0d2d2dc8\" class=\"wp-block-wd-container wd-dir-col\">\n<h2 id=\"wd-020c872e\" class=\"wp-block-wd-title title\">Troca ou devolu\u00e7\u00e3o de mercadorias<\/h2>\n\n\n\n<p id=\"wd-c478be86\" class=\"wp-block-wd-paragraph\">Tem o direito de devolver qualquer produto no prazo de <strong>14 dias<\/strong> ap\u00f3s a rece\u00e7\u00e3o da sua encomenda, desde que esteja no seu <strong>estado e embalagem originais.<\/strong><\/p>\n\n\n\n<ul class=\"wp-block-list has-small-font-size\">\n<li style=\"font-size:14px\">Os produtos comprados em <strong>promo\u00e7\u00e3o ou com um c\u00f3digo de desconto<\/strong> <strong>n\u00e3o s\u00e3o eleg\u00edveis para devolu\u00e7\u00e3o ou troca.<\/strong><\/li>\n\n\n\n<li style=\"font-size:14px\">Os artigos devem estar completos (incluindo todos os acess\u00f3rios, manuais e embalagens).<\/li>\n\n\n\n<li style=\"font-size:14px\">\u00c9 necess\u00e1ria uma prova de compra para qualquer devolu\u00e7\u00e3o.<\/li>\n<\/ul>\n\n\n\n<p>Assim que o artigo devolvido for recebido e inspecionado, procederemos ao reembolso dentro do prazo legal.<br\/>Note que os custos de devolu\u00e7\u00e3o s\u00e3o da responsabilidade do cliente, exceto se o produto estiver defeituoso ou incorreto.<\/p>\n<\/div>\n\n<div id=\"wd-da4fb822\" class=\"wp-block-wd-container wd-dir-col wd-hide-lg wd-hide-md-sm wd-hide-sm\">\n<h2 id=\"wd-bf9224c0\" class=\"wp-block-wd-title title\">FAQs<\/h2>\n\n\n\n<div id=\"wd-3766aaa8\" class=\"wp-block-wd-accordion wd-accordion wd-style-default wd-titles-start wd-opener-style-arrow wd-opener-pos-end\" data-state=\"first\">\n<div id=\"wd-aef9a1ce\" class=\"wp-block-wd-accordion-pane wd-accordion-item\"><div class=\"wd-accordion-title wd-active\"><div class=\"wd-accordion-title-text\"><span>My order hasn&#8217;t arrived yet. Where is it?<\/span><\/div><span class=\"wd-accordion-opener\"><\/span><\/div><div class=\"wd-accordion-content wd-active\"><div class=\"wd-accordion-content-inner\">\n<p id=\"wd-44e7259f\" class=\"wp-block-wd-paragraph\">A client that&#8217;s unhappy for a reason is a problem, a client that&#8217;s unhappy though he or her can&#8217;t quite put a finger on it is worse. Chances are there wasn&#8217;t collaboration, communication, and checkpoints, there wasn&#8217;t a process agreed upon or specified with the granularity required.<\/p>\n\n\n\n<p id=\"wd-87537fe9\" class=\"wp-block-wd-paragraph\">It&#8217;s content strategy gone awry right from the start. Forswearing the use of Lorem Ipsum wouldn&#8217;t have helped, won&#8217;t help now. It&#8217;s like saying you&#8217;re a bad designer, use less bold text, don&#8217;t use italics in every other paragraph. True enough, but that&#8217;s not all that it takes to get things back on track.<\/p>\n<\/div><\/div><\/div>\n\n\n\n<div id=\"wd-0782b3db\" class=\"wp-block-wd-accordion-pane wd-accordion-item\"><div class=\"wd-accordion-title\"><div class=\"wd-accordion-title-text\"><span>Do you deliver on public holidays?<\/span><\/div><span class=\"wd-accordion-opener\"><\/span><\/div><div class=\"wd-accordion-content\"><div class=\"wd-accordion-content-inner\">\n<p id=\"wd-479d3c06\" class=\"wp-block-wd-paragraph\">If that&#8217;s what you think how bout the other way around? How can you evaluate content without design? No typography, no colors, no layout, no styles, all those things that convey the important signals that go beyond the mere textual, hierarchies of information, weight, emphasis, oblique stresses, priorities, all those subtle cues that also have visual and emotional appeal to the reader. Rigid proponents of content strategy may shun the use of dummy copy but then designers might want to ask them to provide style sheets with the copy decks they supply that are in tune with the design direction they require.<\/p>\n<\/div><\/div><\/div>\n\n\n\n<div id=\"wd-878524e9\" class=\"wp-block-wd-accordion-pane wd-accordion-item\"><div class=\"wd-accordion-title\"><div class=\"wd-accordion-title-text\"><span>Do you deliver to my postcode?<\/span><\/div><span class=\"wd-accordion-opener\"><\/span><\/div><div class=\"wd-accordion-content\"><div class=\"wd-accordion-content-inner\">\n<p id=\"wd-e3ed12ce\" class=\"wp-block-wd-paragraph\">A client that&#8217;s unhappy for a reason is a problem, a client that&#8217;s unhappy though he or her can&#8217;t quite put a finger on it is worse. Chances are there wasn&#8217;t collaboration, communication, and checkpoints, there wasn&#8217;t a process agreed upon or specified with the granularity required.<\/p>\n\n\n\n<p id=\"wd-c78ddbff\" class=\"wp-block-wd-paragraph\">It&#8217;s content strategy gone awry right from the start. Forswearing the use of Lorem Ipsum wouldn&#8217;t have helped, won&#8217;t help now. It&#8217;s like saying you&#8217;re a bad designer, use less bold text, don&#8217;t use italics in every other paragraph. True enough, but that&#8217;s not all that it takes to get things back on track.<\/p>\n<\/div><\/div><\/div>\n\n\n\n<div id=\"wd-9ad75609\" class=\"wp-block-wd-accordion-pane wd-accordion-item\"><div class=\"wd-accordion-title\"><div class=\"wd-accordion-title-text\"><span>Is next-day delivery available on all orders?<\/span><\/div><span class=\"wd-accordion-opener\"><\/span><\/div><div class=\"wd-accordion-content\"><div class=\"wd-accordion-content-inner\">\n<p id=\"wd-51a59bbc\" class=\"wp-block-wd-paragraph\">If that&#8217;s what you think how bout the other way around? How can you evaluate content without design? No typography, no colors, no layout, no styles, all those things that convey the important signals that go beyond the mere textual, hierarchies of information, weight, emphasis, oblique stresses, priorities, all those subtle cues that also have visual and emotional appeal to the reader. Rigid proponents of content strategy may shun the use of dummy copy but then designers might want to ask them to provide style sheets with the copy decks they supply that are in tune with the design direction they require.<\/p>\n<\/div><\/div><\/div>\n\n\n\n<div id=\"wd-6aa04449\" class=\"wp-block-wd-accordion-pane wd-accordion-item\"><div class=\"wd-accordion-title\"><div class=\"wd-accordion-title-text\"><span>Do I need to be there to sign for delivery?<\/span><\/div><span class=\"wd-accordion-opener\"><\/span><\/div><div class=\"wd-accordion-content\"><div class=\"wd-accordion-content-inner\">\n<p id=\"wd-f6d9fc6f\" class=\"wp-block-wd-paragraph\">A client that&#8217;s unhappy for a reason is a problem, a client that&#8217;s unhappy though he or her can&#8217;t quite put a finger on it is worse. Chances are there wasn&#8217;t collaboration, communication, and checkpoints, there wasn&#8217;t a process agreed upon or specified with the granularity required.<\/p>\n\n\n\n<p id=\"wd-d7b2d66a\" class=\"wp-block-wd-paragraph\">It&#8217;s content strategy gone awry right from the start. Forswearing the use of Lorem Ipsum wouldn&#8217;t have helped, won&#8217;t help now. It&#8217;s like saying you&#8217;re a bad designer, use less bold text, don&#8217;t use italics in every other paragraph. True enough, but that&#8217;s not all that it takes to get things back on track.<\/p>\n<\/div><\/div><\/div>\n<\/div>\n<\/div>\n","protected":false},"excerpt":{"rendered":"","protected":false},"author":1,"featured_media":0,"parent":0,"menu_order":0,"comment_status":"closed","ping_status":"closed","template":"","meta":{"footnotes":""},"class_list":["post-4027","page","type-page","status-publish","hentry"],"jetpack_sharing_enabled":true,"_links":{"self":[{"href":"https:\/\/akademy.k-dental.fr\/pt-pt\/wp-json\/wp\/v2\/pages\/4027","targetHints":{"allow":["GET"]}}],"collection":[{"href":"https:\/\/akademy.k-dental.fr\/pt-pt\/wp-json\/wp\/v2\/pages"}],"about":[{"href":"https:\/\/akademy.k-dental.fr\/pt-pt\/wp-json\/wp\/v2\/types\/page"}],"author":[{"embeddable":true,"href":"https:\/\/akademy.k-dental.fr\/pt-pt\/wp-json\/wp\/v2\/users\/1"}],"replies":[{"embeddable":true,"href":"https:\/\/akademy.k-dental.fr\/pt-pt\/wp-json\/wp\/v2\/comments?post=4027"}],"version-history":[{"count":1,"href":"https:\/\/akademy.k-dental.fr\/pt-pt\/wp-json\/wp\/v2\/pages\/4027\/revisions"}],"predecessor-version":[{"id":4028,"href":"https:\/\/akademy.k-dental.fr\/pt-pt\/wp-json\/wp\/v2\/pages\/4027\/revisions\/4028"}],"wp:attachment":[{"href":"https:\/\/akademy.k-dental.fr\/pt-pt\/wp-json\/wp\/v2\/media?parent=4027"}],"curies":[{"name":"wp","href":"https:\/\/api.w.org\/{rel}","templated":true}]}}