{"id":5981,"date":"2025-09-03T18:27:34","date_gmt":"2025-09-03T18:27:34","guid":{"rendered":"https:\/\/akademy.k-dental.fr\/product\/modelo-anatomico-ag3\/"},"modified":"2026-02-25T11:21:57","modified_gmt":"2026-02-25T11:21:57","slug":"modelo-anatomico-ag3","status":"publish","type":"product","link":"https:\/\/akademy.k-dental.fr\/pt-pt\/produto\/modelo-anatomico-ag3\/","title":{"rendered":"Modelo anat\u00f4mico AG3"},"content":{"rendered":"<p data-start=\"123\" data-end=\"379\">O modelo anat\u00f4mico AG3 \u00e9 um modelo anat\u00f4mico dur\u00e1vel projetado para treinamento e educa\u00e7\u00e3o odontol\u00f3gica. Possui 32 dentes anatomicamente precisos feitos de pl\u00e1stico duro termoendurec\u00edvel resistente, ideal para a pr\u00e1tica de profilaxia, procedimentos restauradores e pr\u00f3teses dent\u00e1rias. <\/p>\n<p data-start=\"381\" data-end=\"588\">O modelo oferece intercuspida\u00e7\u00e3o est\u00e1vel entre maxila e mand\u00edbula para uma oclus\u00e3o realista. O seu <strong data-start=\"480\" data-end=\"514\">sistema de fixa\u00e7\u00e3o por parafuso magn\u00e9tico<\/strong> garante uma fixa\u00e7\u00e3o segura, ao mesmo tempo que permite um f\u00e1cil manuseamento e substitui\u00e7\u00e3o. <\/p>\n<p data-start=\"590\" data-end=\"737\">Compat\u00edvel com cabe\u00e7as de pr\u00e1tica padr\u00e3o, este modelo \u00e9 amplamente utilizado em escolas de odontologia e centros de treinamento. Aten\u00e7\u00e3o: articulador n\u00e3o inclu\u00eddo. <\/p>\n","protected":false},"excerpt":{"rendered":"<p>Modelo de denti\u00e7\u00e3o adulta anatomicamente preciso com 32 dentes em pl\u00e1stico duro dur\u00e1vel. Possui fixa\u00e7\u00e3o por parafuso magn\u00e9tico, intercuspida\u00e7\u00e3o est\u00e1vel e \u00e9 ideal para a pr\u00e1tica de profilaxia, t\u00e9cnicas restauradoras e pr\u00f3tese. Articulador n\u00e3o inclu\u00eddo.  <\/p>\n","protected":false},"featured_media":2531,"comment_status":"open","ping_status":"closed","template":"","meta":[],"product_brand":[],"product_cat":[342],"product_tag":[],"class_list":{"0":"post-5981","1":"product","2":"type-product","3":"status-publish","4":"has-post-thumbnail","6":"product_cat-modelos-anatomicos","7":"pa_faculty-ufp-pt-pt","9":"first","10":"instock","11":"shipping-taxable","12":"purchasable","13":"product-type-simple"},"bundled_by":["8239"],"bundle_stock_status":"instock","bundle_stock_quantity":44,"bundle_virtual":false,"bundle_layout":"","bundle_add_to_cart_form_location":"","bundle_editable_in_cart":false,"bundle_sold_individually_context":"","bundle_item_grouping":"","bundle_min_size":"","bundle_max_size":"","bundle_price":[],"bundled_items":[],"bundle_sell_ids":[],"supplier_id":null,"supplier_sku":"","barcode":null,"atum_controlled":true,"out_stock_date":null,"out_stock_threshold":null,"inheritable":false,"inbound_stock":0,"stock_on_hold":0,"sold_today":0,"sales_last_days":0,"reserved_stock":0,"customer_returns":0,"warehouse_damage":0,"lost_in_post":0,"other_logs":0,"out_stock_days":0,"lost_sales":0,"has_location":false,"update_date":"2026-05-11T01:00:23","atum_locations":[],"atum_stock_status":"instock","restock_status":false,"low_stock_amount":"","sales_update_date":"2026-05-11T01:00:23","calc_backorders":null,"jetpack_sharing_enabled":true,"_links":{"self":[{"href":"https:\/\/akademy.k-dental.fr\/pt-pt\/wp-json\/wp\/v2\/product\/5981","targetHints":{"allow":["GET"]}}],"collection":[{"href":"https:\/\/akademy.k-dental.fr\/pt-pt\/wp-json\/wp\/v2\/product"}],"about":[{"href":"https:\/\/akademy.k-dental.fr\/pt-pt\/wp-json\/wp\/v2\/types\/product"}],"replies":[{"embeddable":true,"href":"https:\/\/akademy.k-dental.fr\/pt-pt\/wp-json\/wp\/v2\/comments?post=5981"}],"wp:featuredmedia":[{"embeddable":true,"href":"https:\/\/akademy.k-dental.fr\/pt-pt\/wp-json\/wp\/v2\/media\/2531"}],"wp:attachment":[{"href":"https:\/\/akademy.k-dental.fr\/pt-pt\/wp-json\/wp\/v2\/media?parent=5981"}],"wp:term":[{"taxonomy":"product_brand","embeddable":true,"href":"https:\/\/akademy.k-dental.fr\/pt-pt\/wp-json\/wp\/v2\/product_brand?post=5981"},{"taxonomy":"product_cat","embeddable":true,"href":"https:\/\/akademy.k-dental.fr\/pt-pt\/wp-json\/wp\/v2\/product_cat?post=5981"},{"taxonomy":"product_tag","embeddable":true,"href":"https:\/\/akademy.k-dental.fr\/pt-pt\/wp-json\/wp\/v2\/product_tag?post=5981"}],"curies":[{"name":"wp","href":"https:\/\/api.w.org\/{rel}","templated":true}]}}