{"id":6278,"date":"2025-09-03T18:27:33","date_gmt":"2025-09-03T18:27:33","guid":{"rendered":"https:\/\/akademy.k-dental.fr\/product\/substituicao-de-dentes-do-tipo-kavo\/"},"modified":"2025-12-08T19:17:10","modified_gmt":"2025-12-08T19:17:10","slug":"substituicao-de-dentes-do-tipo-kavo","status":"publish","type":"product","link":"https:\/\/akademy.k-dental.fr\/pt-pt\/produto\/substituicao-de-dentes-do-tipo-kavo\/","title":{"rendered":"Kavo Dentes de Substitui\u00e7\u00e3o Compat\u00edvel"},"content":{"rendered":"<p>Dente de substitui\u00e7\u00e3o concebido para tipodontes do tipo Kavo. Usa um sistema de reten\u00e7\u00e3o de clipes para r\u00e1pida coloca\u00e7\u00e3o e remo\u00e7\u00e3o de snap-in \u2014 sem necessidade de parafuso. Moldado a partir de pl\u00e1stico duro dur\u00e1vel de grau de treinamento com anatomia realista e morfologia oclusal. Ideal para profilaxia e exerc\u00edcios restauradores. N\u00e3o compat\u00edvel com sistemas de parafusos AG3\/A3.    <\/p>\n","protected":false},"excerpt":{"rendered":"<p>Dente de substitui\u00e7\u00e3o para tipodontes do tipo Kavo usando um sistema de reten\u00e7\u00e3o de clip (sem parafuso).<\/p>\n<p><img loading=\"lazy\" decoding=\"async\" class=\" wd-lazy-fade alignnone wp-image-6824\" src=\"https:\/\/akademy.k-dental.fr\/wp-content\/themes\/woodmart\/images\/lazy.svg\" data-src=\"https:\/\/akademy.k-dental.fr\/wp-content\/uploads\/2025\/09\/vg-banner-fs20-2.webp\" alt=\"\" width=\"155\" height=\"62\" srcset=\"\" data-srcset=\"https:\/\/i0.wp.com\/akademy.k-dental.fr\/wp-content\/uploads\/2025\/09\/vg-banner-fs20-2.webp?w=300&amp;ssl=1 300w, https:\/\/i0.wp.com\/akademy.k-dental.fr\/wp-content\/uploads\/2025\/09\/vg-banner-fs20-2.webp?resize=150%2C60&amp;ssl=1 150w\" sizes=\"auto, (max-width: 155px) 100vw, 155px\" \/><\/p>\n","protected":false},"featured_media":2557,"comment_status":"open","ping_status":"closed","template":"","meta":[],"product_brand":[],"product_cat":[342],"product_tag":[],"class_list":{"0":"post-6278","1":"product","2":"type-product","3":"status-publish","4":"has-post-thumbnail","6":"product_cat-modelos-anatomicos","7":"product_shipping_class-dente-kavo","8":"pa_faculty-fmdul-pt-pt","9":"pa_faculty-fmuc-pt-pt","11":"first","12":"instock","13":"shipping-taxable","14":"purchasable","15":"product-type-variable"},"bundled_by":[],"bundle_stock_status":"instock","bundle_stock_quantity":null,"bundle_virtual":false,"bundle_layout":"","bundle_add_to_cart_form_location":"","bundle_editable_in_cart":false,"bundle_sold_individually_context":"","bundle_item_grouping":"","bundle_min_size":"","bundle_max_size":"","bundle_price":[],"bundled_items":[],"bundle_sell_ids":[],"supplier_id":null,"supplier_sku":"","barcode":null,"atum_controlled":true,"out_stock_date":null,"out_stock_threshold":null,"inheritable":true,"inbound_stock":0,"stock_on_hold":0,"sold_today":0,"sales_last_days":0,"reserved_stock":0,"customer_returns":0,"warehouse_damage":0,"lost_in_post":0,"other_logs":0,"out_stock_days":0,"lost_sales":0,"has_location":false,"update_date":"2026-05-11T01:00:13","atum_locations":[],"atum_stock_status":"instock","restock_status":false,"low_stock_amount":"","sales_update_date":"2026-05-11T01:00:13","calc_backorders":null,"jetpack_sharing_enabled":true,"_links":{"self":[{"href":"https:\/\/akademy.k-dental.fr\/pt-pt\/wp-json\/wp\/v2\/product\/6278","targetHints":{"allow":["GET"]}}],"collection":[{"href":"https:\/\/akademy.k-dental.fr\/pt-pt\/wp-json\/wp\/v2\/product"}],"about":[{"href":"https:\/\/akademy.k-dental.fr\/pt-pt\/wp-json\/wp\/v2\/types\/product"}],"replies":[{"embeddable":true,"href":"https:\/\/akademy.k-dental.fr\/pt-pt\/wp-json\/wp\/v2\/comments?post=6278"}],"wp:featuredmedia":[{"embeddable":true,"href":"https:\/\/akademy.k-dental.fr\/pt-pt\/wp-json\/wp\/v2\/media\/2557"}],"wp:attachment":[{"href":"https:\/\/akademy.k-dental.fr\/pt-pt\/wp-json\/wp\/v2\/media?parent=6278"}],"wp:term":[{"taxonomy":"product_brand","embeddable":true,"href":"https:\/\/akademy.k-dental.fr\/pt-pt\/wp-json\/wp\/v2\/product_brand?post=6278"},{"taxonomy":"product_cat","embeddable":true,"href":"https:\/\/akademy.k-dental.fr\/pt-pt\/wp-json\/wp\/v2\/product_cat?post=6278"},{"taxonomy":"product_tag","embeddable":true,"href":"https:\/\/akademy.k-dental.fr\/pt-pt\/wp-json\/wp\/v2\/product_tag?post=6278"}],"curies":[{"name":"wp","href":"https:\/\/api.w.org\/{rel}","templated":true}]}}