{"id":6350,"date":"2025-09-03T18:27:51","date_gmt":"2025-09-03T18:27:51","guid":{"rendered":"https:\/\/akademy.k-dental.fr\/product\/k-files-aco-inoxidavel\/"},"modified":"2026-02-13T06:49:06","modified_gmt":"2026-02-13T06:49:06","slug":"k-files-aco-inoxidavel","status":"publish","type":"product","link":"https:\/\/akademy.k-dental.fr\/pt-pt\/produto\/k-files-aco-inoxidavel\/","title":{"rendered":"K-Files A\u00e7o Inoxid\u00e1vel"},"content":{"rendered":"<p>Domine o essencial da endodontia com os nossos K-Files em a\u00e7o inoxid\u00e1vel.<br \/>\nProjetados para uma negocia\u00e7\u00e3o de canal suave e modelagem eficaz, esses arquivos combinam for\u00e7a, flexibilidade e facilidade de uso, tornando-os a escolha perfeita para estudantes e iniciantes. Acess\u00edveis e fi\u00e1veis, ajudam-no a criar precis\u00e3o e confian\u00e7a durante os tratamentos de canal, ao mesmo tempo que oferecem o mesmo design de confian\u00e7a utilizado por profissionais de medicina dent\u00e1ria em todo o mundo. <\/p>\n","protected":false},"excerpt":{"rendered":"<p>K-Files em a\u00e7o inoxid\u00e1vel projetado para explora\u00e7\u00e3o e modelagem eficazes de canais. Confi\u00e1vel, flex\u00edvel e f\u00e1cil de manusear, a escolha perfeita para estudantes e treinamento endod\u00f4ntico di\u00e1rio. <\/p>\n","protected":false},"featured_media":3291,"comment_status":"open","ping_status":"closed","template":"","meta":[],"product_brand":[],"product_cat":[343],"product_tag":[],"class_list":{"0":"post-6350","1":"product","2":"type-product","3":"status-publish","4":"has-post-thumbnail","6":"product_cat-endodontia","8":"first","9":"instock","10":"shipping-taxable","11":"purchasable","12":"product-type-variable"},"bundled_by":["6724","6724","6724","6724","6724"],"bundle_stock_status":"instock","bundle_stock_quantity":null,"bundle_virtual":false,"bundle_layout":"","bundle_add_to_cart_form_location":"","bundle_editable_in_cart":false,"bundle_sold_individually_context":"","bundle_item_grouping":"","bundle_min_size":"","bundle_max_size":"","bundle_price":[],"bundled_items":[],"bundle_sell_ids":[],"supplier_id":null,"supplier_sku":"","barcode":null,"atum_controlled":true,"out_stock_date":null,"out_stock_threshold":null,"inheritable":true,"inbound_stock":0,"stock_on_hold":0,"sold_today":0,"sales_last_days":0,"reserved_stock":0,"customer_returns":0,"warehouse_damage":0,"lost_in_post":0,"other_logs":0,"out_stock_days":0,"lost_sales":0,"has_location":false,"update_date":"2026-05-11T01:00:36","atum_locations":[],"atum_stock_status":"instock","restock_status":false,"low_stock_amount":"","sales_update_date":"2026-05-11T01:00:36","calc_backorders":null,"jetpack_sharing_enabled":true,"_links":{"self":[{"href":"https:\/\/akademy.k-dental.fr\/pt-pt\/wp-json\/wp\/v2\/product\/6350","targetHints":{"allow":["GET"]}}],"collection":[{"href":"https:\/\/akademy.k-dental.fr\/pt-pt\/wp-json\/wp\/v2\/product"}],"about":[{"href":"https:\/\/akademy.k-dental.fr\/pt-pt\/wp-json\/wp\/v2\/types\/product"}],"replies":[{"embeddable":true,"href":"https:\/\/akademy.k-dental.fr\/pt-pt\/wp-json\/wp\/v2\/comments?post=6350"}],"wp:featuredmedia":[{"embeddable":true,"href":"https:\/\/akademy.k-dental.fr\/pt-pt\/wp-json\/wp\/v2\/media\/3291"}],"wp:attachment":[{"href":"https:\/\/akademy.k-dental.fr\/pt-pt\/wp-json\/wp\/v2\/media?parent=6350"}],"wp:term":[{"taxonomy":"product_brand","embeddable":true,"href":"https:\/\/akademy.k-dental.fr\/pt-pt\/wp-json\/wp\/v2\/product_brand?post=6350"},{"taxonomy":"product_cat","embeddable":true,"href":"https:\/\/akademy.k-dental.fr\/pt-pt\/wp-json\/wp\/v2\/product_cat?post=6350"},{"taxonomy":"product_tag","embeddable":true,"href":"https:\/\/akademy.k-dental.fr\/pt-pt\/wp-json\/wp\/v2\/product_tag?post=6350"}],"curies":[{"name":"wp","href":"https:\/\/api.w.org\/{rel}","templated":true}]}}