{"id":6409,"date":"2025-09-03T18:27:35","date_gmt":"2025-09-03T18:27:35","guid":{"rendered":"https:\/\/akademy.k-dental.fr\/product\/a3-substituicao-de-dentes\/"},"modified":"2025-12-16T23:28:00","modified_gmt":"2025-12-16T23:28:00","slug":"a3-substituicao-de-dentes","status":"publish","type":"product","link":"https:\/\/akademy.k-dental.fr\/pt-pt\/produto\/a3-substituicao-de-dentes\/","title":{"rendered":"A3 Dentes de Substitui\u00e7\u00e3o"},"content":{"rendered":"<p>Dente de substitui\u00e7\u00e3o de pl\u00e1stico duro de grau de treinamento para tipodontes A3. A fixa\u00e7\u00e3o magn\u00e9tica por parafusos proporciona estabilidade e torna as substitui\u00e7\u00f5es r\u00e1pidas e fi\u00e1veis. O n\u00famero de dentes impressos em azul melhora a identifica\u00e7\u00e3o durante o ensino e as avalia\u00e7\u00f5es. Ideal para profilaxia, pr\u00e1tica operat\u00f3ria e prostodontia. N\u00e3o compat\u00edvel com sistemas de clipes do tipo AG3 e Kavo.    <\/p>\n","protected":false},"excerpt":{"rendered":"<p>Dente de substitui\u00e7\u00e3o para tipodonte A3 com fixa\u00e7\u00e3o por parafuso magn\u00e9tico e um n\u00famero impresso azul para alta visibilidade.<\/p>\n<p><img loading=\"lazy\" decoding=\"async\" class=\" wd-lazy-fade alignnone wp-image-6824\" src=\"https:\/\/akademy.k-dental.fr\/wp-content\/themes\/woodmart\/images\/lazy.svg\" data-src=\"https:\/\/akademy.k-dental.fr\/wp-content\/uploads\/2025\/09\/vg-banner-fs20-2.webp\" alt=\"\" width=\"153\" height=\"61\" srcset=\"\" data-srcset=\"https:\/\/i0.wp.com\/akademy.k-dental.fr\/wp-content\/uploads\/2025\/09\/vg-banner-fs20-2.webp?w=300&amp;ssl=1 300w, https:\/\/i0.wp.com\/akademy.k-dental.fr\/wp-content\/uploads\/2025\/09\/vg-banner-fs20-2.webp?resize=150%2C60&amp;ssl=1 150w\" sizes=\"auto, (max-width: 153px) 100vw, 153px\" \/><\/p>\n","protected":false},"featured_media":2541,"comment_status":"open","ping_status":"closed","template":"","meta":[],"product_brand":[],"product_cat":[342],"product_tag":[],"class_list":{"0":"post-6409","1":"product","2":"type-product","3":"status-publish","4":"has-post-thumbnail","6":"product_cat-modelos-anatomicos","7":"product_shipping_class-dente-kavo","8":"pa_faculty-cespu-pt-pt","9":"pa_faculty-fmdup-pt-pt","10":"pa_faculty-ufp-pt-pt","12":"first","13":"instock","14":"shipping-taxable","15":"purchasable","16":"product-type-variable"},"bundled_by":[],"bundle_stock_status":"instock","bundle_stock_quantity":null,"bundle_virtual":false,"bundle_layout":"","bundle_add_to_cart_form_location":"","bundle_editable_in_cart":false,"bundle_sold_individually_context":"","bundle_item_grouping":"","bundle_min_size":"","bundle_max_size":"","bundle_price":[],"bundled_items":[],"bundle_sell_ids":[],"supplier_id":null,"supplier_sku":"","barcode":null,"atum_controlled":true,"out_stock_date":null,"out_stock_threshold":null,"inheritable":true,"inbound_stock":0,"stock_on_hold":0,"sold_today":0,"sales_last_days":0,"reserved_stock":0,"customer_returns":0,"warehouse_damage":0,"lost_in_post":0,"other_logs":0,"out_stock_days":0,"lost_sales":0,"has_location":false,"update_date":"2026-05-14T01:00:42","atum_locations":[],"atum_stock_status":"instock","restock_status":false,"low_stock_amount":"","sales_update_date":"2026-05-14T01:00:42","calc_backorders":null,"jetpack_sharing_enabled":true,"_links":{"self":[{"href":"https:\/\/akademy.k-dental.fr\/pt-pt\/wp-json\/wp\/v2\/product\/6409","targetHints":{"allow":["GET"]}}],"collection":[{"href":"https:\/\/akademy.k-dental.fr\/pt-pt\/wp-json\/wp\/v2\/product"}],"about":[{"href":"https:\/\/akademy.k-dental.fr\/pt-pt\/wp-json\/wp\/v2\/types\/product"}],"replies":[{"embeddable":true,"href":"https:\/\/akademy.k-dental.fr\/pt-pt\/wp-json\/wp\/v2\/comments?post=6409"}],"wp:featuredmedia":[{"embeddable":true,"href":"https:\/\/akademy.k-dental.fr\/pt-pt\/wp-json\/wp\/v2\/media\/2541"}],"wp:attachment":[{"href":"https:\/\/akademy.k-dental.fr\/pt-pt\/wp-json\/wp\/v2\/media?parent=6409"}],"wp:term":[{"taxonomy":"product_brand","embeddable":true,"href":"https:\/\/akademy.k-dental.fr\/pt-pt\/wp-json\/wp\/v2\/product_brand?post=6409"},{"taxonomy":"product_cat","embeddable":true,"href":"https:\/\/akademy.k-dental.fr\/pt-pt\/wp-json\/wp\/v2\/product_cat?post=6409"},{"taxonomy":"product_tag","embeddable":true,"href":"https:\/\/akademy.k-dental.fr\/pt-pt\/wp-json\/wp\/v2\/product_tag?post=6409"}],"curies":[{"name":"wp","href":"https:\/\/api.w.org\/{rel}","templated":true}]}}