{"id":6488,"date":"2025-09-03T18:27:35","date_gmt":"2025-09-03T18:27:35","guid":{"rendered":"https:\/\/akademy.k-dental.fr\/product\/ag3-substituicao-de-dentes\/"},"modified":"2026-02-13T06:49:06","modified_gmt":"2026-02-13T06:49:06","slug":"ag3-substituicao-de-dentes","status":"publish","type":"product","link":"https:\/\/akademy.k-dental.fr\/pt-pt\/produto\/ag3-substituicao-de-dentes\/","title":{"rendered":"AG3 Dentes de Substitui\u00e7\u00e3o"},"content":{"rendered":"<p>Dente de substitui\u00e7\u00e3o dur\u00e1vel e pl\u00e1stico compat\u00edvel com sistemas de tipodonte AG3. Possui fixa\u00e7\u00e3o magn\u00e9tica por parafuso para assentos seguros e trocas r\u00e1pidas. O n\u00famero de dentes impresso a preto melhora a visibilidade e o controlo de invent\u00e1rio. Adequado para exerc\u00edcios de profilaxia, restaura\u00e7\u00e3o e treinamento prostodontico. N\u00e3o compat\u00edvel com sistemas do tipo A3 e clip-on Kavo.    <\/p>\n","protected":false},"excerpt":{"rendered":"<p>Dente de substitui\u00e7\u00e3o para tipodonte AG3 com fixa\u00e7\u00e3o magn\u00e9tica por parafuso e um n\u00famero impresso a preto para uma identifica\u00e7\u00e3o clara.<\/p>\n","protected":false},"featured_media":2549,"comment_status":"open","ping_status":"closed","template":"","meta":[],"product_brand":[],"product_cat":[342],"product_tag":[],"class_list":{"0":"post-6488","1":"product","2":"type-product","3":"status-publish","4":"has-post-thumbnail","6":"product_cat-modelos-anatomicos","7":"pa_faculty-cespu-pt-pt","8":"pa_faculty-fmdup-pt-pt","9":"pa_faculty-ufp-pt-pt","11":"first","12":"instock","13":"shipping-taxable","14":"purchasable","15":"product-type-variable"},"bundled_by":[],"bundle_stock_status":"instock","bundle_stock_quantity":null,"bundle_virtual":false,"bundle_layout":"","bundle_add_to_cart_form_location":"","bundle_editable_in_cart":false,"bundle_sold_individually_context":"","bundle_item_grouping":"","bundle_min_size":"","bundle_max_size":"","bundle_price":[],"bundled_items":[],"bundle_sell_ids":[],"supplier_id":null,"supplier_sku":"","barcode":null,"atum_controlled":true,"out_stock_date":null,"out_stock_threshold":null,"inheritable":true,"inbound_stock":0,"stock_on_hold":0,"sold_today":0,"sales_last_days":0,"reserved_stock":0,"customer_returns":0,"warehouse_damage":0,"lost_in_post":0,"other_logs":0,"out_stock_days":0,"lost_sales":0,"has_location":false,"update_date":"2026-05-11T00:59:43","atum_locations":[],"atum_stock_status":"instock","restock_status":false,"low_stock_amount":"","sales_update_date":"2026-05-11T00:59:43","calc_backorders":null,"jetpack_sharing_enabled":true,"_links":{"self":[{"href":"https:\/\/akademy.k-dental.fr\/pt-pt\/wp-json\/wp\/v2\/product\/6488","targetHints":{"allow":["GET"]}}],"collection":[{"href":"https:\/\/akademy.k-dental.fr\/pt-pt\/wp-json\/wp\/v2\/product"}],"about":[{"href":"https:\/\/akademy.k-dental.fr\/pt-pt\/wp-json\/wp\/v2\/types\/product"}],"replies":[{"embeddable":true,"href":"https:\/\/akademy.k-dental.fr\/pt-pt\/wp-json\/wp\/v2\/comments?post=6488"}],"wp:featuredmedia":[{"embeddable":true,"href":"https:\/\/akademy.k-dental.fr\/pt-pt\/wp-json\/wp\/v2\/media\/2549"}],"wp:attachment":[{"href":"https:\/\/akademy.k-dental.fr\/pt-pt\/wp-json\/wp\/v2\/media?parent=6488"}],"wp:term":[{"taxonomy":"product_brand","embeddable":true,"href":"https:\/\/akademy.k-dental.fr\/pt-pt\/wp-json\/wp\/v2\/product_brand?post=6488"},{"taxonomy":"product_cat","embeddable":true,"href":"https:\/\/akademy.k-dental.fr\/pt-pt\/wp-json\/wp\/v2\/product_cat?post=6488"},{"taxonomy":"product_tag","embeddable":true,"href":"https:\/\/akademy.k-dental.fr\/pt-pt\/wp-json\/wp\/v2\/product_tag?post=6488"}],"curies":[{"name":"wp","href":"https:\/\/api.w.org\/{rel}","templated":true}]}}