{"id":6568,"date":"2025-09-03T18:28:39","date_gmt":"2025-09-03T18:28:39","guid":{"rendered":"https:\/\/akademy.k-dental.fr\/product\/dente-endodontico\/"},"modified":"2026-02-18T12:19:40","modified_gmt":"2026-02-18T12:19:40","slug":"dente-endodontico","status":"publish","type":"product","link":"https:\/\/akademy.k-dental.fr\/pt-pt\/produto\/dente-endodontico\/","title":{"rendered":"Dente Endod\u00f4ntico"},"content":{"rendered":"<p>DRSK RCT \u00e9 um modelo de dente endo equipado com cavidade pulpar e canal(is) radicular(es). Apresenta-se em diferentes formas e varia\u00e7\u00f5es, correspondendo a v\u00e1rios dentes numa denti\u00e7\u00e3o natural. DRSK RCT \u00e9 uma excelente ferramenta educacional para os alunos pr\u00e9-cl\u00ednicos aprenderem a realizar corretamente tratamentos de canal, antes de praticar em pacientes reais. Alguns tipos de DRSK RCT apresentam complexidades que normalmente exigem habilidades avan\u00e7adas de tratamento e, portanto, podem ser usados em uma variedade de cursos de p\u00f3s-gradua\u00e7\u00e3o e pr\u00e1ticos.   <span class=\"Apple-converted-space\">  <\/span><\/p>\n","protected":false},"excerpt":{"rendered":"<p>DRSK RCT \u00e9 um modelo de dente endo equipado com cavidade pulpar e canal(is) radicular(es).<\/p>\n","protected":false},"featured_media":3791,"comment_status":"open","ping_status":"closed","template":"","meta":[],"product_brand":[293],"product_cat":[343],"product_tag":[],"class_list":{"0":"post-6568","1":"product","2":"type-product","3":"status-publish","4":"has-post-thumbnail","6":"product_brand-drsk","7":"product_cat-endodontia","9":"first","10":"instock","11":"shipping-taxable","12":"purchasable","13":"product-type-variable"},"bundled_by":["7434","7434","7434","7434","8404","8404","8404"],"bundle_stock_status":"instock","bundle_stock_quantity":null,"bundle_virtual":false,"bundle_layout":"","bundle_add_to_cart_form_location":"","bundle_editable_in_cart":false,"bundle_sold_individually_context":"","bundle_item_grouping":"","bundle_min_size":"","bundle_max_size":"","bundle_price":[],"bundled_items":[],"bundle_sell_ids":[],"supplier_id":null,"supplier_sku":"","barcode":null,"atum_controlled":true,"out_stock_date":null,"out_stock_threshold":null,"inheritable":true,"inbound_stock":0,"stock_on_hold":0,"sold_today":0,"sales_last_days":0,"reserved_stock":0,"customer_returns":0,"warehouse_damage":0,"lost_in_post":0,"other_logs":0,"out_stock_days":0,"lost_sales":0,"has_location":false,"update_date":"2026-05-11T01:00:20","atum_locations":[],"atum_stock_status":"instock","restock_status":false,"low_stock_amount":"","sales_update_date":"2026-05-11T01:00:20","calc_backorders":null,"jetpack_sharing_enabled":true,"_links":{"self":[{"href":"https:\/\/akademy.k-dental.fr\/pt-pt\/wp-json\/wp\/v2\/product\/6568","targetHints":{"allow":["GET"]}}],"collection":[{"href":"https:\/\/akademy.k-dental.fr\/pt-pt\/wp-json\/wp\/v2\/product"}],"about":[{"href":"https:\/\/akademy.k-dental.fr\/pt-pt\/wp-json\/wp\/v2\/types\/product"}],"replies":[{"embeddable":true,"href":"https:\/\/akademy.k-dental.fr\/pt-pt\/wp-json\/wp\/v2\/comments?post=6568"}],"wp:featuredmedia":[{"embeddable":true,"href":"https:\/\/akademy.k-dental.fr\/pt-pt\/wp-json\/wp\/v2\/media\/3791"}],"wp:attachment":[{"href":"https:\/\/akademy.k-dental.fr\/pt-pt\/wp-json\/wp\/v2\/media?parent=6568"}],"wp:term":[{"taxonomy":"product_brand","embeddable":true,"href":"https:\/\/akademy.k-dental.fr\/pt-pt\/wp-json\/wp\/v2\/product_brand?post=6568"},{"taxonomy":"product_cat","embeddable":true,"href":"https:\/\/akademy.k-dental.fr\/pt-pt\/wp-json\/wp\/v2\/product_cat?post=6568"},{"taxonomy":"product_tag","embeddable":true,"href":"https:\/\/akademy.k-dental.fr\/pt-pt\/wp-json\/wp\/v2\/product_tag?post=6568"}],"curies":[{"name":"wp","href":"https:\/\/api.w.org\/{rel}","templated":true}]}}