{"id":6594,"date":"2025-09-04T14:10:51","date_gmt":"2025-09-04T14:10:51","guid":{"rendered":"https:\/\/akademy.k-dental.fr\/product\/kit-odontologia-1-ufp\/"},"modified":"2025-09-04T14:10:51","modified_gmt":"2025-09-04T14:10:51","slug":"kit-odontologia-1-ufp","status":"publish","type":"product","link":"https:\/\/akademy.k-dental.fr\/pt-pt\/produto\/kit-odontologia-1-ufp\/","title":{"rendered":"Kit Odontologia 1 &#8211; UFP"},"content":{"rendered":"","protected":false},"excerpt":{"rendered":"<p><img decoding=\"async\" src=\"data:image\/png;base64,iVBORw0KGgoAAAANSUhEUgAAAHgAAAA8CAYAAACtrX6oAAAAAXNSR0IArs4c6QAAAERlWElmTU0AKgAAAAgAAYdpAAQAAAABAAAAGgAAAAAAA6ABAAMAAAABAAEAAKACAAQAAAABAAAAeKADAAQAAAABAAAAPAAAAAClkatnAAAbFUlEQVR4Ae1cDXRV1ZXe9928\/JGEEEJ+QCChJAgBf0BUOlrB+jfWZUc71tax6uga22pndXTVilNt044g2iVia7v8QbumZUkLtVZdtoLU6ihWIPyD\/AQkQCAJiQTI\/\/u5d75v33tfbl7eS4KKds28s7jv3nvOPvucs7+z99lnnxtEUiklgZQEUhJISSAlgZQEUhJISSAlgZQE\/g4lYNti6PVXSfs77N7\/6S4Zp2p0BFR5N0hWz0E5ze6WawOGWWlb0aWhNtmYe5W0otwyDLFPVR9SfMUF4ROURAzYrZIfzpVJ0fq0LwUs66tGQCagmQCudtuyV4nYv7O6ZV3mSKmXGRJJAf0JguBj9ZE0OAYiGBEYvAfkaTGlTNLDQZko6YE5tm180bDlTMOwS6GiBJZtedpq46kDlWsDhryL55U9dnR9drsclSyJymxcTD9GnR+JnQJfpfGRfgYEOB5ItrBsmZjXzZJ02SPDugOSa46UvEizWWGaxnRDojOBRpUhRh6wzAAwWHuNAEDmJEBbyNAWgS8hdlIY+Z2g329bshnl66MRa4txSBoz8qRNiqVdcqXbqBLQ6WSK9TkFvCvBAW4xYSWi6XlLJveEzUkZ6ZJpGtF0ywjkGZYURG0pNU1ophUoAYQlqFuEi4ASOPL0wAOiCivZa1soV613SFT9PVrSMFFjj4GuEU+NErAbAHxjICBNYN0KU9DVFZIew4h2WCI1eXOkxamW+k0kARV6ogIC1fVm4KE00\/hXyNx09FDSoY1pKAuiDuu64Ci0iqWDr4KYlLe\/PQJOPo6lV5b4MQByr9ajmCY7ZBhGWCwb8wsm3JCjAbHuMS+QV1OarDJM+JN020Khhf5HSqBBBa74KX2aXNz4o+YWdxch6p3mJmwnaSanBhJr6iP4E1zmutzI3zDRThYgz3RsPHRajKBlmcWmu1yTSSr1l0BSgElqB+xCyJrChdCNALXNAcRBxWHnPLtA9W\/hJHPAxwW2T1vuxMLMQjmtC9hiybAL8O7MsJNs5\/8LeVKA7T9JRlgCuY6GOvA5v4OJhg6UfwIMRu+UD8bbLXcZ03rYcMBlWHW1BDZtkrxXXw2WgxO99b\/nFAmHw7XoIJzKTyclBbglT9KH25LBbgwVLnc9RY2TVyqnLoEbysB1EgUwk7JKD4v5zN+GTw8Gw8+gZqa663FMEuUlaiURHfOYnAWkby2PPhGNv4x1HRqjCc83h0KhrX05nbq3pAC7TQ5J3L3dsyWK1fFwiyHhCHIpm4E4uOVF+bbkZJNwsApOS6DEFhsyDyBKlgEvwTTT4H8VAothbNETuEPt\/CbK85d7z8noEuVrj2Oz2gORHesdtPeMuwXSEPhgyfv00mAAn1RPuDQe7bTl3xeasnO\/szgSiaQgoyyYZstD37bkqn\/AzEhK2LcbZKmTgVX6Jg2oZGdny+TJkyU9PV32798vHR3tUlFRqYJvaGiQ4uJiSUvrHTrMprz\/\/vtiWVHUmyKZmZnKlfk7duwQ3idNmiQ5OTmx1np6eqSurk6OHTumecXFRTJx4kRh242NDW69iASwv+PkAMD0H5h60dfXU\/vTO8pPqJ2oZciRVkMOfwhZO0gMyDlo2tIV6o\/UgJW0EIoasLszesSS7iiEqJn8NfLz8+WnP\/2pjB8\/Xp59drFs3rxF5s+fJ93dPfLLX\/5c7rjjOzJyZGGsidbWVrn++usVjMcff1xOO+00BaWluVnuuPMO2bevTn74wAMy45xzYnUI+po178l9992nE+bBBx+UKVOqJBgMytGjR+W3v10qjz22CG12x+p8Fg9JnZLCgNDI8vpIiR4QZ6zv4gzuc3FyYz4TlCFMhT7dQD1slWzpXNUqVpcdznBMH9ijEQqY2lVSUiJVVVMh+Ckyduw4iUTCcvjQYSksHCVFRUWSlZWloGNN1C4wb8yYMTJixAhMgAI5bexYpTNNU4YPH67Pubk5OhFKS0vly1\/+spx\/\/vnyjW\/cJBde+AXVXgLPiXXLLbeoFfmUFbaPkPiSFGBZKT22WCdI1BtV5NvQkg8xBdCCkkYtrtG+CyELWMWY9kELfdWStRPTVRt4ERmYUJtrL6yRY\/1oPmtq1sLkWlIBszljxgwhSLW1e6Tlww\/VVNN0vvDCC\/K1r10vt912mxw6dEhGjSqEec6QpqYmOXiwXjIyMpA3SutyprLO1q3b5P77f6CmOT09Q8rGl0llZaWa\/NWr35WHHnpI2traJC9vuJSXl2NslraXbDSnOj+piTaqxQpdYhxHByj0j7NuGBnphj25LGBnpsexwWtawJaSkTQUjJUNAWAn0II+GRGES48vXy5GdraRj27GxsI1b9OmzarJ48vKZBQ0k1q6adNGiUYialUo2JaWFtm9ezcfMUlCamoJWmvrAdCHZdy4cartnBxeooa2th7TycN2aBVoyjmZqqqmyGuv\/Vlu\/JcbJRKNYELVKrjuGuyx+FTvMaHEt4q+I1QpLa4vQlMah058jcTvqGSPHmnaT9\/XY40rxPEvbYarpzTj5JpmEjVXMwdpxlNx+CwhwzSawYEcuaDSe9bJSDNdV7dfDtXXy7QzzpBhw4bJh9DcdevWaYMcCmkuu+wyKSgoQFmL\/OxnP1cwuYYeP35CJwSBpUOWjjx2lV2cNm2azJs3T+sdOXJENm\/ZKh98sE8uufRSXbvnzp0rCxculMWLFyNo3qVaz6qfVUpmonU8Jnwlp2P6+pH7CMsmgQzEIE0rEMEJhYV7MANX0Aqkp1mBgIYm2caQ26Gu9wSi0UZUMmE6i3HXBZjAMRHQXdBOahZxP3jwIDzlHajW69CdeeaZcgvWymuvvVY9ZK7BBPXEiRMx75gmOghv3FN7etJcY2muN27cqN73X954Q6p\/9CNphIdOejpec+feK9lY4z\/rlEyD6QxJ6G2j3lE3atiQhR8bE3lQpzq7beP3r5mye3+a3dYRNfJyTPu8qqhcNsuS8iK43Zoc5YtVHvgBm0qjyw7gYwEAbFnh06jIjgITC0O4Dq9du0auvPJKdX42rF8vzTClY8aUqgEh7dq1a+W9995TU44QkzpRBI4A0\/slDUHndksT+BLU9eB10003yXnnnSenn366bN++XVa+\/jomU1TunXufjB49Wh2vFStWKv+Bh3JqS5MBrK329EQPpmcEuoAAAv06iU8KZdZhajoalUeW4IBPj\/F1PTNefMuU51ekybxvh+WCM5xtDucDyAdpw2EKoub2NmnJzc3NjEYjY1nP0162SXA2bNggnZ2d6i1vxPpLbXaSw+MNaN6Pf\/wTdazoJfNi+tznPqd7X\/IrLCxUgMmP77QMnBjcVtH005u+4YYb1HS\/88478vDDD6sJ58SgOecE8vfLaf\/T+01morUHwVFyGII8SJkPxf+J7zbkgcEJtY2bGgPKAU8KuoY7Rbx5ry3Vi4NSj8iXk4YUxFZ08LN35JXSBsEXQ\/Y8k+6X2k4clyhmFcE5fpz+Yt\/EgEZRUSGAzZP8\/OG6PSLFOdjvcvtDbfYA9iYHwWK+BxrHSGds+vTpqs1cCuhFM\/mdM834DH6SajAnrKyXEyHL3ofzpEoeIHgwDLWf4MGEG1Y+KA+FQSaKLh+RsXG3LW+sM+XGyyNagqykzSgjckRCkGMLbxB8BSogbK6pT123eQVYbYNDww5p3j9hHzttWhUmgSXLl\/0OGpmtE2LLli1q4s8991zV6ry8vNhE4WTxXx0dnVIPUDkBZs6cKdXV1dhDj9T6hw8fdtpGu96EcLvAfrpddnNO0W1ADUabx6F8Mc\/EL+Ak\/WGn9cIIcNeQsWQGDbnt6qj81+1RGVOoGKhDBEEZ2LXIyjWm3R52YR9w2FpIBt0SttyAvTUNuUknKtdibm1ibPEQCvUoAKMR1LjwwougrbOkrLwc+95Mda6ee+45YUSLWk9tHQlPmzzIi+AycdvFPF5\/fOkldeIYpqRZJs2aNWvUa48DVuviJ9YdL+NU3ZMKBprEfnYZbxk1YtqwOXYelKt3QxjXIw98Sj87wwao1FtnHFMniNz1DYBbINJ4NGA9+SLPlnnGjO9mQbJ9nxjtCKnkFbJGchUmPcgtmPt925qkFluYYTCHM5DrfWGivWLHmZqbWxCa\/CXW4GzZuXOHBiOasLV54okn1PEiDUmxhut63dXVA0AN4Vra1dUpjz76qMald9fuxrdoyxS0PXv2aJyZPAge97qMd3\/rW9+Siy66CKY+XzX6xT++KIx7e4nDxXMmzPbZeMYx7CeX0I9OTLRt4NgvLspGkya7WgKhi2UqVs3lGMtEEIIXxdw\/OQBj74JP4zbsCkhbF4hBRgGOyMXnlRX4zgfT6Rd\/MKX6GXyHgfHCqlFt7YJcS15bGJEpZTDlqtuJ+LuoAWA4zM\/\/cIn13V8syS3CGvt7CGwKuhWzRgSY3eSdFxPf4\/PiWyEpR0c6Jn9d\/3N8mffOeozWRDkwlwfLmPAOFjYCAQajgxrZ0YKP\/0O+O3HdDM+\/DuycAbt8k2owyxnNsi+RfSHLwCG1TYBZOSHAbpERitj2mFKdra5oxcgM4qMu6D7HrJfDQzsChI0IvGseUjhws+X+iXpNuEAE8xz9GxzzdoD7BQxstCu8Pn1DvjKhoNlhvjGPF\/OYvLtHS+31nv3lfKapji9jfS\/PK+eZoJ+v\/5lsQO+46mQ6QCJfr25\/sj5D5dYgF\/SxCe6nHxBgEhoXSFv4bfuvYHkZXk20S9PqSMjHCd2Batn2H9405ak\/wj4zub9VEyyZ\/52wFPaetvlquo\/uEty\/wMlBs3xg840RW9Y9\/bQEseSdh7w8DM5g8IExYa6J3KeOwvamAu9tbSfwvkEPHBiVYniS+9apU6sQjRoZA4j7W8agGfzggYPnNUfgJHhmmN4yDy78idGyHTt3qhNG\/qxPYHhppGvzZnXUzj77bINHlAiNGoxwnYEIG3nv2rVLjxm9I0qPN9d7xsIJNMfDAAuPLMNY+2vW10h7ewdJY74MnvthQoJBAQZ\/o+NN6y9BM9CAPiOgQEEn5EXpGy3HxH5\/nx9ffB0XtO0QvoNELnFy7i4T5tF0p2H+oT5TP+ZuvlMqxmYMbScEMgq0F0OQBsAwZs2aZTyAIz0Cc+utt8rs2bPlzjvvFK6Z3\/zm7XLvvffK+bNmyarXV8qCBQ9rtGn6dCzfSJwUjD4tXbpUbr\/9drn66qtjwJPfBx\/slXvuuQegnImDhvt1LSeATB9iwjyK0OSvf\/1rmTNnju6DtQA\/Gzasl5tvvhkx6ip55JFH1LtesmSJbNxQgzqLdAIsWrRI2ywvL\/eq6Z3n0MxjkOU\/vvtdmXT6JBxz3glfYqcejtB7J\/hMXl\/0Je4noVrH0ciwLvkAwKxy88HX5RxPCIzccStMeOar3dVtSCjCv0PCGh2C2ae6OyqpPczHWVAuonrk2g9dtEEeblM9YPFK0Rxpx6DOQzem49Ix8OCds5xHhIXYplAL6fBQq4qLS3AVqTd87NhxCC2I48Oxqln0fLnXJT2HRU3iNoe86GiRByfC5ZdfocAyds1yRrqoYZXQKgY6RozIRyx6rPJiAIT1xo0bD2dumO6H+c5jyHPPnal3750TiN46QSJvbsmo4Vu3btXIGwMmZ519NrS8QttloIVWKDkEfUEZFGC0a8s\/4u+JeqwX8MQ\/GEucAAGDGDlZjnnyICFmdY0BeeXNNPnbNsNeuTZgRPA5JBEj+kzlpfC84Yg5jqaT5\/sFrYMv6Het2hRdBeVMw3r5JdCYEIyaqcbGRt26UOhFBBMgUGg8PBgzZrRGnfje1NSoWjFiRIFuiTbDhHL95MTgGkwavpPf97\/\/fRz271MeXpya\/WL5wwsWyIoVK3T2MVDiRLWKtYz7aAY7CCgBI09eDHyUl0+Q0egPAeI7zfjdd98ty5cvUxqGU++66y4cfjwu5MN6PO6keebWjFaBd+YPJQ0KsMvEzggg7GEYG\/DORb3fBGJ7ZDZhrNjZmYRVNZLI2D1hW+b9yjCuvz8YWLPdadIBk8I05IKzxB6m4V6nHurEks4EtepwrSxZuvZtObJmTdYM5F\/oEtE9xaxuVq2i0BgL5tkuhUDAeWbLPS5NcX39IWhnrmoow5g8ByZdSUkxBN67YpEnjwypYUzxAw5j\/eQaCuhiNLQWTPVYl7u7uwRhVNVozXR\/OPEqKyfH6nCt3bt3r0429oPHj3V1+7SfNTU12mdGyQgwPz1imDS+L37+8c9DAhjt2vJFOYLKS4Bcu8PEEX0vQ0fPzpwYlakTqI29GkqanrAhbZ2O5rr1dQaUjrTl0vOjRhA9QTvIc0r1V1nqHOF8qV2w2HqpernOo+swyNGkwR1ywd+6wPTy0xs+jxkzFtqDTTcS17DxZePV9FKY1BiCz685aAqb8P0UO8uvPJjHRAEyxrxgwUPqANH8U9jMJ38mavcVV1yhANTUrIfwOxH2dABubj6ivGk9dKKB3qmFb9CQN3XqVNV0ZYQf8sU\/N4HSfaaZpkmmOacl4OTcvv19FRTrDCUNCWAywrjsYCT6MjZA72p3nR77WnGGXjjcNr53oyXjS8EapajnikS7o7W8wQ7H2vvta6Jy+lh+fUMy55\/XcZc5uXSiaNny9VIHAZ2O8qvQWhAXWSlZR0eHrlmsy4\/faB6pfQS4snKSmtBO0BCs0tLRup5Sg1taPlSngGtoTg465CZ6vFy7CciBAwcQlVrrFem9sNBZp2mK33rrLV3XCQQFT1C6uroxIkN5KLroKcuo9eXl5dq+A6w7yj7cKTdDo2O0Bkyk3YjDE05i7rWdocdVSvA6ZIC17myELiPyJBprhVhx05nn9ZBAqDG95JyI8eQ9IfuSmbYU5MLxQiu0dDxNgpmF0EQqxthy301RufPaiB3kHtnBiYBpIms6ZUx43p5mWYuvww4FJviryKrEpaaZdw6WX2Q0NDix34qKiTrraX6ZCDjXyLb2dmhahx4Bsg6fj2DN40SgM+RfLylYngxxQlRUVMjFcy5WIZMf6R977DHZtm2bTqRrrrlGTTEnCcs4acibazXXbvQfiX0Mq1evb2jfydVbvx\/KlhPF+drTUr7rYEV4eMLE8qGk3kVnCNToE2Im0TfDRwJL0eF\/QzOAikENVVPX\/hJk2\/78tKgxeYJlfFBv2Dv3w2lpsaS9y7CzMgDuOJGzJlkyFqFJEwczTtPKQx9RXXsP68vHExKILsR+vCE\/J2d2wIjegEKWxyYDK7FGY2OTDpxCpSB4XMjwIQ\/hmaht7QC5FA4VE9fqSy+9RIGgeR4+HF\/+uInmnA4YgaKnPQxeNc+JvbRz5y6cBzfKWWedpet5SUkptNjZt86ePVudNk6iYvSFneOQeG3dtlXKysp6lwOPYYI7tZ19+MpXvqL+BcHmpCEf8uZ9sHRSACuzSdLe02A9lW6aM9GGfkfqNsg20SiF7zzkZ4k9o9KS6QCT844FLMGn0KAjoHjrnSBeX71ekyoEqt807JfXcWA0ImSFv4NKdEFVe1GfDGKJni8TsymcbRAmAwp0bNjHE9iOEDB+o0VNmzBhgpSVlanQuD3iebBfaB575pHen1jmlTOf2zCadQJw1VVX6Z35bCuAWQzG6jXX7q5VD728vJzFSRN5s032l3cekHBrFt9uUgZuwcmZaFRCu3buHNmG8OKDOCg4iiwFBELQuztuCB5dURMLQQDMNF4IR+rnV5gAoOM0IEd91keKwWFDXgT4PWjiwu\/Nl47s7PC1KLsMlx54kLtbJ3ZjcJ+aS4HQHPJ7Zu4x+c6LWxAmbwvFbchLOAnyPgrgp7KkY3L7EbtrpvvjL\/OeaQ24XtNKvPzyy2pa2cWCghHq4HHzz8Q+MvjCdry6DltnEjHPoXRz3XruTTP71nPokv2eNMBkhMaM7FD0rzjKXwB06FVrn5Af65sCSBScia53TG7ulWN5im0vTOg3qzsZmDz7o1H7J1lzpO61A7nYFtlzUQgviDx7KyFPBUXNYQDg2LFWnenHjx9TJ4VnsvSWaZoP4ZlrcV5eroJKIHhiRCeKAqcnzT5QazhB+ExTzfos58XJQE3iM2lYRmvBZYDvPFniR3evvPKK0gaD6ZIF68BtE3l1dnbg685NyoPvTBxOBBpDXuTNdnkx8c580np58eNXwiQ\/J2+iwQgdYludGX+WxT3DjHE4\/Psm+oiPYqGmBPlkeuAMggbb6SJXcttohmP2n3sbZfWMCVnjdjRGf4jCCdq0YxX6IowC7n\/37KmV6upqPR6kUBD3leeefRbHf29Dsy1ZizPa9vY2WbTocV03V69+R\/egdJhonmvw1SX3pIxVN2M7tReaxjKuz6tXr1ZQ58+fr\/1kKPH555\/Xo0UGQ9jeIXxUz4\/uWe9Pr76qThLX7W3gx79yoEe\/ceMm\/fiPk7Gnp1v219VxWMLPh6j9vNi2k\/DNxfoadfYIvP\/40SUY9NZPUIPW8BFgjhnty6TQLArcD\/kSZE4YtQr91MxXz\/9IOB0DAOScGdKEQ7Uf\/GpJdNmT67LzIav5kYh9PergfxeIU12XkTez+ep\/9siZ5z37abw8r06i94HKPF6J6nllvLN8MD7x9Hz3Unxdrz23HNbf3gaL8s\/Q8r3Ic1TfLfxIGuw1DEBt+zppaX\/XmocvYRFxllvBfQTK9UCfdOhM4kmkmu7vC\/5rBkvq4D89sKcp+uJ\/v5eTv2ef\/T1o3tfBhusuif0V8No3sSXfsbAKlc3Hd8H\/TuHRvPtTbzknhlNGusF4efUS0XplXjveO2mZ\/Ly9+hwui\/398+hZx6VjpIevCdPHApgcwZs9PGKvsH7SnSW1AQn8AHnjkcd8GlSYX01eL9w+skRpnB+xVxlYc2ubZQOiVdFNe8I4TAgUY3Av8c8\/mPyD04y4H0dWbLY3DVaHlAPT9PIbmK63zcF59qVNRO9vy\/8cT+uWNUB7E\/5RuSf0\/i2eZA4nOP5rpfSuAzLDDBp3Y1Z9ASwYL\/TawJ2PJNSFli1EUa8eGb+zcqynMl+SA77\/F4uftWDX7OJP6lRKJgFqADfpThTER+UJ35f18R\/x3z\/khXLMq8Hp69gqnYu7Exh2EGZnqBYH4fe8gdDWbzLz5F3jHP1\/sJDdJ\/W1nX2KUi8+CVCevabGV3BKACZ\/aKYpdTKqY19alWlas03D\/jx0twR\/prIbTtSbAPadYLbU4puMNtfM+7qVevykJHDKAGYH1Wzz4X38v1qtktERxjY0F6Zkhv7Zp5qTFLgUUCqlJJCSQEoCKQmkJJCSQEoCKQmkJJCSQEoCKQl8ShL4X5gMU4jk8ckhAAAAAElFTkSuQmCC\"><\/p>\n<p> <strong>&gt; substitui\u00e7\u00e3o ou repara\u00e7\u00e3o do produto<\/strong><\/p>\n<p> dent\u00e1rio Apple no prazo de 24 horas<strong>&gt; Bloco de broca autoclav\u00e1vel com 12 brocas inclu\u00eddas<\/strong><\/p>\n<p><strong>&gt; Estojo de transporte e saco desportivo oferecidos<\/strong><\/p>\n","protected":false},"featured_media":4990,"comment_status":"open","ping_status":"closed","template":"","meta":[],"product_brand":[],"product_cat":[189,197,131],"product_tag":[],"class_list":{"0":"post-6594","1":"product","2":"type-product","3":"status-publish","4":"has-post-thumbnail","6":"product_cat-3-ufp-pt-pt","7":"product_cat-academic-kits-pt-pt","8":"product_cat-faculdade-de-medicina-dentaria-da-universidade-fernando-pessoa","10":"first","11":"instock","12":"virtual","13":"purchasable","14":"product-type-bundle"},"bundled_by":[],"bundle_stock_status":"instock","bundle_stock_quantity":41,"bundle_virtual":false,"bundle_layout":"default","bundle_add_to_cart_form_location":"default","bundle_editable_in_cart":false,"bundle_sold_individually_context":"product","bundle_item_grouping":"parent","bundle_min_size":"","bundle_max_size":"","bundle_price":{"price":{"min":{"incl_tax":"376.25","excl_tax":"376.25"},"max":{"incl_tax":"384.25","excl_tax":"384.25"}},"regular_price":{"min":{"incl_tax":"376.25","excl_tax":"376.25"},"max":{"incl_tax":"384.25","excl_tax":"384.25"}}},"bundled_items":[{"bundled_item_id":1182,"product_id":6238,"menu_order":0,"quantity_min":1,"quantity_max":1,"quantity_default":1,"priced_individually":true,"shipped_individually":false,"override_title":false,"title":null,"override_description":false,"description":null,"optional":false,"hide_thumbnail":false,"discount":"","override_variations":false,"allowed_variations":[""],"override_default_variation_attributes":true,"default_variation_attributes":[{"id":1,"name":"Color","option":"regular-pt-pt"}],"single_product_visibility":"visible","cart_visibility":"visible","order_visibility":"visible","single_product_price_visibility":"hidden","cart_price_visibility":"hidden","order_price_visibility":"hidden","stock_status":"in_stock"},{"bundled_item_id":1183,"product_id":6106,"menu_order":1,"quantity_min":1,"quantity_max":1,"quantity_default":1,"priced_individually":true,"shipped_individually":false,"override_title":false,"title":null,"override_description":false,"description":null,"optional":false,"hide_thumbnail":false,"discount":"","override_variations":false,"allowed_variations":[""],"override_default_variation_attributes":false,"default_variation_attributes":[],"single_product_visibility":"visible","cart_visibility":"visible","order_visibility":"visible","single_product_price_visibility":"hidden","cart_price_visibility":"hidden","order_price_visibility":"hidden","stock_status":"in_stock"},{"bundled_item_id":1184,"product_id":6101,"menu_order":2,"quantity_min":1,"quantity_max":1,"quantity_default":1,"priced_individually":true,"shipped_individually":false,"override_title":false,"title":null,"override_description":false,"description":null,"optional":false,"hide_thumbnail":false,"discount":"","override_variations":false,"allowed_variations":[""],"override_default_variation_attributes":false,"default_variation_attributes":[],"single_product_visibility":"visible","cart_visibility":"visible","order_visibility":"visible","single_product_price_visibility":"hidden","cart_price_visibility":"hidden","order_price_visibility":"hidden","stock_status":"in_stock"},{"bundled_item_id":1185,"product_id":6100,"menu_order":3,"quantity_min":1,"quantity_max":1,"quantity_default":1,"priced_individually":true,"shipped_individually":false,"override_title":false,"title":null,"override_description":false,"description":null,"optional":false,"hide_thumbnail":false,"discount":"","override_variations":false,"allowed_variations":[""],"override_default_variation_attributes":false,"default_variation_attributes":[],"single_product_visibility":"visible","cart_visibility":"visible","order_visibility":"visible","single_product_price_visibility":"hidden","cart_price_visibility":"hidden","order_price_visibility":"hidden","stock_status":"in_stock"},{"bundled_item_id":1186,"product_id":6144,"menu_order":4,"quantity_min":1,"quantity_max":1,"quantity_default":1,"priced_individually":true,"shipped_individually":false,"override_title":false,"title":null,"override_description":false,"description":null,"optional":false,"hide_thumbnail":false,"discount":"","override_variations":true,"allowed_variations":[6154],"override_default_variation_attributes":true,"default_variation_attributes":[{"id":12,"name":"Slots","option":"dentistica-ufp-pt-pt"}],"single_product_visibility":"visible","cart_visibility":"visible","order_visibility":"visible","single_product_price_visibility":"hidden","cart_price_visibility":"hidden","order_price_visibility":"hidden","stock_status":"in_stock"},{"bundled_item_id":1187,"product_id":6221,"menu_order":5,"quantity_min":1,"quantity_max":1,"quantity_default":1,"priced_individually":true,"shipped_individually":false,"override_title":false,"title":null,"override_description":false,"description":null,"optional":false,"hide_thumbnail":false,"discount":"","override_variations":false,"allowed_variations":[""],"override_default_variation_attributes":true,"default_variation_attributes":[{"id":11,"name":"Grit","option":"m-pt-pt"},{"id":13,"name":"Diameter","option":"08-pt-pt"}],"single_product_visibility":"hidden","cart_visibility":"hidden","order_visibility":"hidden","single_product_price_visibility":"visible","cart_price_visibility":"visible","order_price_visibility":"visible","stock_status":"in_stock"},{"bundled_item_id":1188,"product_id":6221,"menu_order":5,"quantity_min":1,"quantity_max":1,"quantity_default":1,"priced_individually":true,"shipped_individually":false,"override_title":false,"title":null,"override_description":false,"description":null,"optional":false,"hide_thumbnail":false,"discount":"","override_variations":false,"allowed_variations":[""],"override_default_variation_attributes":true,"default_variation_attributes":[{"id":11,"name":"Grit","option":"m-pt-pt"},{"id":13,"name":"Diameter","option":"10-pt-pt"}],"single_product_visibility":"hidden","cart_visibility":"hidden","order_visibility":"hidden","single_product_price_visibility":"visible","cart_price_visibility":"visible","order_price_visibility":"visible","stock_status":"in_stock"},{"bundled_item_id":1189,"product_id":6221,"menu_order":5,"quantity_min":1,"quantity_max":1,"quantity_default":1,"priced_individually":true,"shipped_individually":false,"override_title":false,"title":null,"override_description":false,"description":null,"optional":false,"hide_thumbnail":false,"discount":"","override_variations":false,"allowed_variations":[""],"override_default_variation_attributes":true,"default_variation_attributes":[{"id":11,"name":"Grit","option":"m-pt-pt"},{"id":13,"name":"Diameter","option":"12-pt-pt"}],"single_product_visibility":"hidden","cart_visibility":"hidden","order_visibility":"hidden","single_product_price_visibility":"visible","cart_price_visibility":"visible","order_price_visibility":"visible","stock_status":"in_stock"},{"bundled_item_id":1192,"product_id":6163,"menu_order":8,"quantity_min":1,"quantity_max":1,"quantity_default":1,"priced_individually":true,"shipped_individually":false,"override_title":false,"title":null,"override_description":false,"description":null,"optional":false,"hide_thumbnail":false,"discount":"","override_variations":false,"allowed_variations":[""],"override_default_variation_attributes":true,"default_variation_attributes":[{"id":11,"name":"Grit","option":"m-pt-pt"},{"id":13,"name":"Diameter","option":"12-pt-pt"}],"single_product_visibility":"hidden","cart_visibility":"hidden","order_visibility":"hidden","single_product_price_visibility":"visible","cart_price_visibility":"visible","order_price_visibility":"visible","stock_status":"in_stock"},{"bundled_item_id":1191,"product_id":6163,"menu_order":8,"quantity_min":1,"quantity_max":1,"quantity_default":1,"priced_individually":true,"shipped_individually":false,"override_title":false,"title":null,"override_description":false,"description":null,"optional":false,"hide_thumbnail":false,"discount":"","override_variations":false,"allowed_variations":[""],"override_default_variation_attributes":true,"default_variation_attributes":[{"id":11,"name":"Grit","option":"m-pt-pt"},{"id":13,"name":"Diameter","option":"10-pt-pt"}],"single_product_visibility":"hidden","cart_visibility":"hidden","order_visibility":"hidden","single_product_price_visibility":"visible","cart_price_visibility":"visible","order_price_visibility":"visible","stock_status":"in_stock"},{"bundled_item_id":1190,"product_id":6163,"menu_order":8,"quantity_min":1,"quantity_max":1,"quantity_default":1,"priced_individually":true,"shipped_individually":false,"override_title":false,"title":null,"override_description":false,"description":null,"optional":false,"hide_thumbnail":false,"discount":"","override_variations":false,"allowed_variations":[""],"override_default_variation_attributes":true,"default_variation_attributes":[{"id":11,"name":"Grit","option":"m-pt-pt"},{"id":13,"name":"Diameter","option":"08-pt-pt"}],"single_product_visibility":"hidden","cart_visibility":"hidden","order_visibility":"hidden","single_product_price_visibility":"visible","cart_price_visibility":"visible","order_price_visibility":"visible","stock_status":"in_stock"},{"bundled_item_id":1193,"product_id":6229,"menu_order":11,"quantity_min":1,"quantity_max":1,"quantity_default":1,"priced_individually":true,"shipped_individually":false,"override_title":false,"title":null,"override_description":false,"description":null,"optional":false,"hide_thumbnail":false,"discount":"","override_variations":false,"allowed_variations":[""],"override_default_variation_attributes":true,"default_variation_attributes":[{"id":11,"name":"Grit","option":"f-pt-pt"},{"id":13,"name":"Diameter","option":"10-pt-pt"}],"single_product_visibility":"hidden","cart_visibility":"hidden","order_visibility":"hidden","single_product_price_visibility":"visible","cart_price_visibility":"visible","order_price_visibility":"visible","stock_status":"in_stock"},{"bundled_item_id":1194,"product_id":6211,"menu_order":12,"quantity_min":1,"quantity_max":1,"quantity_default":1,"priced_individually":true,"shipped_individually":false,"override_title":false,"title":null,"override_description":false,"description":null,"optional":false,"hide_thumbnail":false,"discount":"","override_variations":false,"allowed_variations":[""],"override_default_variation_attributes":true,"default_variation_attributes":[{"id":11,"name":"Grit","option":"f-pt-pt"},{"id":13,"name":"Diameter","option":"23-pt-pt"}],"single_product_visibility":"hidden","cart_visibility":"hidden","order_visibility":"hidden","single_product_price_visibility":"visible","cart_price_visibility":"visible","order_price_visibility":"visible","stock_status":"in_stock"},{"bundled_item_id":1195,"product_id":6244,"menu_order":13,"quantity_min":1,"quantity_max":1,"quantity_default":1,"priced_individually":true,"shipped_individually":false,"override_title":false,"title":null,"override_description":false,"description":null,"optional":false,"hide_thumbnail":false,"discount":"","override_variations":false,"allowed_variations":[""],"override_default_variation_attributes":true,"default_variation_attributes":[{"id":13,"name":"Diameter","option":"0032ra-pt-pt"}],"single_product_visibility":"hidden","cart_visibility":"hidden","order_visibility":"hidden","single_product_price_visibility":"visible","cart_price_visibility":"visible","order_price_visibility":"visible","stock_status":"in_stock"},{"bundled_item_id":1196,"product_id":6244,"menu_order":13,"quantity_min":1,"quantity_max":1,"quantity_default":1,"priced_individually":true,"shipped_individually":false,"override_title":false,"title":null,"override_description":false,"description":null,"optional":false,"hide_thumbnail":false,"discount":"","override_variations":false,"allowed_variations":[""],"override_default_variation_attributes":true,"default_variation_attributes":[{"id":13,"name":"Diameter","option":"0732ra-pt-pt"}],"single_product_visibility":"hidden","cart_visibility":"hidden","order_visibility":"hidden","single_product_price_visibility":"visible","cart_price_visibility":"visible","order_price_visibility":"visible","stock_status":"in_stock"},{"bundled_item_id":1197,"product_id":6249,"menu_order":15,"quantity_min":1,"quantity_max":1,"quantity_default":1,"priced_individually":true,"shipped_individually":false,"override_title":false,"title":null,"override_description":false,"description":null,"optional":false,"hide_thumbnail":false,"discount":"","override_variations":false,"allowed_variations":[""],"override_default_variation_attributes":true,"default_variation_attributes":[{"id":13,"name":"Diameter","option":"16-pt-pt"}],"single_product_visibility":"hidden","cart_visibility":"hidden","order_visibility":"hidden","single_product_price_visibility":"visible","cart_price_visibility":"visible","order_price_visibility":"visible","stock_status":"in_stock"},{"bundled_item_id":1198,"product_id":6256,"menu_order":16,"quantity_min":1,"quantity_max":1,"quantity_default":1,"priced_individually":true,"shipped_individually":false,"override_title":false,"title":null,"override_description":false,"description":null,"optional":false,"hide_thumbnail":false,"discount":"","override_variations":false,"allowed_variations":[""],"override_default_variation_attributes":true,"default_variation_attributes":[{"id":11,"name":"Grit","option":"m-pt-pt"},{"id":13,"name":"Diameter","option":"12-pt-pt"}],"single_product_visibility":"hidden","cart_visibility":"hidden","order_visibility":"hidden","single_product_price_visibility":"visible","cart_price_visibility":"visible","order_price_visibility":"visible","stock_status":"in_stock"}],"bundle_sell_ids":[],"supplier_id":null,"supplier_sku":"","barcode":null,"atum_controlled":true,"out_stock_date":null,"out_stock_threshold":null,"inheritable":true,"inbound_stock":0,"stock_on_hold":0,"sold_today":0,"sales_last_days":0,"reserved_stock":0,"customer_returns":0,"warehouse_damage":0,"lost_in_post":0,"other_logs":0,"out_stock_days":0,"lost_sales":0,"has_location":false,"update_date":"2026-05-11T01:00:06","atum_locations":[],"atum_stock_status":"instock","restock_status":false,"low_stock_amount":"","sales_update_date":"2026-05-11T01:00:06","calc_backorders":null,"jetpack_sharing_enabled":true,"_links":{"self":[{"href":"https:\/\/akademy.k-dental.fr\/pt-pt\/wp-json\/wp\/v2\/product\/6594","targetHints":{"allow":["GET"]}}],"collection":[{"href":"https:\/\/akademy.k-dental.fr\/pt-pt\/wp-json\/wp\/v2\/product"}],"about":[{"href":"https:\/\/akademy.k-dental.fr\/pt-pt\/wp-json\/wp\/v2\/types\/product"}],"replies":[{"embeddable":true,"href":"https:\/\/akademy.k-dental.fr\/pt-pt\/wp-json\/wp\/v2\/comments?post=6594"}],"wp:featuredmedia":[{"embeddable":true,"href":"https:\/\/akademy.k-dental.fr\/pt-pt\/wp-json\/wp\/v2\/media\/4990"}],"wp:attachment":[{"href":"https:\/\/akademy.k-dental.fr\/pt-pt\/wp-json\/wp\/v2\/media?parent=6594"}],"wp:term":[{"taxonomy":"product_brand","embeddable":true,"href":"https:\/\/akademy.k-dental.fr\/pt-pt\/wp-json\/wp\/v2\/product_brand?post=6594"},{"taxonomy":"product_cat","embeddable":true,"href":"https:\/\/akademy.k-dental.fr\/pt-pt\/wp-json\/wp\/v2\/product_cat?post=6594"},{"taxonomy":"product_tag","embeddable":true,"href":"https:\/\/akademy.k-dental.fr\/pt-pt\/wp-json\/wp\/v2\/product_tag?post=6594"}],"curies":[{"name":"wp","href":"https:\/\/api.w.org\/{rel}","templated":true}]}}