{"id":6595,"date":"2025-09-03T18:28:51","date_gmt":"2025-09-03T18:28:51","guid":{"rendered":"https:\/\/akademy.k-dental.fr\/product\/kit-cirurgia-ufp\/"},"modified":"2025-09-03T18:28:51","modified_gmt":"2025-09-03T18:28:51","slug":"kit-cirurgia-ufp","status":"publish","type":"product","link":"https:\/\/akademy.k-dental.fr\/pt-pt\/produto\/kit-cirurgia-ufp\/","title":{"rendered":"Kit Cirurgia &#8211; UFP"},"content":{"rendered":"<p>Descubra o nosso kit de sutura completo, especialmente concebido para estudantes de medicina dent\u00e1ria que procuram a excel\u00eancia. Este conjunto tudo-em-um fornece as ferramentas essenciais que voc\u00ea precisa para praticar, ganhar confian\u00e7a e dominar suas habilidades de sutura. <\/p>\n","protected":false},"excerpt":{"rendered":"<p>Especialmente concebido para estudantes de medicina dent\u00e1ria que visam a excel\u00eancia. Inclui todas as ferramentas essenciais para praticar e aperfei\u00e7oar suas habilidades de sutura, al\u00e9m <strong>de uma bolsa em couro gratuita<\/strong> para armazenar seus instrumentos com estilo e conveni\u00eancia. <\/p>\n","protected":false},"featured_media":4940,"comment_status":"open","ping_status":"closed","template":"","meta":[],"product_brand":[],"product_cat":[189,197,131],"product_tag":[],"class_list":{"0":"post-6595","1":"product","2":"type-product","3":"status-publish","4":"has-post-thumbnail","6":"product_cat-3-ufp-pt-pt","7":"product_cat-academic-kits-pt-pt","8":"product_cat-faculdade-de-medicina-dentaria-da-universidade-fernando-pessoa","10":"first","11":"instock","12":"virtual","13":"purchasable","14":"product-type-bundle"},"bundled_by":[],"bundle_stock_status":"instock","bundle_stock_quantity":19,"bundle_virtual":false,"bundle_layout":"default","bundle_add_to_cart_form_location":"default","bundle_editable_in_cart":false,"bundle_sold_individually_context":"product","bundle_item_grouping":"parent","bundle_min_size":"","bundle_max_size":"","bundle_price":{"price":{"min":{"incl_tax":"30.5","excl_tax":"30.5"},"max":{"incl_tax":"58.5","excl_tax":"58.5"}},"regular_price":{"min":{"incl_tax":"30.5","excl_tax":"30.5"},"max":{"incl_tax":"58.5","excl_tax":"58.5"}}},"bundled_items":[{"bundled_item_id":1199,"product_id":6077,"menu_order":0,"quantity_min":1,"quantity_max":1,"quantity_default":1,"priced_individually":true,"shipped_individually":false,"override_title":false,"title":"Suporte da agulha","override_description":false,"description":"Suporte da agulha","optional":false,"hide_thumbnail":false,"discount":"","override_variations":false,"allowed_variations":[""],"override_default_variation_attributes":false,"default_variation_attributes":[],"single_product_visibility":"hidden","cart_visibility":"hidden","order_visibility":"hidden","single_product_price_visibility":"visible","cart_price_visibility":"visible","order_price_visibility":"visible","stock_status":"in_stock"},{"bundled_item_id":1200,"product_id":6043,"menu_order":1,"quantity_min":1,"quantity_max":1,"quantity_default":1,"priced_individually":true,"shipped_individually":false,"override_title":false,"title":"Adson","override_description":false,"description":"Adson","optional":false,"hide_thumbnail":false,"discount":"","override_variations":false,"allowed_variations":[""],"override_default_variation_attributes":false,"default_variation_attributes":[],"single_product_visibility":"hidden","cart_visibility":"hidden","order_visibility":"hidden","single_product_price_visibility":"visible","cart_price_visibility":"visible","order_price_visibility":"visible","stock_status":"in_stock"},{"bundled_item_id":1201,"product_id":6038,"menu_order":2,"quantity_min":1,"quantity_max":1,"quantity_default":1,"priced_individually":true,"shipped_individually":false,"override_title":false,"title":"\u00cdris Cisor","override_description":false,"description":"\u00cdris Cisor","optional":false,"hide_thumbnail":false,"discount":"","override_variations":false,"allowed_variations":[""],"override_default_variation_attributes":false,"default_variation_attributes":[],"single_product_visibility":"hidden","cart_visibility":"hidden","order_visibility":"hidden","single_product_price_visibility":"visible","cart_price_visibility":"visible","order_price_visibility":"visible","stock_status":"in_stock"},{"bundled_item_id":1202,"product_id":6042,"menu_order":3,"quantity_min":1,"quantity_max":1,"quantity_default":1,"priced_individually":true,"shipped_individually":false,"override_title":false,"title":"Al\u00e7a de bisturi n\u00b03","override_description":false,"description":"Al\u00e7a de bisturi n\u00b03","optional":false,"hide_thumbnail":false,"discount":"","override_variations":false,"allowed_variations":[""],"override_default_variation_attributes":false,"default_variation_attributes":[],"single_product_visibility":"hidden","cart_visibility":"hidden","order_visibility":"hidden","single_product_price_visibility":"visible","cart_price_visibility":"visible","order_price_visibility":"visible","stock_status":"in_stock"},{"bundled_item_id":1203,"product_id":6185,"menu_order":4,"quantity_min":1,"quantity_max":1,"quantity_default":1,"priced_individually":true,"shipped_individually":false,"override_title":false,"title":"L\u00e2mina cir\u00fargica","override_description":false,"description":"L\u00e2mina cir\u00fargica","optional":false,"hide_thumbnail":false,"discount":"","override_variations":false,"allowed_variations":[""],"override_default_variation_attributes":true,"default_variation_attributes":[{"id":0,"name":"Blade","option":"11"}],"single_product_visibility":"hidden","cart_visibility":"hidden","order_visibility":"hidden","single_product_price_visibility":"visible","cart_price_visibility":"visible","order_price_visibility":"visible","stock_status":"in_stock"},{"bundled_item_id":1204,"product_id":6185,"menu_order":4,"quantity_min":1,"quantity_max":1,"quantity_default":1,"priced_individually":true,"shipped_individually":false,"override_title":false,"title":"L\u00e2mina cir\u00fargica","override_description":false,"description":"L\u00e2mina cir\u00fargica","optional":false,"hide_thumbnail":false,"discount":"","override_variations":false,"allowed_variations":[""],"override_default_variation_attributes":true,"default_variation_attributes":[{"id":0,"name":"Blade","option":"15"}],"single_product_visibility":"hidden","cart_visibility":"hidden","order_visibility":"hidden","single_product_price_visibility":"visible","cart_price_visibility":"visible","order_price_visibility":"visible","stock_status":"in_stock"},{"bundled_item_id":1205,"product_id":6057,"menu_order":6,"quantity_min":1,"quantity_max":1,"quantity_default":1,"priced_individually":true,"shipped_individually":false,"override_title":false,"title":"Kit Bolsa Cirurgia","override_description":false,"description":"Kit Bolsa Cirurgia","optional":false,"hide_thumbnail":false,"discount":"","override_variations":false,"allowed_variations":[""],"override_default_variation_attributes":false,"default_variation_attributes":[],"single_product_visibility":"hidden","cart_visibility":"hidden","order_visibility":"hidden","single_product_price_visibility":"visible","cart_price_visibility":"visible","order_price_visibility":"visible","stock_status":"in_stock"},{"bundled_item_id":1206,"product_id":6082,"menu_order":7,"quantity_min":1,"quantity_max":3,"quantity_default":1,"priced_individually":true,"shipped_individually":false,"override_title":false,"title":"Seda de sutura cir\u00fargica 3\/0 75cm 12pcs","override_description":false,"description":"Seda de sutura cir\u00fargica 3\/0 75cm 12pcs","optional":false,"hide_thumbnail":false,"discount":"","override_variations":false,"allowed_variations":[""],"override_default_variation_attributes":false,"default_variation_attributes":[],"single_product_visibility":"visible","cart_visibility":"visible","order_visibility":"visible","single_product_price_visibility":"visible","cart_price_visibility":"visible","order_price_visibility":"visible","stock_status":"in_stock"},{"bundled_item_id":1207,"product_id":6039,"menu_order":8,"quantity_min":1,"quantity_max":1,"quantity_default":1,"priced_individually":true,"shipped_individually":false,"override_title":false,"title":"Modelo de silicone bucal","override_description":false,"description":"Modelo de silicone bucal","optional":true,"hide_thumbnail":false,"discount":"","override_variations":false,"allowed_variations":[""],"override_default_variation_attributes":false,"default_variation_attributes":[],"single_product_visibility":"visible","cart_visibility":"visible","order_visibility":"visible","single_product_price_visibility":"visible","cart_price_visibility":"visible","order_price_visibility":"visible","stock_status":"in_stock"}],"bundle_sell_ids":[],"supplier_id":null,"supplier_sku":"","barcode":null,"atum_controlled":true,"out_stock_date":null,"out_stock_threshold":null,"inheritable":true,"inbound_stock":0,"stock_on_hold":0,"sold_today":0,"sales_last_days":0,"reserved_stock":0,"customer_returns":0,"warehouse_damage":0,"lost_in_post":0,"other_logs":0,"out_stock_days":0,"lost_sales":0,"has_location":false,"update_date":"2026-05-14T01:01:05","atum_locations":[],"atum_stock_status":"instock","restock_status":false,"low_stock_amount":"","sales_update_date":"2026-05-14T01:01:05","calc_backorders":null,"jetpack_sharing_enabled":true,"_links":{"self":[{"href":"https:\/\/akademy.k-dental.fr\/pt-pt\/wp-json\/wp\/v2\/product\/6595","targetHints":{"allow":["GET"]}}],"collection":[{"href":"https:\/\/akademy.k-dental.fr\/pt-pt\/wp-json\/wp\/v2\/product"}],"about":[{"href":"https:\/\/akademy.k-dental.fr\/pt-pt\/wp-json\/wp\/v2\/types\/product"}],"replies":[{"embeddable":true,"href":"https:\/\/akademy.k-dental.fr\/pt-pt\/wp-json\/wp\/v2\/comments?post=6595"}],"wp:featuredmedia":[{"embeddable":true,"href":"https:\/\/akademy.k-dental.fr\/pt-pt\/wp-json\/wp\/v2\/media\/4940"}],"wp:attachment":[{"href":"https:\/\/akademy.k-dental.fr\/pt-pt\/wp-json\/wp\/v2\/media?parent=6595"}],"wp:term":[{"taxonomy":"product_brand","embeddable":true,"href":"https:\/\/akademy.k-dental.fr\/pt-pt\/wp-json\/wp\/v2\/product_brand?post=6595"},{"taxonomy":"product_cat","embeddable":true,"href":"https:\/\/akademy.k-dental.fr\/pt-pt\/wp-json\/wp\/v2\/product_cat?post=6595"},{"taxonomy":"product_tag","embeddable":true,"href":"https:\/\/akademy.k-dental.fr\/pt-pt\/wp-json\/wp\/v2\/product_tag?post=6595"}],"curies":[{"name":"wp","href":"https:\/\/api.w.org\/{rel}","templated":true}]}}