{"id":6602,"date":"2025-09-03T18:28:58","date_gmt":"2025-09-03T18:28:58","guid":{"rendered":"https:\/\/akademy.k-dental.fr\/product\/kit-anatomia-e-histologia-ufp\/"},"modified":"2025-09-03T18:28:58","modified_gmt":"2025-09-03T18:28:58","slug":"kit-anatomia-e-histologia-ufp","status":"publish","type":"product","link":"https:\/\/akademy.k-dental.fr\/pt-pt\/produto\/kit-anatomia-e-histologia-ufp\/","title":{"rendered":"Kit Anatomia e Histologia &#8211; UFP"},"content":{"rendered":"","protected":false},"excerpt":{"rendered":"<p data-start=\"77\" data-end=\"145\"><strong data-start=\"77\" data-end=\"143\">Melhore a sua educa\u00e7\u00e3o dent\u00e1ria com o nosso Kit de Escultura Completo!<\/strong><\/p>\n<p data-start=\"147\" data-end=\"382\">Este pacote com tudo inclu\u00eddo foi especialmente concebido para estudantes de medicina dent\u00e1ria, fornecendo-lhe ferramentas essenciais para se destacar nas suas aulas de Anatomia e Histologia. Eleve a sua experi\u00eancia de aprendizagem e domine o seu of\u00edcio com este kit abrangente. <\/p>\n<p data-start=\"384\" data-end=\"536\"><img loading=\"lazy\" decoding=\"async\" class=\" wd-lazy-fade alignnone wp-image-4929\" src=\"https:\/\/akademy.k-dental.fr\/wp-content\/themes\/woodmart\/images\/lazy.svg\" data-src=\"https:\/\/akademy.k-dental.fr\/wp-content\/uploads\/2025\/09\/vg-extra-bonus.png\" alt=\"\" width=\"86\" height=\"43\" srcset=\"\" data-srcset=\"https:\/\/i0.wp.com\/akademy.k-dental.fr\/wp-content\/uploads\/2025\/09\/vg-extra-bonus.png?w=240&amp;ssl=1 240w, https:\/\/i0.wp.com\/akademy.k-dental.fr\/wp-content\/uploads\/2025\/09\/vg-extra-bonus.png?resize=150%2C75&amp;ssl=1 150w\" sizes=\"auto, (max-width: 86px) 100vw, 86px\" \/><\/p>\n<p data-start=\"384\" data-end=\"536\">Tamb\u00e9m receber\u00e1 gratuitamente uma <strong data-start=\"418\" data-end=\"466\">escova de dentes, uma r\u00e9gua de pl\u00e1stico e babadores dent\u00e1rios<\/strong>, tornando este kit ainda mais pr\u00e1tico para as suas necessidades di\u00e1rias de treino.<\/p>\n","protected":false},"featured_media":4924,"comment_status":"open","ping_status":"closed","template":"","meta":[],"product_brand":[],"product_cat":[193,197,131],"product_tag":[],"class_list":{"0":"post-6602","1":"product","2":"type-product","3":"status-publish","4":"has-post-thumbnail","6":"product_cat-2-ufp-pt-pt","7":"product_cat-academic-kits-pt-pt","8":"product_cat-faculdade-de-medicina-dentaria-da-universidade-fernando-pessoa","9":"pa_faculty-ufp-pt-pt","11":"first","12":"instock","13":"virtual","14":"purchasable","15":"product-type-bundle"},"bundled_by":[],"bundle_stock_status":"instock","bundle_stock_quantity":6,"bundle_virtual":false,"bundle_layout":"default","bundle_add_to_cart_form_location":"default","bundle_editable_in_cart":false,"bundle_sold_individually_context":"product","bundle_item_grouping":"parent","bundle_min_size":"","bundle_max_size":"","bundle_price":{"price":{"min":{"incl_tax":"42","excl_tax":"42"},"max":{"incl_tax":"51","excl_tax":"51"}},"regular_price":{"min":{"incl_tax":"42","excl_tax":"42"},"max":{"incl_tax":"51","excl_tax":"51"}}},"bundled_items":[{"bundled_item_id":1354,"product_id":6079,"menu_order":0,"quantity_min":1,"quantity_max":1,"quantity_default":1,"priced_individually":true,"shipped_individually":false,"override_title":false,"title":"P.K Tom\u00e1s 1","override_description":false,"description":"P.K Tom\u00e1s 1","optional":false,"hide_thumbnail":false,"discount":"","override_variations":false,"allowed_variations":[""],"override_default_variation_attributes":false,"default_variation_attributes":[],"single_product_visibility":"hidden","cart_visibility":"hidden","order_visibility":"hidden","single_product_price_visibility":"visible","cart_price_visibility":"visible","order_price_visibility":"visible","stock_status":"in_stock"},{"bundled_item_id":1355,"product_id":6085,"menu_order":1,"quantity_min":1,"quantity_max":1,"quantity_default":1,"priced_individually":true,"shipped_individually":false,"override_title":false,"title":"P.K Tom\u00e1s 2","override_description":false,"description":"P.K Tom\u00e1s 2","optional":false,"hide_thumbnail":false,"discount":"","override_variations":false,"allowed_variations":[""],"override_default_variation_attributes":false,"default_variation_attributes":[],"single_product_visibility":"hidden","cart_visibility":"hidden","order_visibility":"hidden","single_product_price_visibility":"visible","cart_price_visibility":"visible","order_price_visibility":"visible","stock_status":"in_stock"},{"bundled_item_id":1356,"product_id":6089,"menu_order":2,"quantity_min":1,"quantity_max":1,"quantity_default":1,"priced_individually":true,"shipped_individually":false,"override_title":false,"title":"P.K Thomas 3","override_description":false,"description":"P.K Thomas 3","optional":false,"hide_thumbnail":false,"discount":"","override_variations":false,"allowed_variations":[""],"override_default_variation_attributes":false,"default_variation_attributes":[],"single_product_visibility":"hidden","cart_visibility":"hidden","order_visibility":"hidden","single_product_price_visibility":"visible","cart_price_visibility":"visible","order_price_visibility":"visible","stock_status":"in_stock"},{"bundled_item_id":1357,"product_id":6088,"menu_order":3,"quantity_min":1,"quantity_max":1,"quantity_default":1,"priced_individually":true,"shipped_individually":false,"override_title":false,"title":"P.K Thomas 4","override_description":false,"description":"P.K Thomas 4","optional":false,"hide_thumbnail":false,"discount":"","override_variations":false,"allowed_variations":[""],"override_default_variation_attributes":false,"default_variation_attributes":[],"single_product_visibility":"hidden","cart_visibility":"hidden","order_visibility":"hidden","single_product_price_visibility":"visible","cart_price_visibility":"visible","order_price_visibility":"visible","stock_status":"in_stock"},{"bundled_item_id":1358,"product_id":6084,"menu_order":4,"quantity_min":1,"quantity_max":1,"quantity_default":1,"priced_individually":true,"shipped_individually":false,"override_title":false,"title":"P.K Tom\u00e1s 5","override_description":false,"description":"P.K Tom\u00e1s 5","optional":false,"hide_thumbnail":false,"discount":"","override_variations":false,"allowed_variations":[""],"override_default_variation_attributes":false,"default_variation_attributes":[],"single_product_visibility":"hidden","cart_visibility":"hidden","order_visibility":"hidden","single_product_price_visibility":"visible","cart_price_visibility":"visible","order_price_visibility":"visible","stock_status":"in_stock"},{"bundled_item_id":1359,"product_id":6062,"menu_order":5,"quantity_min":1,"quantity_max":1,"quantity_default":1,"priced_individually":true,"shipped_individually":false,"override_title":false,"title":"Faca de gesso &#8211; gritman","override_description":false,"description":"Faca de gesso &#8211; gritman","optional":false,"hide_thumbnail":false,"discount":"","override_variations":false,"allowed_variations":[""],"override_default_variation_attributes":false,"default_variation_attributes":[],"single_product_visibility":"hidden","cart_visibility":"hidden","order_visibility":"hidden","single_product_price_visibility":"visible","cart_price_visibility":"visible","order_price_visibility":"visible","stock_status":"in_stock"},{"bundled_item_id":1360,"product_id":6013,"menu_order":6,"quantity_min":1,"quantity_max":1,"quantity_default":1,"priced_individually":true,"shipped_individually":false,"override_title":false,"title":"Faca de cera &#8211; Fahnenstock","override_description":false,"description":"Faca de cera &#8211; Fahnenstock","optional":false,"hide_thumbnail":false,"discount":"","override_variations":false,"allowed_variations":[""],"override_default_variation_attributes":false,"default_variation_attributes":[],"single_product_visibility":"hidden","cart_visibility":"hidden","order_visibility":"hidden","single_product_price_visibility":"visible","cart_price_visibility":"visible","order_price_visibility":"visible","stock_status":"in_stock"},{"bundled_item_id":1361,"product_id":6097,"menu_order":7,"quantity_min":1,"quantity_max":1,"quantity_default":1,"priced_individually":true,"shipped_individually":false,"override_title":false,"title":"Escova de dentes","override_description":false,"description":"Escova de dentes","optional":false,"hide_thumbnail":false,"discount":"","override_variations":false,"allowed_variations":[""],"override_default_variation_attributes":false,"default_variation_attributes":[],"single_product_visibility":"hidden","cart_visibility":"hidden","order_visibility":"hidden","single_product_price_visibility":"visible","cart_price_visibility":"visible","order_price_visibility":"visible","stock_status":"in_stock"},{"bundled_item_id":1362,"product_id":6095,"menu_order":8,"quantity_min":1,"quantity_max":1,"quantity_default":1,"priced_individually":true,"shipped_individually":false,"override_title":false,"title":"Lecron","override_description":false,"description":"Lecron","optional":false,"hide_thumbnail":false,"discount":"","override_variations":false,"allowed_variations":[""],"override_default_variation_attributes":false,"default_variation_attributes":[],"single_product_visibility":"hidden","cart_visibility":"hidden","order_visibility":"hidden","single_product_price_visibility":"visible","cart_price_visibility":"visible","order_price_visibility":"visible","stock_status":"in_stock"},{"bundled_item_id":1363,"product_id":6094,"menu_order":9,"quantity_min":1,"quantity_max":1,"quantity_default":1,"priced_individually":true,"shipped_individually":false,"override_title":false,"title":"R\u00e9gua de pl\u00e1stico","override_description":false,"description":"R\u00e9gua de pl\u00e1stico","optional":false,"hide_thumbnail":false,"discount":"","override_variations":false,"allowed_variations":[""],"override_default_variation_attributes":false,"default_variation_attributes":[],"single_product_visibility":"hidden","cart_visibility":"hidden","order_visibility":"hidden","single_product_price_visibility":"visible","cart_price_visibility":"visible","order_price_visibility":"visible","stock_status":"in_stock"},{"bundled_item_id":1364,"product_id":6091,"menu_order":10,"quantity_min":0,"quantity_max":3,"quantity_default":1,"priced_individually":true,"shipped_individually":false,"override_title":false,"title":"Sab\u00e3o Clarim","override_description":false,"description":"Sab\u00e3o Clarim","optional":false,"hide_thumbnail":false,"discount":"","override_variations":false,"allowed_variations":[""],"override_default_variation_attributes":false,"default_variation_attributes":[],"single_product_visibility":"visible","cart_visibility":"visible","order_visibility":"visible","single_product_price_visibility":"visible","cart_price_visibility":"visible","order_price_visibility":"visible","stock_status":"in_stock"},{"bundled_item_id":1365,"product_id":6202,"menu_order":11,"quantity_min":1,"quantity_max":1,"quantity_default":1,"priced_individually":true,"shipped_individually":false,"override_title":false,"title":"Bolsa para instrumentos","override_description":false,"description":"Bolsa para instrumentos","optional":false,"hide_thumbnail":false,"discount":"","override_variations":false,"allowed_variations":[""],"override_default_variation_attributes":true,"default_variation_attributes":[{"id":1,"name":"Color","option":"green-pt-pt"}],"single_product_visibility":"visible","cart_visibility":"visible","order_visibility":"visible","single_product_price_visibility":"hidden","cart_price_visibility":"hidden","order_price_visibility":"hidden","stock_status":"in_stock"}],"bundle_sell_ids":[],"supplier_id":null,"supplier_sku":"","barcode":null,"atum_controlled":true,"out_stock_date":"2025-09-28 12:00:17","out_stock_threshold":null,"inheritable":true,"inbound_stock":0,"stock_on_hold":0,"sold_today":0,"sales_last_days":0,"reserved_stock":0,"customer_returns":0,"warehouse_damage":0,"lost_in_post":0,"other_logs":0,"out_stock_days":224,"lost_sales":0,"has_location":false,"update_date":"2026-05-11T01:00:21","atum_locations":[],"atum_stock_status":"instock","restock_status":false,"low_stock_amount":"","sales_update_date":"2026-05-11T01:00:21","calc_backorders":null,"jetpack_sharing_enabled":true,"_links":{"self":[{"href":"https:\/\/akademy.k-dental.fr\/pt-pt\/wp-json\/wp\/v2\/product\/6602","targetHints":{"allow":["GET"]}}],"collection":[{"href":"https:\/\/akademy.k-dental.fr\/pt-pt\/wp-json\/wp\/v2\/product"}],"about":[{"href":"https:\/\/akademy.k-dental.fr\/pt-pt\/wp-json\/wp\/v2\/types\/product"}],"replies":[{"embeddable":true,"href":"https:\/\/akademy.k-dental.fr\/pt-pt\/wp-json\/wp\/v2\/comments?post=6602"}],"wp:featuredmedia":[{"embeddable":true,"href":"https:\/\/akademy.k-dental.fr\/pt-pt\/wp-json\/wp\/v2\/media\/4924"}],"wp:attachment":[{"href":"https:\/\/akademy.k-dental.fr\/pt-pt\/wp-json\/wp\/v2\/media?parent=6602"}],"wp:term":[{"taxonomy":"product_brand","embeddable":true,"href":"https:\/\/akademy.k-dental.fr\/pt-pt\/wp-json\/wp\/v2\/product_brand?post=6602"},{"taxonomy":"product_cat","embeddable":true,"href":"https:\/\/akademy.k-dental.fr\/pt-pt\/wp-json\/wp\/v2\/product_cat?post=6602"},{"taxonomy":"product_tag","embeddable":true,"href":"https:\/\/akademy.k-dental.fr\/pt-pt\/wp-json\/wp\/v2\/product_tag?post=6602"}],"curies":[{"name":"wp","href":"https:\/\/api.w.org\/{rel}","templated":true}]}}