{"id":7434,"date":"2025-09-03T18:28:37","date_gmt":"2025-09-03T18:28:37","guid":{"rendered":"https:\/\/akademy.k-dental.fr\/product\/endodontia-1-kit-ufp\/"},"modified":"2026-02-01T13:46:40","modified_gmt":"2026-02-01T13:46:40","slug":"endodontia-1-kit-ufp","status":"publish","type":"product","link":"https:\/\/akademy.k-dental.fr\/pt-pt\/produto\/endodontia-1-kit-ufp\/","title":{"rendered":"Endodontia 1 Kit &#8211; UFP"},"content":{"rendered":"","protected":false},"excerpt":{"rendered":"<p>Conjunto completo para Endodontia 1, com base na lista da UFP 2025\/2026.<br \/>\nInclui a mala de transporte.<br \/>\n<strong>N\u00e3o inclui<\/strong> a lamparina (\u00e1lcool), a esp\u00e1tula de cimento nem a turbina, que normalmente j\u00e1 foram adquiridas nas aulas anteriores.<\/p>\n","protected":false},"featured_media":3771,"comment_status":"open","ping_status":"closed","template":"","meta":[],"product_brand":[],"product_cat":[189,131],"product_tag":[],"class_list":{"0":"post-7434","1":"product","2":"type-product","3":"status-publish","4":"has-post-thumbnail","6":"product_cat-3-ufp-pt-pt","7":"product_cat-faculdade-de-medicina-dentaria-da-universidade-fernando-pessoa","9":"first","10":"instock","11":"sale","12":"virtual","13":"purchasable","14":"product-type-bundle"},"bundled_by":[],"bundle_stock_status":"instock","bundle_stock_quantity":21,"bundle_virtual":false,"bundle_layout":"default","bundle_add_to_cart_form_location":"default","bundle_editable_in_cart":false,"bundle_sold_individually_context":"product","bundle_item_grouping":"parent","bundle_min_size":"","bundle_max_size":"","bundle_price":{"price":{"min":{"incl_tax":"179","excl_tax":"179"},"max":{"incl_tax":"199","excl_tax":"199"}},"regular_price":{"min":{"incl_tax":"245","excl_tax":"245"},"max":{"incl_tax":"265","excl_tax":"265"}}},"bundled_items":[{"bundled_item_id":1916,"product_id":6144,"menu_order":0,"quantity_min":1,"quantity_max":1,"quantity_default":1,"priced_individually":false,"shipped_individually":false,"override_title":false,"title":"Silic&#8217;Hold &#8211; Bur Holder","override_description":false,"description":"Silic&#8217;Hold &#8211; Bur Holder","optional":false,"hide_thumbnail":false,"discount":"","override_variations":true,"allowed_variations":[6155],"override_default_variation_attributes":true,"default_variation_attributes":[{"id":12,"name":"Slots","option":"endodontia-ufp-pt-pt"}],"single_product_visibility":"hidden","cart_visibility":"hidden","order_visibility":"hidden","single_product_price_visibility":"visible","cart_price_visibility":"visible","order_price_visibility":"visible","stock_status":"in_stock"},{"bundled_item_id":1920,"product_id":6574,"menu_order":1,"quantity_min":1,"quantity_max":1,"quantity_default":1,"priced_individually":false,"shipped_individually":false,"override_title":false,"title":"Sonda Endod\u00f4ntica","override_description":false,"description":"Sonda Endod\u00f4ntica","optional":false,"hide_thumbnail":false,"discount":"","override_variations":false,"allowed_variations":[3726],"override_default_variation_attributes":true,"default_variation_attributes":[{"id":1,"name":"Color","option":"regular-pt-pt"}],"single_product_visibility":"hidden","cart_visibility":"hidden","order_visibility":"hidden","single_product_price_visibility":"visible","cart_price_visibility":"visible","order_price_visibility":"visible","stock_status":"in_stock"},{"bundled_item_id":1921,"product_id":6129,"menu_order":2,"quantity_min":1,"quantity_max":1,"quantity_default":1,"priced_individually":false,"shipped_individually":false,"override_title":false,"title":"Suporte de arquivo endod\u00f4ntico","override_description":false,"description":"Suporte de arquivo endod\u00f4ntico","optional":false,"hide_thumbnail":false,"discount":"","override_variations":false,"allowed_variations":[""],"override_default_variation_attributes":true,"default_variation_attributes":[{"id":1,"name":"Color","option":"blue-pt-pt"}],"single_product_visibility":"visible","cart_visibility":"visible","order_visibility":"visible","single_product_price_visibility":"visible","cart_price_visibility":"visible","order_price_visibility":"visible","stock_status":"in_stock"},{"bundled_item_id":1922,"product_id":6117,"menu_order":3,"quantity_min":1,"quantity_max":1,"quantity_default":1,"priced_individually":false,"shipped_individually":false,"override_title":false,"title":"Condensador Gutta","override_description":false,"description":"Condensador Gutta","optional":false,"hide_thumbnail":false,"discount":"","override_variations":false,"allowed_variations":[3744],"override_default_variation_attributes":true,"default_variation_attributes":[{"id":1,"name":"Color","option":"blue-pt-pt"}],"single_product_visibility":"hidden","cart_visibility":"hidden","order_visibility":"hidden","single_product_price_visibility":"visible","cart_price_visibility":"visible","order_price_visibility":"visible","stock_status":"in_stock"},{"bundled_item_id":1923,"product_id":6537,"menu_order":4,"quantity_min":1,"quantity_max":1,"quantity_default":1,"priced_individually":false,"shipped_individually":false,"override_title":false,"title":"Bola Burnisher 1.2 &amp; 1.9","override_description":false,"description":"Bola Burnisher 1.2 &amp; 1.9","optional":false,"hide_thumbnail":false,"discount":"","override_variations":true,"allowed_variations":[6540],"override_default_variation_attributes":true,"default_variation_attributes":[],"single_product_visibility":"hidden","cart_visibility":"hidden","order_visibility":"hidden","single_product_price_visibility":"visible","cart_price_visibility":"visible","order_price_visibility":"visible","stock_status":"in_stock"},{"bundled_item_id":1934,"product_id":6163,"menu_order":5,"quantity_min":1,"quantity_max":1,"quantity_default":1,"priced_individually":false,"shipped_individually":false,"override_title":false,"title":"Broca Diamantada Esferica 801","override_description":false,"description":"Broca Diamantada Esferica 801","optional":false,"hide_thumbnail":false,"discount":"","override_variations":false,"allowed_variations":[4426],"override_default_variation_attributes":true,"default_variation_attributes":[{"id":11,"name":"Grit","option":"m-pt-pt"},{"id":13,"name":"Diameter","option":"ln-016-pt-pt"}],"single_product_visibility":"hidden","cart_visibility":"hidden","order_visibility":"hidden","single_product_price_visibility":"visible","cart_price_visibility":"visible","order_price_visibility":"visible","stock_status":"in_stock"},{"bundled_item_id":1933,"product_id":6163,"menu_order":6,"quantity_min":1,"quantity_max":1,"quantity_default":1,"priced_individually":false,"shipped_individually":false,"override_title":false,"title":"Broca Diamantada Esferica 801","override_description":false,"description":"Broca Diamantada Esferica 801","optional":false,"hide_thumbnail":false,"discount":"","override_variations":false,"allowed_variations":[4425],"override_default_variation_attributes":true,"default_variation_attributes":[{"id":11,"name":"Grit","option":"m-pt-pt"},{"id":13,"name":"Diameter","option":"ln-014-pt-pt"}],"single_product_visibility":"hidden","cart_visibility":"hidden","order_visibility":"hidden","single_product_price_visibility":"visible","cart_price_visibility":"visible","order_price_visibility":"visible","stock_status":"in_stock"},{"bundled_item_id":1932,"product_id":6163,"menu_order":7,"quantity_min":1,"quantity_max":1,"quantity_default":1,"priced_individually":false,"shipped_individually":false,"override_title":false,"title":"Broca Diamantada Esferica 801","override_description":false,"description":"Broca Diamantada Esferica 801","optional":false,"hide_thumbnail":false,"discount":"","override_variations":false,"allowed_variations":[4424],"override_default_variation_attributes":true,"default_variation_attributes":[{"id":11,"name":"Grit","option":"m-pt-pt"},{"id":13,"name":"Diameter","option":"ln-012-pt-pt"}],"single_product_visibility":"hidden","cart_visibility":"hidden","order_visibility":"hidden","single_product_price_visibility":"visible","cart_price_visibility":"visible","order_price_visibility":"visible","stock_status":"in_stock"},{"bundled_item_id":1935,"product_id":6035,"menu_order":8,"quantity_min":1,"quantity_max":1,"quantity_default":1,"priced_individually":false,"shipped_individually":false,"override_title":false,"title":"Pin\u00e7a de filme de raio X","override_description":false,"description":"Pin\u00e7a de filme de raio X","optional":false,"hide_thumbnail":false,"discount":"","override_variations":false,"allowed_variations":[""],"override_default_variation_attributes":false,"default_variation_attributes":[],"single_product_visibility":"hidden","cart_visibility":"hidden","order_visibility":"hidden","single_product_price_visibility":"visible","cart_price_visibility":"visible","order_price_visibility":"visible","stock_status":"in_stock"},{"bundled_item_id":1936,"product_id":6075,"menu_order":9,"quantity_min":4,"quantity_max":4,"quantity_default":4,"priced_individually":false,"shipped_individually":false,"override_title":false,"title":"Suporte para filme de raio X (6 bolsos)","override_description":false,"description":"Suporte para filme de raio X (6 bolsos)","optional":false,"hide_thumbnail":false,"discount":"","override_variations":false,"allowed_variations":[""],"override_default_variation_attributes":false,"default_variation_attributes":[],"single_product_visibility":"hidden","cart_visibility":"hidden","order_visibility":"hidden","single_product_price_visibility":"visible","cart_price_visibility":"visible","order_price_visibility":"visible","stock_status":"in_stock"},{"bundled_item_id":1940,"product_id":6568,"menu_order":10,"quantity_min":1,"quantity_max":1,"quantity_default":1,"priced_individually":false,"shipped_individually":false,"override_title":false,"title":"Dente Endod\u00f4ntico","override_description":false,"description":"Dente Endod\u00f4ntico","optional":false,"hide_thumbnail":false,"discount":"","override_variations":true,"allowed_variations":[6573],"override_default_variation_attributes":true,"default_variation_attributes":[{"id":6,"name":"Tooth Number","option":"34-pt-pt"}],"single_product_visibility":"visible","cart_visibility":"visible","order_visibility":"visible","single_product_price_visibility":"visible","cart_price_visibility":"visible","order_price_visibility":"visible","stock_status":"in_stock"},{"bundled_item_id":1939,"product_id":6568,"menu_order":11,"quantity_min":1,"quantity_max":1,"quantity_default":1,"priced_individually":false,"shipped_individually":false,"override_title":false,"title":"Dente Endod\u00f4ntico","override_description":false,"description":"Dente Endod\u00f4ntico","optional":false,"hide_thumbnail":false,"discount":"","override_variations":true,"allowed_variations":[6572],"override_default_variation_attributes":true,"default_variation_attributes":[{"id":6,"name":"Tooth Number","option":"33-pt-pt"}],"single_product_visibility":"visible","cart_visibility":"visible","order_visibility":"visible","single_product_price_visibility":"visible","cart_price_visibility":"visible","order_price_visibility":"visible","stock_status":"in_stock"},{"bundled_item_id":1938,"product_id":6568,"menu_order":12,"quantity_min":1,"quantity_max":1,"quantity_default":1,"priced_individually":false,"shipped_individually":false,"override_title":false,"title":"Dente Endod\u00f4ntico","override_description":false,"description":"Dente Endod\u00f4ntico","optional":false,"hide_thumbnail":false,"discount":"","override_variations":true,"allowed_variations":[6571],"override_default_variation_attributes":true,"default_variation_attributes":[{"id":6,"name":"Tooth Number","option":"24-pt-pt"}],"single_product_visibility":"visible","cart_visibility":"visible","order_visibility":"visible","single_product_price_visibility":"visible","cart_price_visibility":"visible","order_price_visibility":"visible","stock_status":"in_stock"},{"bundled_item_id":1937,"product_id":6568,"menu_order":13,"quantity_min":1,"quantity_max":1,"quantity_default":1,"priced_individually":false,"shipped_individually":false,"override_title":false,"title":"Dente Endod\u00f4ntico","override_description":false,"description":"Dente Endod\u00f4ntico","optional":false,"hide_thumbnail":false,"discount":"","override_variations":true,"allowed_variations":[6570],"override_default_variation_attributes":true,"default_variation_attributes":[{"id":6,"name":"Tooth Number","option":"21-pt-pt"}],"single_product_visibility":"visible","cart_visibility":"visible","order_visibility":"visible","single_product_price_visibility":"visible","cart_price_visibility":"visible","order_price_visibility":"visible","stock_status":"in_stock"},{"bundled_item_id":1941,"product_id":6068,"menu_order":14,"quantity_min":1,"quantity_max":5,"quantity_default":1,"priced_individually":true,"shipped_individually":false,"override_title":false,"title":"Pel\u00edculas Rx Intraoral Ultra Speed x10","override_description":false,"description":"Pel\u00edculas Rx Intraoral Ultra Speed x10","optional":false,"hide_thumbnail":false,"discount":"","override_variations":false,"allowed_variations":[""],"override_default_variation_attributes":false,"default_variation_attributes":[],"single_product_visibility":"visible","cart_visibility":"visible","order_visibility":"visible","single_product_price_visibility":"visible","cart_price_visibility":"visible","order_price_visibility":"visible","stock_status":"in_stock"},{"bundled_item_id":1942,"product_id":6059,"menu_order":15,"quantity_min":1,"quantity_max":1,"quantity_default":1,"priced_individually":false,"shipped_individually":false,"override_title":false,"title":"Pl\u00e1stico de caixa m\u00e9dia","override_description":false,"description":"Pl\u00e1stico de caixa m\u00e9dia","optional":false,"hide_thumbnail":false,"discount":"","override_variations":false,"allowed_variations":[""],"override_default_variation_attributes":false,"default_variation_attributes":[],"single_product_visibility":"hidden","cart_visibility":"hidden","order_visibility":"hidden","single_product_price_visibility":"visible","cart_price_visibility":"visible","order_price_visibility":"visible","stock_status":"in_stock"},{"bundled_item_id":1943,"product_id":6023,"menu_order":16,"quantity_min":1,"quantity_max":1,"quantity_default":1,"priced_individually":false,"shipped_individually":false,"override_title":false,"title":"Espalhador ABCD","override_description":false,"description":"Espalhador ABCD","optional":false,"hide_thumbnail":false,"discount":"","override_variations":false,"allowed_variations":[""],"override_default_variation_attributes":false,"default_variation_attributes":[],"single_product_visibility":"hidden","cart_visibility":"hidden","order_visibility":"hidden","single_product_price_visibility":"visible","cart_price_visibility":"visible","order_price_visibility":"visible","stock_status":"in_stock"},{"bundled_item_id":1944,"product_id":6069,"menu_order":17,"quantity_min":1,"quantity_max":1,"quantity_default":1,"priced_individually":false,"shipped_individually":false,"override_title":false,"title":"Endo Z","override_description":false,"description":"Endo Z","optional":false,"hide_thumbnail":false,"discount":"","override_variations":false,"allowed_variations":[""],"override_default_variation_attributes":false,"default_variation_attributes":[],"single_product_visibility":"hidden","cart_visibility":"hidden","order_visibility":"hidden","single_product_price_visibility":"visible","cart_price_visibility":"visible","order_price_visibility":"visible","stock_status":"in_stock"},{"bundled_item_id":1945,"product_id":6034,"menu_order":18,"quantity_min":1,"quantity_max":1,"quantity_default":1,"priced_individually":false,"shipped_individually":false,"override_title":false,"title":"Pin\u00e7a Guta","override_description":false,"description":"Pin\u00e7a Guta","optional":false,"hide_thumbnail":false,"discount":"","override_variations":false,"allowed_variations":[""],"override_default_variation_attributes":false,"default_variation_attributes":[],"single_product_visibility":"hidden","cart_visibility":"hidden","order_visibility":"hidden","single_product_price_visibility":"visible","cart_price_visibility":"visible","order_price_visibility":"visible","stock_status":"in_stock"},{"bundled_item_id":1946,"product_id":6073,"menu_order":19,"quantity_min":1,"quantity_max":1,"quantity_default":1,"priced_individually":false,"shipped_individually":false,"override_title":false,"title":"Paragem de silicone","override_description":false,"description":"Paragem de silicone","optional":false,"hide_thumbnail":false,"discount":"","override_variations":false,"allowed_variations":[""],"override_default_variation_attributes":false,"default_variation_attributes":[],"single_product_visibility":"hidden","cart_visibility":"hidden","order_visibility":"hidden","single_product_price_visibility":"visible","cart_price_visibility":"visible","order_price_visibility":"visible","stock_status":"in_stock"},{"bundled_item_id":1947,"product_id":6072,"menu_order":20,"quantity_min":1,"quantity_max":1,"quantity_default":1,"priced_individually":false,"shipped_individually":false,"override_title":false,"title":"Seringa 10ml Luer Lock","override_description":false,"description":"Seringa 10ml Luer Lock","optional":false,"hide_thumbnail":false,"discount":"","override_variations":false,"allowed_variations":[""],"override_default_variation_attributes":false,"default_variation_attributes":[],"single_product_visibility":"hidden","cart_visibility":"hidden","order_visibility":"hidden","single_product_price_visibility":"visible","cart_price_visibility":"visible","order_price_visibility":"visible","stock_status":"in_stock"},{"bundled_item_id":1948,"product_id":6029,"menu_order":21,"quantity_min":1,"quantity_max":1,"quantity_default":1,"priced_individually":false,"shipped_individually":false,"override_title":false,"title":"Agulha 27g Amarelo","override_description":false,"description":"Agulha 27g Amarelo","optional":false,"hide_thumbnail":false,"discount":"","override_variations":false,"allowed_variations":[""],"override_default_variation_attributes":false,"default_variation_attributes":[],"single_product_visibility":"hidden","cart_visibility":"hidden","order_visibility":"hidden","single_product_price_visibility":"visible","cart_price_visibility":"visible","order_price_visibility":"visible","stock_status":"in_stock"},{"bundled_item_id":2405,"product_id":6063,"menu_order":22,"quantity_min":1,"quantity_max":1,"quantity_default":1,"priced_individually":false,"shipped_individually":false,"override_title":false,"title":"Regua Endodontica","override_description":false,"description":"Regua Endodontica","optional":false,"hide_thumbnail":false,"discount":"","override_variations":false,"allowed_variations":[""],"override_default_variation_attributes":false,"default_variation_attributes":[],"single_product_visibility":"hidden","cart_visibility":"hidden","order_visibility":"hidden","single_product_price_visibility":"visible","cart_price_visibility":"visible","order_price_visibility":"visible","stock_status":"in_stock"}],"bundle_sell_ids":[],"supplier_id":null,"supplier_sku":"","barcode":null,"atum_controlled":true,"out_stock_date":null,"out_stock_threshold":null,"inheritable":true,"inbound_stock":0,"stock_on_hold":0,"sold_today":0,"sales_last_days":0,"reserved_stock":0,"customer_returns":0,"warehouse_damage":0,"lost_in_post":0,"other_logs":0,"out_stock_days":0,"lost_sales":0,"has_location":false,"update_date":"2026-05-14T01:01:11","atum_locations":[],"atum_stock_status":"instock","restock_status":false,"low_stock_amount":"","sales_update_date":"2026-05-14T01:01:11","calc_backorders":null,"jetpack_sharing_enabled":true,"_links":{"self":[{"href":"https:\/\/akademy.k-dental.fr\/pt-pt\/wp-json\/wp\/v2\/product\/7434","targetHints":{"allow":["GET"]}}],"collection":[{"href":"https:\/\/akademy.k-dental.fr\/pt-pt\/wp-json\/wp\/v2\/product"}],"about":[{"href":"https:\/\/akademy.k-dental.fr\/pt-pt\/wp-json\/wp\/v2\/types\/product"}],"replies":[{"embeddable":true,"href":"https:\/\/akademy.k-dental.fr\/pt-pt\/wp-json\/wp\/v2\/comments?post=7434"}],"wp:featuredmedia":[{"embeddable":true,"href":"https:\/\/akademy.k-dental.fr\/pt-pt\/wp-json\/wp\/v2\/media\/3771"}],"wp:attachment":[{"href":"https:\/\/akademy.k-dental.fr\/pt-pt\/wp-json\/wp\/v2\/media?parent=7434"}],"wp:term":[{"taxonomy":"product_brand","embeddable":true,"href":"https:\/\/akademy.k-dental.fr\/pt-pt\/wp-json\/wp\/v2\/product_brand?post=7434"},{"taxonomy":"product_cat","embeddable":true,"href":"https:\/\/akademy.k-dental.fr\/pt-pt\/wp-json\/wp\/v2\/product_cat?post=7434"},{"taxonomy":"product_tag","embeddable":true,"href":"https:\/\/akademy.k-dental.fr\/pt-pt\/wp-json\/wp\/v2\/product_tag?post=7434"}],"curies":[{"name":"wp","href":"https:\/\/api.w.org\/{rel}","templated":true}]}}