{"id":8354,"date":"2026-02-05T15:14:43","date_gmt":"2026-02-05T15:14:43","guid":{"rendered":"https:\/\/akademy.k-dental.fr\/product\/protese-de-bundle-1\/"},"modified":"2026-02-12T13:30:26","modified_gmt":"2026-02-12T13:30:26","slug":"protese-de-bundle-1","status":"publish","type":"product","link":"https:\/\/akademy.k-dental.fr\/pt-pt\/produto\/protese-de-bundle-1\/","title":{"rendered":"Pr\u00f3tese de Bundle 1"},"content":{"rendered":"<ul>\n<li>Broqueiro Polimento Acrilico :\n<ul>\n<li>Broca polimento Verde<\/li>\n<li>Broca polimento Cinzenta<\/li>\n<li>Broca polimento amarelho<\/li>\n<li>Broca 5451.060HP<\/li>\n<li>Broca 5310.060HP<\/li>\n<li>Broca 5630.045HP<\/li>\n<\/ul>\n<\/li>\n<li>Silic&#8217;Hold &#8211; Broqueiro amerelho\n<ul>\n<li>Broca esferica 801<\/li>\n<li>Broca esferica 801<\/li>\n<li>Broca pera 239<\/li>\n<li>Broca pera 239<\/li>\n<\/ul>\n<\/li>\n<li>Calibradores decimais: boley<\/li>\n<li>Moldeiras S\/M\/L plastico 135\u00b0c (6pcs)<\/li>\n<li>Oferto :\n<ul>\n<li>Lote de l\u00e1pis colorido + cinzento<\/li>\n<\/ul>\n<\/li>\n<li>Opcional\n<ul>\n<li>Socaladores x3 (S, M, L)<\/li>\n<\/ul>\n<\/li>\n<\/ul>\n","protected":false},"excerpt":{"rendered":"<p>Comece a Pr\u00f3tese 1 com confian\u00e7a.<br \/>\nEste Pacote de Pr\u00f3tese 1 re\u00fane os instrumentos e materiais essenciais de que precisa para as suas sess\u00f5es pr\u00e1ticas, incluindo tudo o que \u00e9 necess\u00e1rio para fabricar tabuleiros de impress\u00e3o personalizados (tabuleiros individuais). Desde fresas e polidores a materiais base para modelos de estuque, \u00e9 um conjunto completo e pronto a usar, concebido para poupar tempo e garantir que est\u00e1 totalmente equipado desde o primeiro dia.<br \/>\n<strong>B\u00f3nus inclu\u00eddo gratuitamente<\/strong>: um conjunto de 6 l\u00e1pis de cor + um l\u00e1pis mec\u00e2nico, sem custo adicional.<\/p>\n","protected":false},"featured_media":8356,"comment_status":"open","ping_status":"closed","template":"","meta":[],"product_brand":[],"product_cat":[189,197,131],"product_tag":[],"class_list":{"0":"post-8354","1":"product","2":"type-product","3":"status-publish","4":"has-post-thumbnail","6":"product_cat-3-ufp-pt-pt","7":"product_cat-academic-kits-pt-pt","8":"product_cat-faculdade-de-medicina-dentaria-da-universidade-fernando-pessoa","10":"first","11":"instock","12":"sale","13":"virtual","14":"purchasable","15":"product-type-bundle"},"bundled_by":[],"bundle_stock_status":"instock","bundle_stock_quantity":19,"bundle_virtual":false,"bundle_layout":"default","bundle_add_to_cart_form_location":"default","bundle_editable_in_cart":false,"bundle_sold_individually_context":"product","bundle_item_grouping":"parent","bundle_min_size":"","bundle_max_size":"","bundle_price":{"price":{"min":{"incl_tax":"55","excl_tax":"55"},"max":{"incl_tax":"60.5","excl_tax":"60.5"}},"regular_price":{"min":{"incl_tax":"59","excl_tax":"59"},"max":{"incl_tax":"64.5","excl_tax":"64.5"}}},"bundled_items":[{"bundled_item_id":2716,"product_id":8361,"menu_order":0,"quantity_min":1,"quantity_max":1,"quantity_default":1,"priced_individually":true,"shipped_individually":false,"override_title":false,"title":"Suporte de pl\u00e1stico HP para buras","override_description":false,"description":"Suporte de pl\u00e1stico HP para buras","optional":false,"hide_thumbnail":false,"discount":"","override_variations":false,"allowed_variations":[""],"override_default_variation_attributes":false,"default_variation_attributes":[],"single_product_visibility":"hidden","cart_visibility":"hidden","order_visibility":"hidden","single_product_price_visibility":"visible","cart_price_visibility":"visible","order_price_visibility":"visible","stock_status":"in_stock"},{"bundled_item_id":2634,"product_id":8336,"menu_order":1,"quantity_min":2,"quantity_max":2,"quantity_default":2,"priced_individually":true,"shipped_individually":false,"override_title":false,"title":"Polidor acr\u00edlico #0676HP","override_description":false,"description":"Polidor acr\u00edlico #0676HP","optional":false,"hide_thumbnail":false,"discount":"20","override_variations":false,"allowed_variations":[""],"override_default_variation_attributes":false,"default_variation_attributes":[],"single_product_visibility":"hidden","cart_visibility":"hidden","order_visibility":"hidden","single_product_price_visibility":"visible","cart_price_visibility":"visible","order_price_visibility":"visible","stock_status":"in_stock"},{"bundled_item_id":2635,"product_id":8341,"menu_order":2,"quantity_min":1,"quantity_max":1,"quantity_default":1,"priced_individually":true,"shipped_individually":false,"override_title":false,"title":"Polidor acr\u00edlico #0656HP","override_description":false,"description":"Polidor acr\u00edlico #0656HP","optional":false,"hide_thumbnail":false,"discount":"20","override_variations":false,"allowed_variations":[""],"override_default_variation_attributes":false,"default_variation_attributes":[],"single_product_visibility":"hidden","cart_visibility":"hidden","order_visibility":"hidden","single_product_price_visibility":"visible","cart_price_visibility":"visible","order_price_visibility":"visible","stock_status":"in_stock"},{"bundled_item_id":2636,"product_id":8351,"menu_order":3,"quantity_min":2,"quantity_max":2,"quantity_default":2,"priced_individually":true,"shipped_individually":false,"override_title":false,"title":"Polidor acr\u00edlico #0666HP","override_description":false,"description":"Polidor acr\u00edlico #0666HP","optional":false,"hide_thumbnail":false,"discount":"20","override_variations":false,"allowed_variations":[""],"override_default_variation_attributes":false,"default_variation_attributes":[],"single_product_visibility":"hidden","cart_visibility":"hidden","order_visibility":"hidden","single_product_price_visibility":"visible","cart_price_visibility":"visible","order_price_visibility":"visible","stock_status":"in_stock"},{"bundled_item_id":2637,"product_id":6685,"menu_order":4,"quantity_min":1,"quantity_max":1,"quantity_default":1,"priced_individually":true,"shipped_individually":false,"override_title":false,"title":"5451.060HP Tungsten Bur","override_description":false,"description":"5451.060HP Tungsten Bur","optional":false,"hide_thumbnail":false,"discount":"9.09","override_variations":false,"allowed_variations":[""],"override_default_variation_attributes":false,"default_variation_attributes":[],"single_product_visibility":"hidden","cart_visibility":"hidden","order_visibility":"hidden","single_product_price_visibility":"visible","cart_price_visibility":"visible","order_price_visibility":"visible","stock_status":"in_stock"},{"bundled_item_id":2638,"product_id":6683,"menu_order":5,"quantity_min":1,"quantity_max":1,"quantity_default":1,"priced_individually":true,"shipped_individually":false,"override_title":false,"title":"5310.060HP Tungsten Bur","override_description":false,"description":"5310.060HP Tungsten Bur","optional":false,"hide_thumbnail":false,"discount":"9.09","override_variations":false,"allowed_variations":[""],"override_default_variation_attributes":false,"default_variation_attributes":[],"single_product_visibility":"hidden","cart_visibility":"hidden","order_visibility":"hidden","single_product_price_visibility":"visible","cart_price_visibility":"visible","order_price_visibility":"visible","stock_status":"in_stock"},{"bundled_item_id":2639,"product_id":6681,"menu_order":6,"quantity_min":1,"quantity_max":1,"quantity_default":1,"priced_individually":true,"shipped_individually":false,"override_title":false,"title":"5630.045HP Tungsten Bur","override_description":false,"description":"5630.045HP Tungsten Bur","optional":false,"hide_thumbnail":false,"discount":"9.09","override_variations":false,"allowed_variations":[""],"override_default_variation_attributes":false,"default_variation_attributes":[],"single_product_visibility":"hidden","cart_visibility":"hidden","order_visibility":"hidden","single_product_price_visibility":"visible","cart_price_visibility":"visible","order_price_visibility":"visible","stock_status":"in_stock"},{"bundled_item_id":2640,"product_id":6144,"menu_order":7,"quantity_min":1,"quantity_max":1,"quantity_default":1,"priced_individually":true,"shipped_individually":false,"override_title":false,"title":"Silic&#8217;Hold &#8211; Bur Holder","override_description":false,"description":"Silic&#8217;Hold &#8211; Bur Holder","optional":false,"hide_thumbnail":false,"discount":"","override_variations":true,"allowed_variations":[6156],"override_default_variation_attributes":true,"default_variation_attributes":[{"id":12,"name":"Slots","option":"prostodontia-ufp-pt-pt"}],"single_product_visibility":"hidden","cart_visibility":"hidden","order_visibility":"hidden","single_product_price_visibility":"visible","cart_price_visibility":"visible","order_price_visibility":"visible","stock_status":"in_stock"},{"bundled_item_id":2642,"product_id":6163,"menu_order":8,"quantity_min":1,"quantity_max":1,"quantity_default":1,"priced_individually":true,"shipped_individually":false,"override_title":false,"title":"Broca Diamantada Esferica 801","override_description":false,"description":"Broca Diamantada Esferica 801","optional":false,"hide_thumbnail":false,"discount":"","override_variations":true,"allowed_variations":[6711],"override_default_variation_attributes":true,"default_variation_attributes":[{"id":11,"name":"Grit","option":"m-pt-pt"},{"id":13,"name":"Diameter","option":"16-pt-pt"}],"single_product_visibility":"hidden","cart_visibility":"hidden","order_visibility":"hidden","single_product_price_visibility":"visible","cart_price_visibility":"visible","order_price_visibility":"visible","stock_status":"in_stock"},{"bundled_item_id":2641,"product_id":6163,"menu_order":8,"quantity_min":1,"quantity_max":1,"quantity_default":1,"priced_individually":true,"shipped_individually":false,"override_title":false,"title":"Broca Diamantada Esferica 801","override_description":false,"description":"Broca Diamantada Esferica 801","optional":false,"hide_thumbnail":false,"discount":"","override_variations":true,"allowed_variations":[6709],"override_default_variation_attributes":true,"default_variation_attributes":[{"id":11,"name":"Grit","option":"m-pt-pt"},{"id":13,"name":"Diameter","option":"14-pt-pt"}],"single_product_visibility":"hidden","cart_visibility":"hidden","order_visibility":"hidden","single_product_price_visibility":"visible","cart_price_visibility":"visible","order_price_visibility":"visible","stock_status":"in_stock"},{"bundled_item_id":2643,"product_id":8347,"menu_order":10,"quantity_min":1,"quantity_max":1,"quantity_default":1,"priced_individually":true,"shipped_individually":false,"override_title":false,"title":"Diamond Bur Pear 234","override_description":false,"description":"Diamond Bur Pear 234","optional":false,"hide_thumbnail":false,"discount":"","override_variations":true,"allowed_variations":[8348],"override_default_variation_attributes":true,"default_variation_attributes":[{"id":11,"name":"Grit","option":"m-pt-pt"},{"id":13,"name":"Diameter","option":"12-pt-pt"}],"single_product_visibility":"hidden","cart_visibility":"hidden","order_visibility":"hidden","single_product_price_visibility":"visible","cart_price_visibility":"visible","order_price_visibility":"visible","stock_status":"in_stock"},{"bundled_item_id":2644,"product_id":8347,"menu_order":10,"quantity_min":1,"quantity_max":1,"quantity_default":1,"priced_individually":true,"shipped_individually":false,"override_title":false,"title":"Diamond Bur Pear 234","override_description":false,"description":"Diamond Bur Pear 234","optional":false,"hide_thumbnail":false,"discount":"","override_variations":true,"allowed_variations":[8349],"override_default_variation_attributes":true,"default_variation_attributes":[{"id":11,"name":"Grit","option":"m-pt-pt"},{"id":13,"name":"Diameter","option":"14-pt-pt"}],"single_product_visibility":"hidden","cart_visibility":"hidden","order_visibility":"hidden","single_product_price_visibility":"visible","cart_price_visibility":"visible","order_price_visibility":"visible","stock_status":"in_stock"},{"bundled_item_id":2645,"product_id":8353,"menu_order":12,"quantity_min":1,"quantity_max":1,"quantity_default":1,"priced_individually":true,"shipped_individually":false,"override_title":false,"title":"Calibradores decimais: boley","override_description":false,"description":"Calibradores decimais: boley","optional":false,"hide_thumbnail":false,"discount":"","override_variations":false,"allowed_variations":[""],"override_default_variation_attributes":false,"default_variation_attributes":[],"single_product_visibility":"hidden","cart_visibility":"hidden","order_visibility":"hidden","single_product_price_visibility":"visible","cart_price_visibility":"visible","order_price_visibility":"visible","stock_status":"in_stock"},{"bundled_item_id":2717,"product_id":8357,"menu_order":13,"quantity_min":1,"quantity_max":1,"quantity_default":1,"priced_individually":true,"shipped_individually":false,"override_title":false,"title":"Feixe de l\u00e1pis colorido + cinzento","override_description":false,"description":"Feixe de l\u00e1pis colorido + cinzento","optional":false,"hide_thumbnail":false,"discount":"","override_variations":false,"allowed_variations":[""],"override_default_variation_attributes":false,"default_variation_attributes":[],"single_product_visibility":"hidden","cart_visibility":"hidden","order_visibility":"hidden","single_product_price_visibility":"visible","cart_price_visibility":"visible","order_price_visibility":"visible","stock_status":"in_stock"},{"bundled_item_id":2646,"product_id":8271,"menu_order":14,"quantity_min":1,"quantity_max":1,"quantity_default":1,"priced_individually":true,"shipped_individually":false,"override_title":false,"title":"Bandeja de impress\u00f5es Pl\u00e1stico Autoclav\u00e1vel x6","override_description":false,"description":"Bandeja de impress\u00f5es Pl\u00e1stico Autoclav\u00e1vel x6","optional":false,"hide_thumbnail":false,"discount":"","override_variations":false,"allowed_variations":[""],"override_default_variation_attributes":false,"default_variation_attributes":[],"single_product_visibility":"hidden","cart_visibility":"hidden","order_visibility":"hidden","single_product_price_visibility":"visible","cart_price_visibility":"visible","order_price_visibility":"visible","stock_status":"in_stock"},{"bundled_item_id":2647,"product_id":8342,"menu_order":15,"quantity_min":0,"quantity_max":1,"quantity_default":1,"priced_individually":true,"shipped_individually":false,"override_title":false,"title":"Socaladores x3 (S, M, L)","override_description":false,"description":"Socaladores x3 (S, M, L)","optional":false,"hide_thumbnail":false,"discount":"","override_variations":false,"allowed_variations":[""],"override_default_variation_attributes":false,"default_variation_attributes":[],"single_product_visibility":"visible","cart_visibility":"visible","order_visibility":"visible","single_product_price_visibility":"visible","cart_price_visibility":"visible","order_price_visibility":"visible","stock_status":"in_stock"}],"bundle_sell_ids":[],"supplier_id":null,"supplier_sku":"","barcode":null,"atum_controlled":true,"out_stock_date":null,"out_stock_threshold":null,"inheritable":true,"inbound_stock":0,"stock_on_hold":0,"sold_today":0,"sales_last_days":0,"reserved_stock":0,"customer_returns":0,"warehouse_damage":0,"lost_in_post":0,"other_logs":0,"out_stock_days":0,"lost_sales":0,"has_location":false,"update_date":"2026-05-11T01:00:19","atum_locations":[],"atum_stock_status":"instock","restock_status":false,"low_stock_amount":"","sales_update_date":"2026-05-11T01:00:19","calc_backorders":null,"jetpack_sharing_enabled":true,"_links":{"self":[{"href":"https:\/\/akademy.k-dental.fr\/pt-pt\/wp-json\/wp\/v2\/product\/8354","targetHints":{"allow":["GET"]}}],"collection":[{"href":"https:\/\/akademy.k-dental.fr\/pt-pt\/wp-json\/wp\/v2\/product"}],"about":[{"href":"https:\/\/akademy.k-dental.fr\/pt-pt\/wp-json\/wp\/v2\/types\/product"}],"replies":[{"embeddable":true,"href":"https:\/\/akademy.k-dental.fr\/pt-pt\/wp-json\/wp\/v2\/comments?post=8354"}],"wp:featuredmedia":[{"embeddable":true,"href":"https:\/\/akademy.k-dental.fr\/pt-pt\/wp-json\/wp\/v2\/media\/8356"}],"wp:attachment":[{"href":"https:\/\/akademy.k-dental.fr\/pt-pt\/wp-json\/wp\/v2\/media?parent=8354"}],"wp:term":[{"taxonomy":"product_brand","embeddable":true,"href":"https:\/\/akademy.k-dental.fr\/pt-pt\/wp-json\/wp\/v2\/product_brand?post=8354"},{"taxonomy":"product_cat","embeddable":true,"href":"https:\/\/akademy.k-dental.fr\/pt-pt\/wp-json\/wp\/v2\/product_cat?post=8354"},{"taxonomy":"product_tag","embeddable":true,"href":"https:\/\/akademy.k-dental.fr\/pt-pt\/wp-json\/wp\/v2\/product_tag?post=8354"}],"curies":[{"name":"wp","href":"https:\/\/api.w.org\/{rel}","templated":true}]}}